{"id":105385,"date":"2026-04-20T14:10:28","date_gmt":"2026-04-20T12:10:28","guid":{"rendered":"https:\/\/www.niskanen.fi\/verkkokauppa\/?post_type=product&#038;p=105385"},"modified":"2026-04-22T18:15:49","modified_gmt":"2026-04-22T16:15:49","slug":"halti-ersa-ii-m-leisure-vapaa-ajan-kenga","status":"publish","type":"product","link":"https:\/\/www.niskanen.fi\/verkkokauppa\/tuote\/halti-ersa-ii-m-leisure-vapaa-ajan-kenga\/","title":{"rendered":"HALTI ERSA II M LEISURE VAPAA-AJAN KENG\u00c4"},"content":{"rendered":"<p><strong>Kevyt miesten vapaa-ajan kenk\u00e4 kaupunkiin ja maastoon<\/strong><\/p>\n<div>\n<p>T\u00e4m\u00e4 eritt\u00e4in kevyt ja helppok\u00e4ytt\u00f6inen miesten vapaa-ajan kenk\u00e4 sopii monipuolisesti sek\u00e4 kaupunkik\u00e4ytt\u00f6\u00f6n ett\u00e4 kevyemp\u00e4\u00e4n maastoon. Nauhaton ja sporttinen malli on vaivaton pukea ja mukava jalassa koko p\u00e4iv\u00e4n. Joustava Phylon-v\u00e4lipohja vaimentaa askelta, ja kuminen ulkopohja tuo pitoa erilaisille alustoille. Hengitt\u00e4v\u00e4 rakenne sek\u00e4 nopeasti kuivuva, kosteutta siirt\u00e4v\u00e4 vuori pit\u00e4v\u00e4t jalat miellytt\u00e4v\u00e4n tuntuisina \u2013 my\u00f6s paljaaseen jalkaan.<\/p>\n<p><strong>Ominaisuudet:<\/strong><\/p>\n<ul>\n<li>Kevyt ja joustava Phylon-v\u00e4lipohja<\/li>\n<li>Kest\u00e4v\u00e4 kuminen ulkopohja<\/li>\n<li>Hengitt\u00e4v\u00e4 mesh-p\u00e4\u00e4llinen<\/li>\n<li>Nopeasti kuivuva, kosteutta siirt\u00e4v\u00e4 tekstiilivuori (Lycra)<\/li>\n<li>Irrotettava, muotoiltu pohjallinen<\/li>\n<li>Nauhaton, sporttinen malli<\/li>\n<\/ul>\n<p><strong>Materiaali:<\/strong><\/p>\n<ul>\n<li>P\u00e4\u00e4llinen: Tekstiili \/ PU<\/li>\n<li>Vuori: Tekstiilivuori<\/li>\n<li>Ulkopohja: Phylon \/ kumi<\/li>\n<li>Sis\u00e4pohja: Irrotettava, muotoiltu pohjallinen<\/li>\n<\/ul>\n<\/div>\n","protected":false},"excerpt":{"rendered":"<p>Kevyt miesten vapaa-ajan kenk\u00e4 kaupunkiin ja maastoon T\u00e4m\u00e4 eritt\u00e4in kevyt ja helppok\u00e4ytt\u00f6inen miesten vapaa-ajan kenk\u00e4 sopii monipuolisesti sek\u00e4 kaupunkik\u00e4ytt\u00f6\u00f6n ett\u00e4 kevyemp\u00e4\u00e4n maastoon. Nauhaton ja sporttinen malli on vaivaton pukea ja mukava jalassa koko p\u00e4iv\u00e4n. Joustava Phylon-v\u00e4lipohja vaimentaa askelta, ja kuminen ulkopohja tuo pitoa erilaisille alustoille. Hengitt\u00e4v\u00e4 rakenne sek\u00e4 nopeasti kuivuva, kosteutta siirt\u00e4v\u00e4 vuori pit\u00e4v\u00e4t jalat [&hellip;]<\/p>\n","protected":false},"featured_media":111441,"template":"","meta":[],"product_brand":[1199],"product_cat":[1251,1253,1474,15],"product_tag":[],"class_list":{"0":"post-105385","1":"product","2":"type-product","3":"status-publish","4":"has-post-thumbnail","6":"product_brand-halti","7":"product_cat-kengat","8":"product_cat-miesten-kengat","9":"product_cat-vapaa-ajankengat-low-miehet","10":"product_cat-yleinen","12":"first","13":"instock","14":"sale","15":"taxable","16":"shipping-taxable","17":"purchasable","18":"product-type-variable"},"jetpack_sharing_enabled":true,"_links":{"self":[{"href":"https:\/\/www.niskanen.fi\/verkkokauppa\/wp-json\/wp\/v2\/product\/105385","targetHints":{"allow":["GET"]}}],"collection":[{"href":"https:\/\/www.niskanen.fi\/verkkokauppa\/wp-json\/wp\/v2\/product"}],"about":[{"href":"https:\/\/www.niskanen.fi\/verkkokauppa\/wp-json\/wp\/v2\/types\/product"}],"version-history":[{"count":2,"href":"https:\/\/www.niskanen.fi\/verkkokauppa\/wp-json\/wp\/v2\/product\/105385\/revisions"}],"predecessor-version":[{"id":111447,"href":"https:\/\/www.niskanen.fi\/verkkokauppa\/wp-json\/wp\/v2\/product\/105385\/revisions\/111447"}],"wp:featuredmedia":[{"embeddable":true,"href":"https:\/\/www.niskanen.fi\/verkkokauppa\/wp-json\/wp\/v2\/media\/111441"}],"wp:attachment":[{"href":"https:\/\/www.niskanen.fi\/verkkokauppa\/wp-json\/wp\/v2\/media?parent=105385"}],"wp:term":[{"taxonomy":"product_brand","embeddable":true,"href":"https:\/\/www.niskanen.fi\/verkkokauppa\/wp-json\/wp\/v2\/product_brand?post=105385"},{"taxonomy":"product_cat","embeddable":true,"href":"https:\/\/www.niskanen.fi\/verkkokauppa\/wp-json\/wp\/v2\/product_cat?post=105385"},{"taxonomy":"product_tag","embeddable":true,"href":"https:\/\/www.niskanen.fi\/verkkokauppa\/wp-json\/wp\/v2\/product_tag?post=105385"}],"curies":[{"name":"wp","href":"https:\/\/api.w.org\/{rel}","templated":true}]}}