{"id":110737,"date":"2026-04-22T10:40:18","date_gmt":"2026-04-22T08:40:18","guid":{"rendered":"https:\/\/www.niskanen.fi\/verkkokauppa\/?post_type=product&#038;p=110737"},"modified":"2026-04-24T13:57:12","modified_gmt":"2026-04-24T11:57:12","slug":"peak-performance-fi-w-bella-tee-t-paita","status":"publish","type":"product","link":"https:\/\/www.niskanen.fi\/verkkokauppa\/tuote\/peak-performance-fi-w-bella-tee-t-paita\/","title":{"rendered":"PEAK PERFORMANCE FI W BELLA TEE T-PAITA"},"content":{"rendered":"<p>Naisten puuvillainen T\u2011paita, jossa edess\u00e4 n\u00e4ytt\u00e4v\u00e4 logoprintti.<\/p>\n<p>Pehme\u00e4 ja hengitt\u00e4v\u00e4 100 % puuvilla tekee paidasta miellytt\u00e4v\u00e4n jokap\u00e4iv\u00e4iseen k\u00e4ytt\u00f6\u00f6n. Regular\u2011mitoitus istuu rennosti ja sopii hyvin erilaisiin vartalotyyppeihin.<\/p>\n","protected":false},"excerpt":{"rendered":"<p>Naisten puuvillainen T\u2011paita, jossa edess\u00e4 n\u00e4ytt\u00e4v\u00e4 logoprintti. Pehme\u00e4 ja hengitt\u00e4v\u00e4 100 % puuvilla tekee paidasta miellytt\u00e4v\u00e4n jokap\u00e4iv\u00e4iseen k\u00e4ytt\u00f6\u00f6n. Regular\u2011mitoitus istuu rennosti ja sopii hyvin erilaisiin vartalotyyppeihin.<\/p>\n","protected":false},"featured_media":115411,"template":"","meta":[],"product_brand":[1210],"product_cat":[1255,1459,114],"product_tag":[1273,1213,2064],"class_list":{"0":"post-110737","1":"product","2":"type-product","3":"status-publish","4":"has-post-thumbnail","6":"product_brand-peak-performance","7":"product_cat-kaikki-naisten-vaatteet","8":"product_cat-naisten-paidat-ja-topit","9":"product_cat-t-paidat-naiset","10":"product_tag-naisten-paidat-ja-topit","11":"product_tag-naisten-vaatteet","12":"product_tag-peak-performance","14":"first","15":"instock","16":"sale","17":"taxable","18":"shipping-taxable","19":"purchasable","20":"product-type-variable"},"jetpack_sharing_enabled":true,"_links":{"self":[{"href":"https:\/\/www.niskanen.fi\/verkkokauppa\/wp-json\/wp\/v2\/product\/110737","targetHints":{"allow":["GET"]}}],"collection":[{"href":"https:\/\/www.niskanen.fi\/verkkokauppa\/wp-json\/wp\/v2\/product"}],"about":[{"href":"https:\/\/www.niskanen.fi\/verkkokauppa\/wp-json\/wp\/v2\/types\/product"}],"version-history":[{"count":2,"href":"https:\/\/www.niskanen.fi\/verkkokauppa\/wp-json\/wp\/v2\/product\/110737\/revisions"}],"predecessor-version":[{"id":115412,"href":"https:\/\/www.niskanen.fi\/verkkokauppa\/wp-json\/wp\/v2\/product\/110737\/revisions\/115412"}],"wp:featuredmedia":[{"embeddable":true,"href":"https:\/\/www.niskanen.fi\/verkkokauppa\/wp-json\/wp\/v2\/media\/115411"}],"wp:attachment":[{"href":"https:\/\/www.niskanen.fi\/verkkokauppa\/wp-json\/wp\/v2\/media?parent=110737"}],"wp:term":[{"taxonomy":"product_brand","embeddable":true,"href":"https:\/\/www.niskanen.fi\/verkkokauppa\/wp-json\/wp\/v2\/product_brand?post=110737"},{"taxonomy":"product_cat","embeddable":true,"href":"https:\/\/www.niskanen.fi\/verkkokauppa\/wp-json\/wp\/v2\/product_cat?post=110737"},{"taxonomy":"product_tag","embeddable":true,"href":"https:\/\/www.niskanen.fi\/verkkokauppa\/wp-json\/wp\/v2\/product_tag?post=110737"}],"curies":[{"name":"wp","href":"https:\/\/api.w.org\/{rel}","templated":true}]}}