{"id":111289,"date":"2026-04-22T13:24:42","date_gmt":"2026-04-22T11:24:42","guid":{"rendered":"https:\/\/www.niskanen.fi\/verkkokauppa\/?post_type=product&#038;p=111289"},"modified":"2026-04-30T10:36:03","modified_gmt":"2026-04-30T08:36:03","slug":"kari-traa-mija-training-shortsi","status":"publish","type":"product","link":"https:\/\/www.niskanen.fi\/verkkokauppa\/tuote\/kari-traa-mija-training-shortsi\/","title":{"rendered":"KARI TRAA MIJA TRAINING SHORTSI"},"content":{"rendered":"<p>Kari Traa Mija Training Shortsit ovat suorituskykyiset treenishortsit, joissa yhdistyv\u00e4t mukavuus, tuki ja n\u00e4ytt\u00e4v\u00e4 tyyli. Sis\u00e4\u00e4nrakennetut py\u00f6r\u00e4ilytrikoot tuovat varmuutta ja peitt\u00e4vyytt\u00e4, kun taas joustava vy\u00f6t\u00e4r\u00f6 pit\u00e4\u00e4 shortsit napakasti paikoillaan kovassakin menossa. Kirkkaat v\u00e4rit ja kontrastiompeleet erottuvat edukseen niin radalla kuin poluilla.<\/p>\n<p>Shortseissa on k\u00e4tev\u00e4 sivutasku, taiteltava helma ja heijastava logo lis\u00e4\u00e4m\u00e4ss\u00e4 n\u00e4kyvyytt\u00e4.<\/p>\n<p>Materiaalit: 92 % polyesteri, 8 % elastaani. Kontrastikangas: 89 % kierr\u00e4tetty polyesteri, 11 % elastaani.<\/p>\n","protected":false},"excerpt":{"rendered":"<p>Kari Traa Mija Training Shortsit ovat suorituskykyiset treenishortsit, joissa yhdistyv\u00e4t mukavuus, tuki ja n\u00e4ytt\u00e4v\u00e4 tyyli. Sis\u00e4\u00e4nrakennetut py\u00f6r\u00e4ilytrikoot tuovat varmuutta ja peitt\u00e4vyytt\u00e4, kun taas joustava vy\u00f6t\u00e4r\u00f6 pit\u00e4\u00e4 shortsit napakasti paikoillaan kovassakin menossa. Kirkkaat v\u00e4rit ja kontrastiompeleet erottuvat edukseen niin radalla kuin poluilla. Shortseissa on k\u00e4tev\u00e4 sivutasku, taiteltava helma ja heijastava logo lis\u00e4\u00e4m\u00e4ss\u00e4 n\u00e4kyvyytt\u00e4. Materiaalit: 92 % [&hellip;]<\/p>\n","protected":false},"featured_media":115381,"template":"","meta":[],"product_brand":[1196],"product_cat":[1255,1462,862],"product_tag":[2066,1318,1213],"class_list":{"0":"post-111289","1":"product","2":"type-product","3":"status-publish","4":"has-post-thumbnail","6":"product_brand-kari-traa","7":"product_cat-kaikki-naisten-vaatteet","8":"product_cat-naisten-shortsit-ja-caprit","9":"product_cat-shortsit-naisten","10":"product_tag-kari-traa","11":"product_tag-naisten-shortsit","12":"product_tag-naisten-vaatteet","14":"first","15":"instock","16":"taxable","17":"shipping-taxable","18":"purchasable","19":"product-type-variable"},"jetpack_sharing_enabled":true,"_links":{"self":[{"href":"https:\/\/www.niskanen.fi\/verkkokauppa\/wp-json\/wp\/v2\/product\/111289","targetHints":{"allow":["GET"]}}],"collection":[{"href":"https:\/\/www.niskanen.fi\/verkkokauppa\/wp-json\/wp\/v2\/product"}],"about":[{"href":"https:\/\/www.niskanen.fi\/verkkokauppa\/wp-json\/wp\/v2\/types\/product"}],"version-history":[{"count":2,"href":"https:\/\/www.niskanen.fi\/verkkokauppa\/wp-json\/wp\/v2\/product\/111289\/revisions"}],"predecessor-version":[{"id":115389,"href":"https:\/\/www.niskanen.fi\/verkkokauppa\/wp-json\/wp\/v2\/product\/111289\/revisions\/115389"}],"wp:featuredmedia":[{"embeddable":true,"href":"https:\/\/www.niskanen.fi\/verkkokauppa\/wp-json\/wp\/v2\/media\/115381"}],"wp:attachment":[{"href":"https:\/\/www.niskanen.fi\/verkkokauppa\/wp-json\/wp\/v2\/media?parent=111289"}],"wp:term":[{"taxonomy":"product_brand","embeddable":true,"href":"https:\/\/www.niskanen.fi\/verkkokauppa\/wp-json\/wp\/v2\/product_brand?post=111289"},{"taxonomy":"product_cat","embeddable":true,"href":"https:\/\/www.niskanen.fi\/verkkokauppa\/wp-json\/wp\/v2\/product_cat?post=111289"},{"taxonomy":"product_tag","embeddable":true,"href":"https:\/\/www.niskanen.fi\/verkkokauppa\/wp-json\/wp\/v2\/product_tag?post=111289"}],"curies":[{"name":"wp","href":"https:\/\/api.w.org\/{rel}","templated":true}]}}