{"id":112750,"date":"2026-04-23T08:40:28","date_gmt":"2026-04-23T06:40:28","guid":{"rendered":"https:\/\/www.niskanen.fi\/verkkokauppa\/?post_type=product&#038;p=112750"},"modified":"2026-04-23T12:24:59","modified_gmt":"2026-04-23T10:24:59","slug":"adidas-essentials-3-stripes-tee-mekko","status":"publish","type":"product","link":"https:\/\/www.niskanen.fi\/verkkokauppa\/tuote\/adidas-essentials-3-stripes-tee-mekko\/","title":{"rendered":"ADIDAS ESSENTIALS 3-STRIPES TEE MEKKO"},"content":{"rendered":"<p>Naisten rennosti istuva ja sporttinen mekko. Pehme\u00e4st\u00e4 single jersey \u2011kankaasta valmistettu mekko tuntuu miellytt\u00e4v\u00e4lt\u00e4 ihoa vasten. Rinnassa oleva 3 Bar \u2011logokirjailu ja sivuilla kulkevat ikoniset 3 raitaa tuovat aitoutta ja luonnetta. Mekko sopii t\u00e4ydellisesti rentoihin menoihin tai rauhallisiin kotihetkiin.<\/p>\n","protected":false},"excerpt":{"rendered":"<p>Naisten rennosti istuva ja sporttinen mekko. Pehme\u00e4st\u00e4 single jersey \u2011kankaasta valmistettu mekko tuntuu miellytt\u00e4v\u00e4lt\u00e4 ihoa vasten. Rinnassa oleva 3 Bar \u2011logokirjailu ja sivuilla kulkevat ikoniset 3 raitaa tuovat aitoutta ja luonnetta. Mekko sopii t\u00e4ydellisesti rentoihin menoihin tai rauhallisiin kotihetkiin.<\/p>\n","protected":false},"featured_media":112763,"template":"","meta":[],"product_brand":[1186],"product_cat":[855,1255,857],"product_tag":[1213,2113],"class_list":{"0":"post-112750","1":"product","2":"type-product","3":"status-publish","4":"has-post-thumbnail","6":"product_brand-adidas","7":"product_cat-hameet-ja-mekot","8":"product_cat-kaikki-naisten-vaatteet","9":"product_cat-trikoomekot","10":"product_tag-naisten-vaatteet","11":"product_tag-trikoomekot","13":"first","14":"instock","15":"taxable","16":"shipping-taxable","17":"purchasable","18":"product-type-variable"},"jetpack_sharing_enabled":true,"_links":{"self":[{"href":"https:\/\/www.niskanen.fi\/verkkokauppa\/wp-json\/wp\/v2\/product\/112750","targetHints":{"allow":["GET"]}}],"collection":[{"href":"https:\/\/www.niskanen.fi\/verkkokauppa\/wp-json\/wp\/v2\/product"}],"about":[{"href":"https:\/\/www.niskanen.fi\/verkkokauppa\/wp-json\/wp\/v2\/types\/product"}],"version-history":[{"count":1,"href":"https:\/\/www.niskanen.fi\/verkkokauppa\/wp-json\/wp\/v2\/product\/112750\/revisions"}],"predecessor-version":[{"id":112764,"href":"https:\/\/www.niskanen.fi\/verkkokauppa\/wp-json\/wp\/v2\/product\/112750\/revisions\/112764"}],"wp:featuredmedia":[{"embeddable":true,"href":"https:\/\/www.niskanen.fi\/verkkokauppa\/wp-json\/wp\/v2\/media\/112763"}],"wp:attachment":[{"href":"https:\/\/www.niskanen.fi\/verkkokauppa\/wp-json\/wp\/v2\/media?parent=112750"}],"wp:term":[{"taxonomy":"product_brand","embeddable":true,"href":"https:\/\/www.niskanen.fi\/verkkokauppa\/wp-json\/wp\/v2\/product_brand?post=112750"},{"taxonomy":"product_cat","embeddable":true,"href":"https:\/\/www.niskanen.fi\/verkkokauppa\/wp-json\/wp\/v2\/product_cat?post=112750"},{"taxonomy":"product_tag","embeddable":true,"href":"https:\/\/www.niskanen.fi\/verkkokauppa\/wp-json\/wp\/v2\/product_tag?post=112750"}],"curies":[{"name":"wp","href":"https:\/\/api.w.org\/{rel}","templated":true}]}}