{"id":113634,"date":"2026-04-23T15:40:28","date_gmt":"2026-04-23T13:40:28","guid":{"rendered":"https:\/\/www.niskanen.fi\/verkkokauppa\/?post_type=product&#038;p=113634"},"modified":"2026-04-24T14:40:50","modified_gmt":"2026-04-24T12:40:50","slug":"jack-wolfskin-baseball-lippis","status":"publish","type":"product","link":"https:\/\/www.niskanen.fi\/verkkokauppa\/tuote\/jack-wolfskin-baseball-lippis\/","title":{"rendered":"JACK WOLFSKIN BASEBALL LIPPIS"},"content":{"rendered":"<p data-start=\"140\" data-end=\"375\"><strong>Jack Wolfskin Baseball Cap <\/strong>on monik\u00e4ytt\u00f6inen unisex-lippalakki, joka soveltuu ulkoiluun ja vapaa-aikaan. Selke\u00e4 muotoilu ja suuri logopainatus tekev\u00e4t lakista helposti yhdistelt\u00e4v\u00e4n osan arjen ja retkien varustusta.<\/p>\n<p data-start=\"377\" data-end=\"623\">Integroitu UV-suoja auttaa suojaamaan p\u00e4\u00e4t\u00e4 ja ihoa auringon haitalliselta s\u00e4teilylt\u00e4 ilman lis\u00e4ttyj\u00e4 kemikaaleja. Rakenteellinen etupaneeli s\u00e4ilytt\u00e4\u00e4 muotonsa ja takana oleva s\u00e4\u00e4dett\u00e4v\u00e4 hihna metallisoljella mahdollistaa yksil\u00f6llisen istuvuuden.<\/p>\n<p data-start=\"625\" data-end=\"783\">Kevyt rakenne ja kierr\u00e4tetyst\u00e4 polyesterist\u00e4 valmistetut materiaalit tukevat k\u00e4ytt\u00f6mukavuutta l\u00e4mpimiss\u00e4 olosuhteissa. Paino on noin 0,094 kg koossa One Size.<\/p>\n","protected":false},"excerpt":{"rendered":"<p>Jack Wolfskin Baseball Cap on monik\u00e4ytt\u00f6inen unisex-lippalakki, joka soveltuu ulkoiluun ja vapaa-aikaan. Selke\u00e4 muotoilu ja suuri logopainatus tekev\u00e4t lakista helposti yhdistelt\u00e4v\u00e4n osan arjen ja retkien varustusta. Integroitu UV-suoja auttaa suojaamaan p\u00e4\u00e4t\u00e4 ja ihoa auringon haitalliselta s\u00e4teilylt\u00e4 ilman lis\u00e4ttyj\u00e4 kemikaaleja. Rakenteellinen etupaneeli s\u00e4ilytt\u00e4\u00e4 muotonsa ja takana oleva s\u00e4\u00e4dett\u00e4v\u00e4 hihna metallisoljella mahdollistaa yksil\u00f6llisen istuvuuden. Kevyt rakenne ja [&hellip;]<\/p>\n","protected":false},"featured_media":115034,"template":"","meta":[],"product_brand":[1424],"product_cat":[282,878,279],"product_tag":[2067],"class_list":{"0":"post-113634","1":"product","2":"type-product","3":"status-publish","4":"has-post-thumbnail","6":"product_brand-jack-wolfskin","7":"product_cat-lippikset","8":"product_cat-muut-vaatteet-ja-asusteet","9":"product_cat-paahineet","10":"product_tag-lippikset","12":"first","13":"instock","14":"taxable","15":"shipping-taxable","16":"purchasable","17":"product-type-variable"},"jetpack_sharing_enabled":true,"_links":{"self":[{"href":"https:\/\/www.niskanen.fi\/verkkokauppa\/wp-json\/wp\/v2\/product\/113634","targetHints":{"allow":["GET"]}}],"collection":[{"href":"https:\/\/www.niskanen.fi\/verkkokauppa\/wp-json\/wp\/v2\/product"}],"about":[{"href":"https:\/\/www.niskanen.fi\/verkkokauppa\/wp-json\/wp\/v2\/types\/product"}],"version-history":[{"count":2,"href":"https:\/\/www.niskanen.fi\/verkkokauppa\/wp-json\/wp\/v2\/product\/113634\/revisions"}],"predecessor-version":[{"id":115038,"href":"https:\/\/www.niskanen.fi\/verkkokauppa\/wp-json\/wp\/v2\/product\/113634\/revisions\/115038"}],"wp:featuredmedia":[{"embeddable":true,"href":"https:\/\/www.niskanen.fi\/verkkokauppa\/wp-json\/wp\/v2\/media\/115034"}],"wp:attachment":[{"href":"https:\/\/www.niskanen.fi\/verkkokauppa\/wp-json\/wp\/v2\/media?parent=113634"}],"wp:term":[{"taxonomy":"product_brand","embeddable":true,"href":"https:\/\/www.niskanen.fi\/verkkokauppa\/wp-json\/wp\/v2\/product_brand?post=113634"},{"taxonomy":"product_cat","embeddable":true,"href":"https:\/\/www.niskanen.fi\/verkkokauppa\/wp-json\/wp\/v2\/product_cat?post=113634"},{"taxonomy":"product_tag","embeddable":true,"href":"https:\/\/www.niskanen.fi\/verkkokauppa\/wp-json\/wp\/v2\/product_tag?post=113634"}],"curies":[{"name":"wp","href":"https:\/\/api.w.org\/{rel}","templated":true}]}}