{"id":11629,"date":"2025-10-29T19:33:06","date_gmt":"2025-10-29T17:33:06","guid":{"rendered":"https:\/\/www.niskanen.fi\/verkkokauppa\/?post_type=product&#038;p=11629"},"modified":"2026-04-30T12:07:00","modified_gmt":"2026-04-30T10:07:00","slug":"adidas-cloudfoam-move-sock-w-kenka","status":"publish","type":"product","link":"https:\/\/www.niskanen.fi\/verkkokauppa\/tuote\/adidas-cloudfoam-move-sock-w-kenka\/","title":{"rendered":"ADIDAS CLOUDFOAM MOVE SOCK W KENK\u00c4"},"content":{"rendered":"<div>\n<p>Kevyet ja pehmustetut keng\u00e4t, joissa on sukkaa muistuttava istuvuus.<\/p>\n<p>Kiireisist\u00e4 ty\u00f6p\u00e4ivist\u00e4 rauhallisiin viikonloppuihin \u2013 n\u00e4m\u00e4 adidas-keng\u00e4t liikkuvat mukanasi koko p\u00e4iv\u00e4n. Cloudfoam-v\u00e4lipohja vaimentaa jokaisen askeleen ja pit\u00e4\u00e4 olon miellytt\u00e4v\u00e4n\u00e4 my\u00f6s pitkill\u00e4 p\u00e4ivill\u00e4. Joustava tekstiilip\u00e4\u00e4llinen mukautuu jalan liikkeisiin, ja sukkaa muistuttava istuvuus tarjoaa napakan mutta miellytt\u00e4v\u00e4n tuen.&nbsp;<\/p>\n<p><strong>Ominaisuudet:<\/strong><\/p>\n<ul>\n<li>Cloudfoam-v\u00e4lipohja pehme\u00e4\u00e4n askellukseen<\/li>\n<li>Joustava tekstiilip\u00e4\u00e4llinen mukautuu jalkaan<\/li>\n<li>Sukkaa muistuttava istuvuus tukee ja lis\u00e4\u00e4 k\u00e4ytt\u00f6mukavuutta<\/li>\n<li>Kevyt rakenne p\u00e4ivitt\u00e4iseen k\u00e4ytt\u00f6\u00f6n<\/li>\n<li>Sopii vapaa-aikaan ja arkeen<\/li>\n<\/ul>\n<\/div>\n","protected":false},"excerpt":{"rendered":"<p>Kevyet ja pehmustetut keng\u00e4t, joissa on sukkaa muistuttava istuvuus. Kiireisist\u00e4 ty\u00f6p\u00e4ivist\u00e4 rauhallisiin viikonloppuihin \u2013 n\u00e4m\u00e4 adidas-keng\u00e4t liikkuvat mukanasi koko p\u00e4iv\u00e4n. Cloudfoam-v\u00e4lipohja vaimentaa jokaisen askeleen ja pit\u00e4\u00e4 olon miellytt\u00e4v\u00e4n\u00e4 my\u00f6s pitkill\u00e4 p\u00e4ivill\u00e4. Joustava tekstiilip\u00e4\u00e4llinen mukautuu jalan liikkeisiin, ja sukkaa muistuttava istuvuus tarjoaa napakan mutta miellytt\u00e4v\u00e4n tuen.&nbsp; Ominaisuudet: Cloudfoam-v\u00e4lipohja pehme\u00e4\u00e4n askellukseen Joustava tekstiilip\u00e4\u00e4llinen mukautuu jalkaan Sukkaa muistuttava [&hellip;]<\/p>\n","protected":false},"featured_media":122824,"template":"","meta":[],"product_brand":[1186],"product_cat":[1251,1252,1475,15],"product_tag":[2004,2123,1280,2124,2125],"class_list":{"0":"post-11629","1":"product","2":"type-product","3":"status-publish","4":"has-post-thumbnail","6":"product_brand-adidas","7":"product_cat-kengat","8":"product_cat-naisten-kengat","9":"product_cat-vapaa-ajankengat-low-naiset","10":"product_cat-yleinen","11":"product_tag-adidas","12":"product_tag-cloudfoam","13":"product_tag-naisten-kengat","14":"product_tag-tennarit","15":"product_tag-vapaa-ajankengat","17":"first","18":"instock","19":"sale","20":"taxable","21":"shipping-taxable","22":"purchasable","23":"product-type-variable"},"jetpack_sharing_enabled":true,"_links":{"self":[{"href":"https:\/\/www.niskanen.fi\/verkkokauppa\/wp-json\/wp\/v2\/product\/11629","targetHints":{"allow":["GET"]}}],"collection":[{"href":"https:\/\/www.niskanen.fi\/verkkokauppa\/wp-json\/wp\/v2\/product"}],"about":[{"href":"https:\/\/www.niskanen.fi\/verkkokauppa\/wp-json\/wp\/v2\/types\/product"}],"version-history":[{"count":2,"href":"https:\/\/www.niskanen.fi\/verkkokauppa\/wp-json\/wp\/v2\/product\/11629\/revisions"}],"predecessor-version":[{"id":122832,"href":"https:\/\/www.niskanen.fi\/verkkokauppa\/wp-json\/wp\/v2\/product\/11629\/revisions\/122832"}],"wp:featuredmedia":[{"embeddable":true,"href":"https:\/\/www.niskanen.fi\/verkkokauppa\/wp-json\/wp\/v2\/media\/122824"}],"wp:attachment":[{"href":"https:\/\/www.niskanen.fi\/verkkokauppa\/wp-json\/wp\/v2\/media?parent=11629"}],"wp:term":[{"taxonomy":"product_brand","embeddable":true,"href":"https:\/\/www.niskanen.fi\/verkkokauppa\/wp-json\/wp\/v2\/product_brand?post=11629"},{"taxonomy":"product_cat","embeddable":true,"href":"https:\/\/www.niskanen.fi\/verkkokauppa\/wp-json\/wp\/v2\/product_cat?post=11629"},{"taxonomy":"product_tag","embeddable":true,"href":"https:\/\/www.niskanen.fi\/verkkokauppa\/wp-json\/wp\/v2\/product_tag?post=11629"}],"curies":[{"name":"wp","href":"https:\/\/api.w.org\/{rel}","templated":true}]}}