{"id":11672,"date":"2025-10-29T19:33:24","date_gmt":"2025-10-29T17:33:24","guid":{"rendered":"https:\/\/www.niskanen.fi\/verkkokauppa\/?post_type=product&#038;p=11672"},"modified":"2026-04-22T18:45:50","modified_gmt":"2026-04-22T16:45:50","slug":"bjorn-borg-w-prime-tech-kenka","status":"publish","type":"product","link":"https:\/\/www.niskanen.fi\/verkkokauppa\/tuote\/bjorn-borg-w-prime-tech-kenka\/","title":{"rendered":"BJ\u00d6RN BORG W PRIME TECH KENK\u00c4"},"content":{"rendered":"<div>\n<p>Mukavat ja tyylikk\u00e4\u00e4t Bj\u00f6rnBorg Prime Tech tennarit naisille. Pelkistetty valkoinen design tuo raikkaan ja ajattoman ilmeen, joka sopii t\u00e4ydellisesti jokap\u00e4iv\u00e4iseen k\u00e4ytt\u00f6\u00f6n. P\u00e4\u00e4llinen yhdist\u00e4\u00e4 polyuretaanin ja polyesterin, tarjoten kevytt\u00e4 kest\u00e4vyytt\u00e4 ja viimeistellyn, sile\u00e4n tuntuman.<\/p>\n<p>Vapaa-aikaan suunniteltu istuvuus tekee kengist\u00e4 miellytt\u00e4v\u00e4t koko p\u00e4iv\u00e4n ajan \u2013 olitpa liikkeell\u00e4 kaupungilla, tutkimassa uutta tai rentoutumassa yst\u00e4vien kanssa. Prime Tech \u2011tennarit pit\u00e4v\u00e4t huolen siit\u00e4, ett\u00e4 pysyt mukavana tinkim\u00e4tt\u00e4 tyylist\u00e4.<\/p>\n<p><strong>Ominaisuudet:<\/strong><\/p>\n<ul>\n<li>Laadukkaista materiaaleista valmistettu, vastuullista tuotantoa huomioiden<\/li>\n<li>Moderni siluetti takaa miellytt\u00e4v\u00e4n ja monik\u00e4ytt\u00f6isen istuvuuden<\/li>\n<li>Kest\u00e4v\u00e4 rakenne tukee aktiivista vapaa-ajan k\u00e4ytt\u00f6\u00e4<\/li>\n<li>Raikas valkoinen viimeistely viimeistelee jokaisen rennon asukokonaisuuden<\/li>\n<li>Kevyt rakenne tarjoaa vaivattoman liikkumisen ja koko p\u00e4iv\u00e4n mukavuuden<\/li>\n<\/ul>\n<\/div>\n","protected":false},"excerpt":{"rendered":"<p>Mukavat ja tyylikk\u00e4\u00e4t Bj\u00f6rnBorg Prime Tech tennarit naisille. Pelkistetty valkoinen design tuo raikkaan ja ajattoman ilmeen, joka sopii t\u00e4ydellisesti jokap\u00e4iv\u00e4iseen k\u00e4ytt\u00f6\u00f6n. P\u00e4\u00e4llinen yhdist\u00e4\u00e4 polyuretaanin ja polyesterin, tarjoten kevytt\u00e4 kest\u00e4vyytt\u00e4 ja viimeistellyn, sile\u00e4n tuntuman. Vapaa-aikaan suunniteltu istuvuus tekee kengist\u00e4 miellytt\u00e4v\u00e4t koko p\u00e4iv\u00e4n ajan \u2013 olitpa liikkeell\u00e4 kaupungilla, tutkimassa uutta tai rentoutumassa yst\u00e4vien kanssa. Prime Tech \u2011tennarit [&hellip;]<\/p>\n","protected":false},"featured_media":111492,"template":"","meta":[],"product_brand":[1207],"product_cat":[1251,1252,1475,15],"product_tag":[1988,1408,2112,1989],"class_list":{"0":"post-11672","1":"product","2":"type-product","3":"status-publish","4":"has-post-thumbnail","6":"product_brand-bjorn-borg","7":"product_cat-kengat","8":"product_cat-naisten-kengat","9":"product_cat-vapaa-ajankengat-low-naiset","10":"product_cat-yleinen","11":"product_tag-bjornborg","12":"product_tag-naisten-vapaa-ajan-kengat","13":"product_tag-primetech","14":"product_tag-tennari","16":"first","17":"instock","18":"sale","19":"taxable","20":"shipping-taxable","21":"purchasable","22":"product-type-variable"},"jetpack_sharing_enabled":true,"_links":{"self":[{"href":"https:\/\/www.niskanen.fi\/verkkokauppa\/wp-json\/wp\/v2\/product\/11672","targetHints":{"allow":["GET"]}}],"collection":[{"href":"https:\/\/www.niskanen.fi\/verkkokauppa\/wp-json\/wp\/v2\/product"}],"about":[{"href":"https:\/\/www.niskanen.fi\/verkkokauppa\/wp-json\/wp\/v2\/types\/product"}],"version-history":[{"count":2,"href":"https:\/\/www.niskanen.fi\/verkkokauppa\/wp-json\/wp\/v2\/product\/11672\/revisions"}],"predecessor-version":[{"id":111496,"href":"https:\/\/www.niskanen.fi\/verkkokauppa\/wp-json\/wp\/v2\/product\/11672\/revisions\/111496"}],"wp:featuredmedia":[{"embeddable":true,"href":"https:\/\/www.niskanen.fi\/verkkokauppa\/wp-json\/wp\/v2\/media\/111492"}],"wp:attachment":[{"href":"https:\/\/www.niskanen.fi\/verkkokauppa\/wp-json\/wp\/v2\/media?parent=11672"}],"wp:term":[{"taxonomy":"product_brand","embeddable":true,"href":"https:\/\/www.niskanen.fi\/verkkokauppa\/wp-json\/wp\/v2\/product_brand?post=11672"},{"taxonomy":"product_cat","embeddable":true,"href":"https:\/\/www.niskanen.fi\/verkkokauppa\/wp-json\/wp\/v2\/product_cat?post=11672"},{"taxonomy":"product_tag","embeddable":true,"href":"https:\/\/www.niskanen.fi\/verkkokauppa\/wp-json\/wp\/v2\/product_tag?post=11672"}],"curies":[{"name":"wp","href":"https:\/\/api.w.org\/{rel}","templated":true}]}}