{"id":118912,"date":"2026-04-27T14:00:30","date_gmt":"2026-04-27T12:00:30","guid":{"rendered":"https:\/\/www.niskanen.fi\/verkkokauppa\/?post_type=product&#038;p=118912"},"modified":"2026-04-27T14:26:19","modified_gmt":"2026-04-27T12:26:19","slug":"skechers-go-walk-flex-sd-easy-m","status":"publish","type":"product","link":"https:\/\/www.niskanen.fi\/verkkokauppa\/tuote\/skechers-go-walk-flex-sd-easy-m\/","title":{"rendered":"SKECHERS GO WALK FLEX SD EASY M"},"content":{"rendered":"<p>Skechers Go Walk Flex SD &#8211; Easy Entry &#8211; miesten urheilusandaalit<\/p>\n<p>Helposti puettava, urheilullinen sandaali, jossa<\/p>\n<ul>\n<li>kudottu p\u00e4\u00e4llinen s\u00e4\u00e4dett\u00e4v\u00e4ll\u00e4 jalkahihnalla<\/li>\n<li>muotoiltu Goga Mat-pohjallinen<\/li>\n<li>ULTRA GO- pehmustus<\/li>\n<li>Heel Pillow- kandgastyyny<\/li>\n<\/ul>\n","protected":false},"excerpt":{"rendered":"<p>Skechers Go Walk Flex SD &#8211; Easy Entry &#8211; miesten urheilusandaalit Helposti puettava, urheilullinen sandaali, jossa kudottu p\u00e4\u00e4llinen s\u00e4\u00e4dett\u00e4v\u00e4ll\u00e4 jalkahihnalla muotoiltu Goga Mat-pohjallinen ULTRA GO- pehmustus Heel Pillow- kandgastyyny<\/p>\n","protected":false},"featured_media":118937,"template":"","meta":[],"product_brand":[1986],"product_cat":[1251,1253,1477,15],"product_tag":[1412,2118],"class_list":{"0":"post-118912","1":"product","2":"type-product","3":"status-publish","4":"has-post-thumbnail","6":"product_brand-skechers","7":"product_cat-kengat","8":"product_cat-miesten-kengat","9":"product_cat-sandaalit-miehet","10":"product_cat-yleinen","11":"product_tag-miesten-sandaalit","12":"product_tag-skechers","14":"first","15":"instock","16":"taxable","17":"shipping-taxable","18":"purchasable","19":"product-type-variable"},"jetpack_sharing_enabled":true,"_links":{"self":[{"href":"https:\/\/www.niskanen.fi\/verkkokauppa\/wp-json\/wp\/v2\/product\/118912","targetHints":{"allow":["GET"]}}],"collection":[{"href":"https:\/\/www.niskanen.fi\/verkkokauppa\/wp-json\/wp\/v2\/product"}],"about":[{"href":"https:\/\/www.niskanen.fi\/verkkokauppa\/wp-json\/wp\/v2\/types\/product"}],"version-history":[{"count":2,"href":"https:\/\/www.niskanen.fi\/verkkokauppa\/wp-json\/wp\/v2\/product\/118912\/revisions"}],"predecessor-version":[{"id":118967,"href":"https:\/\/www.niskanen.fi\/verkkokauppa\/wp-json\/wp\/v2\/product\/118912\/revisions\/118967"}],"wp:featuredmedia":[{"embeddable":true,"href":"https:\/\/www.niskanen.fi\/verkkokauppa\/wp-json\/wp\/v2\/media\/118937"}],"wp:attachment":[{"href":"https:\/\/www.niskanen.fi\/verkkokauppa\/wp-json\/wp\/v2\/media?parent=118912"}],"wp:term":[{"taxonomy":"product_brand","embeddable":true,"href":"https:\/\/www.niskanen.fi\/verkkokauppa\/wp-json\/wp\/v2\/product_brand?post=118912"},{"taxonomy":"product_cat","embeddable":true,"href":"https:\/\/www.niskanen.fi\/verkkokauppa\/wp-json\/wp\/v2\/product_cat?post=118912"},{"taxonomy":"product_tag","embeddable":true,"href":"https:\/\/www.niskanen.fi\/verkkokauppa\/wp-json\/wp\/v2\/product_tag?post=118912"}],"curies":[{"name":"wp","href":"https:\/\/api.w.org\/{rel}","templated":true}]}}