{"id":118943,"date":"2026-04-27T14:16:03","date_gmt":"2026-04-27T12:16:03","guid":{"rendered":"https:\/\/www.niskanen.fi\/verkkokauppa\/?post_type=product&#038;p=118943"},"modified":"2026-04-28T08:59:14","modified_gmt":"2026-04-28T06:59:14","slug":"skechers-go-walk-flex-sandal-illumina-w","status":"publish","type":"product","link":"https:\/\/www.niskanen.fi\/verkkokauppa\/tuote\/skechers-go-walk-flex-sandal-illumina-w\/","title":{"rendered":"SKECHERS GO WALK FLEX SANDAL ILLUMINA W"},"content":{"rendered":"<p>Skechers Go Walk Flex Sandal &#8211; Illuminate &#8211; naisten urheilusandaalit<\/p>\n<p>Hihnallinen urheilusandaali, jossa&nbsp;<\/p>\n<ul>\n<li>verkkokankainen p\u00e4\u00e4llinen s\u00e4\u00e4dett\u00e4v\u00e4ll\u00e4 jalkap\u00f6yt\u00e4hihnalla<\/li>\n<li>muotoiltu Goga Mat-mukavuuspohjallinen<\/li>\n<li>kevyt ULTRA GO- vaimennus<\/li>\n<li>pukemista helpottava Skechers Hands Free Slip-ins-kanta<\/li>\n<li>Heel Pillow pit\u00e4\u00e4 jalan tukevasti paikallaan<\/li>\n<\/ul>\n<p>Valmistettu 100% vegaanisista materiaaleista. Konepest\u00e4v\u00e4 max. 30 asteessa.<\/p>\n","protected":false},"excerpt":{"rendered":"<p>Skechers Go Walk Flex Sandal &#8211; Illuminate &#8211; naisten urheilusandaalit Hihnallinen urheilusandaali, jossa&nbsp; verkkokankainen p\u00e4\u00e4llinen s\u00e4\u00e4dett\u00e4v\u00e4ll\u00e4 jalkap\u00f6yt\u00e4hihnalla muotoiltu Goga Mat-mukavuuspohjallinen kevyt ULTRA GO- vaimennus pukemista helpottava Skechers Hands Free Slip-ins-kanta Heel Pillow pit\u00e4\u00e4 jalan tukevasti paikallaan Valmistettu 100% vegaanisista materiaaleista. Konepest\u00e4v\u00e4 max. 30 asteessa.<\/p>\n","protected":false},"featured_media":120135,"template":"","meta":[],"product_brand":[1986],"product_cat":[1251,1252,1478,15],"product_tag":[1411,2118],"class_list":{"0":"post-118943","1":"product","2":"type-product","3":"status-publish","4":"has-post-thumbnail","6":"product_brand-skechers","7":"product_cat-kengat","8":"product_cat-naisten-kengat","9":"product_cat-sandaalit-naiset","10":"product_cat-yleinen","11":"product_tag-naisten-sandaalit","12":"product_tag-skechers","14":"first","15":"instock","16":"taxable","17":"shipping-taxable","18":"purchasable","19":"product-type-variable"},"jetpack_sharing_enabled":true,"_links":{"self":[{"href":"https:\/\/www.niskanen.fi\/verkkokauppa\/wp-json\/wp\/v2\/product\/118943","targetHints":{"allow":["GET"]}}],"collection":[{"href":"https:\/\/www.niskanen.fi\/verkkokauppa\/wp-json\/wp\/v2\/product"}],"about":[{"href":"https:\/\/www.niskanen.fi\/verkkokauppa\/wp-json\/wp\/v2\/types\/product"}],"version-history":[{"count":2,"href":"https:\/\/www.niskanen.fi\/verkkokauppa\/wp-json\/wp\/v2\/product\/118943\/revisions"}],"predecessor-version":[{"id":120144,"href":"https:\/\/www.niskanen.fi\/verkkokauppa\/wp-json\/wp\/v2\/product\/118943\/revisions\/120144"}],"wp:featuredmedia":[{"embeddable":true,"href":"https:\/\/www.niskanen.fi\/verkkokauppa\/wp-json\/wp\/v2\/media\/120135"}],"wp:attachment":[{"href":"https:\/\/www.niskanen.fi\/verkkokauppa\/wp-json\/wp\/v2\/media?parent=118943"}],"wp:term":[{"taxonomy":"product_brand","embeddable":true,"href":"https:\/\/www.niskanen.fi\/verkkokauppa\/wp-json\/wp\/v2\/product_brand?post=118943"},{"taxonomy":"product_cat","embeddable":true,"href":"https:\/\/www.niskanen.fi\/verkkokauppa\/wp-json\/wp\/v2\/product_cat?post=118943"},{"taxonomy":"product_tag","embeddable":true,"href":"https:\/\/www.niskanen.fi\/verkkokauppa\/wp-json\/wp\/v2\/product_tag?post=118943"}],"curies":[{"name":"wp","href":"https:\/\/api.w.org\/{rel}","templated":true}]}}