{"id":118958,"date":"2026-04-27T14:23:57","date_gmt":"2026-04-27T12:23:57","guid":{"rendered":"https:\/\/www.niskanen.fi\/verkkokauppa\/?post_type=product&#038;p=118958"},"modified":"2026-04-28T09:12:40","modified_gmt":"2026-04-28T07:12:40","slug":"skechers-go-walk-flex-sandal-glimmer-w","status":"publish","type":"product","link":"https:\/\/www.niskanen.fi\/verkkokauppa\/tuote\/skechers-go-walk-flex-sandal-glimmer-w\/","title":{"rendered":"SKECHERS GO WALK FLEX SANDAL GLIMMER W"},"content":{"rendered":"<p>Skechers Go Walk Flex Sandal &#8211; Glimmer- naisten urheilusandaali<\/p>\n<p>Hihnallinen slip-in urheilusandaali, jossa&nbsp;<\/p>\n<ul>\n<li>neulottu p\u00e4\u00e4llinen kantakappaleella<\/li>\n<li>muotoiltu Goga Mat-mukavuuspohjallinen<\/li>\n<li>kevyt ULTRA GO- vaimennus<\/li>\n<li>pukemista helpottava Skechers Hands Free Slip-ins-kanta<\/li>\n<li>Heel Pillow pit\u00e4\u00e4 jalan tukevasti paikallaan<\/li>\n<\/ul>\n<p>Valmistettu 100% vegaanisista materiaaleista. Konepest\u00e4v\u00e4 max. 30 asteessa.<\/p>\n","protected":false},"excerpt":{"rendered":"<p>Skechers Go Walk Flex Sandal &#8211; Glimmer- naisten urheilusandaali Hihnallinen slip-in urheilusandaali, jossa&nbsp; neulottu p\u00e4\u00e4llinen kantakappaleella muotoiltu Goga Mat-mukavuuspohjallinen kevyt ULTRA GO- vaimennus pukemista helpottava Skechers Hands Free Slip-ins-kanta Heel Pillow pit\u00e4\u00e4 jalan tukevasti paikallaan Valmistettu 100% vegaanisista materiaaleista. Konepest\u00e4v\u00e4 max. 30 asteessa.<\/p>\n","protected":false},"featured_media":120318,"template":"","meta":[],"product_brand":[1986],"product_cat":[1251,1252,1478,15],"product_tag":[1411,2118],"class_list":{"0":"post-118958","1":"product","2":"type-product","3":"status-publish","4":"has-post-thumbnail","6":"product_brand-skechers","7":"product_cat-kengat","8":"product_cat-naisten-kengat","9":"product_cat-sandaalit-naiset","10":"product_cat-yleinen","11":"product_tag-naisten-sandaalit","12":"product_tag-skechers","14":"first","15":"instock","16":"taxable","17":"shipping-taxable","18":"purchasable","19":"product-type-variable"},"jetpack_sharing_enabled":true,"_links":{"self":[{"href":"https:\/\/www.niskanen.fi\/verkkokauppa\/wp-json\/wp\/v2\/product\/118958","targetHints":{"allow":["GET"]}}],"collection":[{"href":"https:\/\/www.niskanen.fi\/verkkokauppa\/wp-json\/wp\/v2\/product"}],"about":[{"href":"https:\/\/www.niskanen.fi\/verkkokauppa\/wp-json\/wp\/v2\/types\/product"}],"version-history":[{"count":2,"href":"https:\/\/www.niskanen.fi\/verkkokauppa\/wp-json\/wp\/v2\/product\/118958\/revisions"}],"predecessor-version":[{"id":120153,"href":"https:\/\/www.niskanen.fi\/verkkokauppa\/wp-json\/wp\/v2\/product\/118958\/revisions\/120153"}],"wp:featuredmedia":[{"embeddable":true,"href":"https:\/\/www.niskanen.fi\/verkkokauppa\/wp-json\/wp\/v2\/media\/120318"}],"wp:attachment":[{"href":"https:\/\/www.niskanen.fi\/verkkokauppa\/wp-json\/wp\/v2\/media?parent=118958"}],"wp:term":[{"taxonomy":"product_brand","embeddable":true,"href":"https:\/\/www.niskanen.fi\/verkkokauppa\/wp-json\/wp\/v2\/product_brand?post=118958"},{"taxonomy":"product_cat","embeddable":true,"href":"https:\/\/www.niskanen.fi\/verkkokauppa\/wp-json\/wp\/v2\/product_cat?post=118958"},{"taxonomy":"product_tag","embeddable":true,"href":"https:\/\/www.niskanen.fi\/verkkokauppa\/wp-json\/wp\/v2\/product_tag?post=118958"}],"curies":[{"name":"wp","href":"https:\/\/api.w.org\/{rel}","templated":true}]}}