{"id":11948,"date":"2025-10-29T19:35:29","date_gmt":"2025-10-29T17:35:29","guid":{"rendered":"https:\/\/www.niskanen.fi\/verkkokauppa\/?post_type=product&#038;p=11948"},"modified":"2026-04-27T11:18:35","modified_gmt":"2026-04-27T09:18:35","slug":"nike-air-max-sc-tennarit","status":"publish","type":"product","link":"https:\/\/www.niskanen.fi\/verkkokauppa\/tuote\/nike-air-max-sc-tennarit\/","title":{"rendered":"NIKE AIR MAX SC TENNARIT"},"content":{"rendered":"<p><strong>Miesten old school \u2011henkiset Air Max \u2011keng\u00e4t vapaa\u2011aikaan.<\/strong><\/p>\n<p>Monipuoliset materiaalit \u2013 nahka, tekstiili ja verkkokangas \u2013 tuovat kenkiin n\u00e4ytt\u00e4v\u00e4n ilmeen sek\u00e4 erinomaisen hengitt\u00e4vyyden ja k\u00e4ytt\u00f6mukavuuden. Max Air \u2011ilmatyyny kannassa ja vaimentava v\u00e4lipohja tekev\u00e4t askelluksesta pehme\u00e4\u00e4 koko p\u00e4iv\u00e4n ajan. Ulkopohjan lovet mahdollistavat jalan luonnollisen liikkeen, ja kumipohja tarjoaa hyv\u00e4n pidon. Normaali nauhoitus viimeistelee klassisen tyylin.<\/p>\n","protected":false},"excerpt":{"rendered":"<p>Miesten old school \u2011henkiset Air Max \u2011keng\u00e4t vapaa\u2011aikaan. Monipuoliset materiaalit \u2013 nahka, tekstiili ja verkkokangas \u2013 tuovat kenkiin n\u00e4ytt\u00e4v\u00e4n ilmeen sek\u00e4 erinomaisen hengitt\u00e4vyyden ja k\u00e4ytt\u00f6mukavuuden. Max Air \u2011ilmatyyny kannassa ja vaimentava v\u00e4lipohja tekev\u00e4t askelluksesta pehme\u00e4\u00e4 koko p\u00e4iv\u00e4n ajan. Ulkopohjan lovet mahdollistavat jalan luonnollisen liikkeen, ja kumipohja tarjoaa hyv\u00e4n pidon. Normaali nauhoitus viimeistelee klassisen tyylin.<\/p>\n","protected":false},"featured_media":118812,"template":"","meta":[],"product_brand":[1490],"product_cat":[1251,947,1474,15],"product_tag":[1281,1409,2115],"class_list":{"0":"post-11948","1":"product","2":"type-product","3":"status-publish","4":"has-post-thumbnail","6":"product_brand-nike","7":"product_cat-kengat","8":"product_cat-vapaa-ajan-kengat","9":"product_cat-vapaa-ajankengat-low-miehet","10":"product_cat-yleinen","11":"product_tag-kengat","12":"product_tag-miesten-vapaa-ajan-kengat","13":"product_tag-nike","15":"first","16":"instock","17":"taxable","18":"shipping-taxable","19":"purchasable","20":"product-type-variable"},"jetpack_sharing_enabled":true,"_links":{"self":[{"href":"https:\/\/www.niskanen.fi\/verkkokauppa\/wp-json\/wp\/v2\/product\/11948","targetHints":{"allow":["GET"]}}],"collection":[{"href":"https:\/\/www.niskanen.fi\/verkkokauppa\/wp-json\/wp\/v2\/product"}],"about":[{"href":"https:\/\/www.niskanen.fi\/verkkokauppa\/wp-json\/wp\/v2\/types\/product"}],"version-history":[{"count":2,"href":"https:\/\/www.niskanen.fi\/verkkokauppa\/wp-json\/wp\/v2\/product\/11948\/revisions"}],"predecessor-version":[{"id":118820,"href":"https:\/\/www.niskanen.fi\/verkkokauppa\/wp-json\/wp\/v2\/product\/11948\/revisions\/118820"}],"wp:featuredmedia":[{"embeddable":true,"href":"https:\/\/www.niskanen.fi\/verkkokauppa\/wp-json\/wp\/v2\/media\/118812"}],"wp:attachment":[{"href":"https:\/\/www.niskanen.fi\/verkkokauppa\/wp-json\/wp\/v2\/media?parent=11948"}],"wp:term":[{"taxonomy":"product_brand","embeddable":true,"href":"https:\/\/www.niskanen.fi\/verkkokauppa\/wp-json\/wp\/v2\/product_brand?post=11948"},{"taxonomy":"product_cat","embeddable":true,"href":"https:\/\/www.niskanen.fi\/verkkokauppa\/wp-json\/wp\/v2\/product_cat?post=11948"},{"taxonomy":"product_tag","embeddable":true,"href":"https:\/\/www.niskanen.fi\/verkkokauppa\/wp-json\/wp\/v2\/product_tag?post=11948"}],"curies":[{"name":"wp","href":"https:\/\/api.w.org\/{rel}","templated":true}]}}