{"id":11961,"date":"2025-10-29T19:35:35","date_gmt":"2025-10-29T17:35:35","guid":{"rendered":"https:\/\/www.niskanen.fi\/verkkokauppa\/?post_type=product&#038;p=11961"},"modified":"2026-04-27T12:50:17","modified_gmt":"2026-04-27T10:50:17","slug":"peak-performance-w-original-pants-housut","status":"publish","type":"product","link":"https:\/\/www.niskanen.fi\/verkkokauppa\/tuote\/peak-performance-w-original-pants-housut\/","title":{"rendered":"PEAK PERFORMANCE W ORIGINAL PANTS HOUSUT"},"content":{"rendered":"<p><strong>Naisten klassiset Peak Performance \u2011collegehousut, jotka on suunniteltu kest\u00e4m\u00e4\u00e4n ja tuntumaan mukavilta vuodesta toiseen.<\/strong><\/p>\n<p>Pehme\u00e4 puuvillasekoitekangas ja harjattu sis\u00e4pinta tekev\u00e4t housuista erityisen miellytt\u00e4v\u00e4t p\u00e4\u00e4ll\u00e4. Ajaton ja rento malli sopii t\u00e4ydellisesti vapaa\u2011aikaan ja arkik\u00e4ytt\u00f6\u00f6n.<\/p>\n<p><strong>Ominaisuudet:<\/strong><\/p>\n<ul>\n<li>Joustavat lahkeensuut<\/li>\n<li>Joustava vy\u00f6t\u00e4r\u00f6 sis\u00e4puolisella kiristysnauhalla<\/li>\n<li>Sivutaskut ja takatasku oikealla puolella<\/li>\n<\/ul>\n","protected":false},"excerpt":{"rendered":"<p>Naisten klassiset Peak Performance \u2011collegehousut, jotka on suunniteltu kest\u00e4m\u00e4\u00e4n ja tuntumaan mukavilta vuodesta toiseen. Pehme\u00e4 puuvillasekoitekangas ja harjattu sis\u00e4pinta tekev\u00e4t housuista erityisen miellytt\u00e4v\u00e4t p\u00e4\u00e4ll\u00e4. Ajaton ja rento malli sopii t\u00e4ydellisesti vapaa\u2011aikaan ja arkik\u00e4ytt\u00f6\u00f6n. Ominaisuudet: Joustavat lahkeensuut Joustava vy\u00f6t\u00e4r\u00f6 sis\u00e4puolisella kiristysnauhalla Sivutaskut ja takatasku oikealla puolella<\/p>\n","protected":false},"featured_media":118886,"template":"","meta":[],"product_brand":[1210],"product_cat":[145,1255],"product_tag":[1296,2064],"class_list":{"0":"post-11961","1":"product","2":"type-product","3":"status-publish","4":"has-post-thumbnail","6":"product_brand-peak-performance","7":"product_cat-collegehousut-naiset","8":"product_cat-kaikki-naisten-vaatteet","9":"product_tag-naisten-collegehousut","10":"product_tag-peak-performance","12":"first","13":"instock","14":"taxable","15":"shipping-taxable","16":"purchasable","17":"product-type-variable"},"jetpack_sharing_enabled":true,"_links":{"self":[{"href":"https:\/\/www.niskanen.fi\/verkkokauppa\/wp-json\/wp\/v2\/product\/11961","targetHints":{"allow":["GET"]}}],"collection":[{"href":"https:\/\/www.niskanen.fi\/verkkokauppa\/wp-json\/wp\/v2\/product"}],"about":[{"href":"https:\/\/www.niskanen.fi\/verkkokauppa\/wp-json\/wp\/v2\/types\/product"}],"version-history":[{"count":2,"href":"https:\/\/www.niskanen.fi\/verkkokauppa\/wp-json\/wp\/v2\/product\/11961\/revisions"}],"predecessor-version":[{"id":118890,"href":"https:\/\/www.niskanen.fi\/verkkokauppa\/wp-json\/wp\/v2\/product\/11961\/revisions\/118890"}],"wp:featuredmedia":[{"embeddable":true,"href":"https:\/\/www.niskanen.fi\/verkkokauppa\/wp-json\/wp\/v2\/media\/118886"}],"wp:attachment":[{"href":"https:\/\/www.niskanen.fi\/verkkokauppa\/wp-json\/wp\/v2\/media?parent=11961"}],"wp:term":[{"taxonomy":"product_brand","embeddable":true,"href":"https:\/\/www.niskanen.fi\/verkkokauppa\/wp-json\/wp\/v2\/product_brand?post=11961"},{"taxonomy":"product_cat","embeddable":true,"href":"https:\/\/www.niskanen.fi\/verkkokauppa\/wp-json\/wp\/v2\/product_cat?post=11961"},{"taxonomy":"product_tag","embeddable":true,"href":"https:\/\/www.niskanen.fi\/verkkokauppa\/wp-json\/wp\/v2\/product_tag?post=11961"}],"curies":[{"name":"wp","href":"https:\/\/api.w.org\/{rel}","templated":true}]}}