{"id":120041,"date":"2026-04-28T08:10:40","date_gmt":"2026-04-28T06:10:40","guid":{"rendered":"https:\/\/www.niskanen.fi\/verkkokauppa\/?post_type=product&#038;p=120041"},"modified":"2026-04-30T10:31:28","modified_gmt":"2026-04-30T08:31:28","slug":"luhta-apula-t-paita-w","status":"publish","type":"product","link":"https:\/\/www.niskanen.fi\/verkkokauppa\/tuote\/luhta-apula-t-paita-w\/","title":{"rendered":"LUHTA APULA T-PAITA W"},"content":{"rendered":"<p><strong>Naisten Luhta\u2011T\u2011paita rennolla oversize\u2011mitoituksella aktiiviseen ja rentoon menoon.<\/strong><\/p>\n<p>Nelj\u00e4\u00e4n suuntaan joustava stretch\u2011materiaali tekee paidasta miellytt\u00e4v\u00e4n ja hyvin liikkuvan. Kangas haihduttaa kosteuden nopeasti, joten olo pysyy kuivana ja mukavana my\u00f6s aktiivisessa k\u00e4yt\u00f6ss\u00e4. Py\u00f6re\u00e4 p\u00e4\u00e4ntie ja koristeprintti tuovat raikkaan, sporttisen ilmeen. Takapituus koossa S on 60 cm.<\/p>\n<p><strong>Materiaalit ja ominaisuudet:<\/strong><\/p>\n<ul>\n<li>Oversize\u2011mitoitus<\/li>\n<li>Py\u00f6re\u00e4 p\u00e4\u00e4ntie<\/li>\n<li>Koristeprintti<\/li>\n<li>Nelj\u00e4\u00e4n suuntaan joustava stretch\u2011materiaali<\/li>\n<li>Nopea kosteuden haihdutus<\/li>\n<li>62 % polyesteri, 33 % viskoosi, 5 % elastaani<\/li>\n<li>Takapituus (S): 60 cm<\/li>\n<\/ul>\n","protected":false},"excerpt":{"rendered":"<p>Naisten Luhta\u2011T\u2011paita rennolla oversize\u2011mitoituksella aktiiviseen ja rentoon menoon. Nelj\u00e4\u00e4n suuntaan joustava stretch\u2011materiaali tekee paidasta miellytt\u00e4v\u00e4n ja hyvin liikkuvan. Kangas haihduttaa kosteuden nopeasti, joten olo pysyy kuivana ja mukavana my\u00f6s aktiivisessa k\u00e4yt\u00f6ss\u00e4. Py\u00f6re\u00e4 p\u00e4\u00e4ntie ja koristeprintti tuovat raikkaan, sporttisen ilmeen. Takapituus koossa S on 60 cm. Materiaalit ja ominaisuudet: Oversize\u2011mitoitus Py\u00f6re\u00e4 p\u00e4\u00e4ntie Koristeprintti Nelj\u00e4\u00e4n suuntaan joustava [&hellip;]<\/p>\n","protected":false},"featured_media":120994,"template":"","meta":[],"product_brand":[1188],"product_cat":[1255,1459,114],"product_tag":[2010,2033,1426,1213],"class_list":{"0":"post-120041","1":"product","2":"type-product","3":"status-publish","4":"has-post-thumbnail","6":"product_brand-luhta","7":"product_cat-kaikki-naisten-vaatteet","8":"product_cat-naisten-paidat-ja-topit","9":"product_cat-t-paidat-naiset","10":"product_tag-luhta","11":"product_tag-luhta-naisten-paita","12":"product_tag-naisten-t-paidat","13":"product_tag-naisten-vaatteet","15":"first","16":"instock","17":"taxable","18":"shipping-taxable","19":"purchasable","20":"product-type-variable"},"jetpack_sharing_enabled":true,"_links":{"self":[{"href":"https:\/\/www.niskanen.fi\/verkkokauppa\/wp-json\/wp\/v2\/product\/120041","targetHints":{"allow":["GET"]}}],"collection":[{"href":"https:\/\/www.niskanen.fi\/verkkokauppa\/wp-json\/wp\/v2\/product"}],"about":[{"href":"https:\/\/www.niskanen.fi\/verkkokauppa\/wp-json\/wp\/v2\/types\/product"}],"version-history":[{"count":2,"href":"https:\/\/www.niskanen.fi\/verkkokauppa\/wp-json\/wp\/v2\/product\/120041\/revisions"}],"predecessor-version":[{"id":120999,"href":"https:\/\/www.niskanen.fi\/verkkokauppa\/wp-json\/wp\/v2\/product\/120041\/revisions\/120999"}],"wp:featuredmedia":[{"embeddable":true,"href":"https:\/\/www.niskanen.fi\/verkkokauppa\/wp-json\/wp\/v2\/media\/120994"}],"wp:attachment":[{"href":"https:\/\/www.niskanen.fi\/verkkokauppa\/wp-json\/wp\/v2\/media?parent=120041"}],"wp:term":[{"taxonomy":"product_brand","embeddable":true,"href":"https:\/\/www.niskanen.fi\/verkkokauppa\/wp-json\/wp\/v2\/product_brand?post=120041"},{"taxonomy":"product_cat","embeddable":true,"href":"https:\/\/www.niskanen.fi\/verkkokauppa\/wp-json\/wp\/v2\/product_cat?post=120041"},{"taxonomy":"product_tag","embeddable":true,"href":"https:\/\/www.niskanen.fi\/verkkokauppa\/wp-json\/wp\/v2\/product_tag?post=120041"}],"curies":[{"name":"wp","href":"https:\/\/api.w.org\/{rel}","templated":true}]}}