{"id":120063,"date":"2026-04-28T08:11:13","date_gmt":"2026-04-28T06:11:13","guid":{"rendered":"https:\/\/www.niskanen.fi\/verkkokauppa\/?post_type=product&#038;p=120063"},"modified":"2026-04-30T10:32:43","modified_gmt":"2026-04-30T08:32:43","slug":"luhta-hila-shortsi-w","status":"publish","type":"product","link":"https:\/\/www.niskanen.fi\/verkkokauppa\/tuote\/luhta-hila-shortsi-w\/","title":{"rendered":"LUHTA HILA SHORTSI W"},"content":{"rendered":"<p><strong>Naisten Luhta\u2011shortsit rennolla leikkauksella kes\u00e4n menoihin.<\/strong><\/p>\n<p>Kevyt ja nelj\u00e4\u00e4n suuntaan joustava stretch\u2011materiaali tekee shortseista miellytt\u00e4v\u00e4t ja vapaat liikkeess\u00e4. Joustava vy\u00f6t\u00e4r\u00f6 takaa hyv\u00e4n istuvuuden, ja kaksi etutaskua tuovat k\u00e4yt\u00e4nn\u00f6llisyytt\u00e4 arkeen ja vapaa\u2011aikaan. Lahkeen sis\u00e4sauma koossa S on 10 cm, mik\u00e4 antaa shortseille mukavan, kevyesti peitt\u00e4v\u00e4n pituuden.<\/p>\n<p><strong>Materiaalit ja ominaisuudet:<\/strong><\/p>\n<ul>\n<li>Rento leikkaus<\/li>\n<li>Joustava vy\u00f6t\u00e4r\u00f6<\/li>\n<li>Kaksi etutaskua<\/li>\n<li>Nelj\u00e4\u00e4n suuntaan joustava stretch\u2011materiaali<\/li>\n<li>97 % polyesteri, 3 % elastaani<\/li>\n<li>Lahkeen sis\u00e4sauma (S): 10 cm<\/li>\n<\/ul>\n","protected":false},"excerpt":{"rendered":"<p>Naisten Luhta\u2011shortsit rennolla leikkauksella kes\u00e4n menoihin. Kevyt ja nelj\u00e4\u00e4n suuntaan joustava stretch\u2011materiaali tekee shortseista miellytt\u00e4v\u00e4t ja vapaat liikkeess\u00e4. Joustava vy\u00f6t\u00e4r\u00f6 takaa hyv\u00e4n istuvuuden, ja kaksi etutaskua tuovat k\u00e4yt\u00e4nn\u00f6llisyytt\u00e4 arkeen ja vapaa\u2011aikaan. Lahkeen sis\u00e4sauma koossa S on 10 cm, mik\u00e4 antaa shortseille mukavan, kevyesti peitt\u00e4v\u00e4n pituuden. Materiaalit ja ominaisuudet: Rento leikkaus Joustava vy\u00f6t\u00e4r\u00f6 Kaksi etutaskua Nelj\u00e4\u00e4n [&hellip;]<\/p>\n","protected":false},"featured_media":120933,"template":"","meta":[],"product_brand":[1188],"product_cat":[1255,1462,862],"product_tag":[2010,1318,1213],"class_list":{"0":"post-120063","1":"product","2":"type-product","3":"status-publish","4":"has-post-thumbnail","6":"product_brand-luhta","7":"product_cat-kaikki-naisten-vaatteet","8":"product_cat-naisten-shortsit-ja-caprit","9":"product_cat-shortsit-naisten","10":"product_tag-luhta","11":"product_tag-naisten-shortsit","12":"product_tag-naisten-vaatteet","14":"first","15":"instock","16":"taxable","17":"shipping-taxable","18":"purchasable","19":"product-type-variable"},"jetpack_sharing_enabled":true,"_links":{"self":[{"href":"https:\/\/www.niskanen.fi\/verkkokauppa\/wp-json\/wp\/v2\/product\/120063","targetHints":{"allow":["GET"]}}],"collection":[{"href":"https:\/\/www.niskanen.fi\/verkkokauppa\/wp-json\/wp\/v2\/product"}],"about":[{"href":"https:\/\/www.niskanen.fi\/verkkokauppa\/wp-json\/wp\/v2\/types\/product"}],"version-history":[{"count":2,"href":"https:\/\/www.niskanen.fi\/verkkokauppa\/wp-json\/wp\/v2\/product\/120063\/revisions"}],"predecessor-version":[{"id":120940,"href":"https:\/\/www.niskanen.fi\/verkkokauppa\/wp-json\/wp\/v2\/product\/120063\/revisions\/120940"}],"wp:featuredmedia":[{"embeddable":true,"href":"https:\/\/www.niskanen.fi\/verkkokauppa\/wp-json\/wp\/v2\/media\/120933"}],"wp:attachment":[{"href":"https:\/\/www.niskanen.fi\/verkkokauppa\/wp-json\/wp\/v2\/media?parent=120063"}],"wp:term":[{"taxonomy":"product_brand","embeddable":true,"href":"https:\/\/www.niskanen.fi\/verkkokauppa\/wp-json\/wp\/v2\/product_brand?post=120063"},{"taxonomy":"product_cat","embeddable":true,"href":"https:\/\/www.niskanen.fi\/verkkokauppa\/wp-json\/wp\/v2\/product_cat?post=120063"},{"taxonomy":"product_tag","embeddable":true,"href":"https:\/\/www.niskanen.fi\/verkkokauppa\/wp-json\/wp\/v2\/product_tag?post=120063"}],"curies":[{"name":"wp","href":"https:\/\/api.w.org\/{rel}","templated":true}]}}