{"id":121697,"date":"2026-04-30T10:00:42","date_gmt":"2026-04-30T08:00:42","guid":{"rendered":"https:\/\/www.niskanen.fi\/verkkokauppa\/?post_type=product&#038;p=121697"},"modified":"2026-04-30T11:27:00","modified_gmt":"2026-04-30T09:27:00","slug":"vans-old-skool-tennarit","status":"publish","type":"product","link":"https:\/\/www.niskanen.fi\/verkkokauppa\/tuote\/vans-old-skool-tennarit\/","title":{"rendered":"VANS OLD SKOOL TENNARIT"},"content":{"rendered":"<p data-start=\"108\" data-end=\"399\">Vans Old Skool on yksi kaikkien aikojen tunnetuimmista tennareista, joka yhdist\u00e4\u00e4 ikonisen muotoilun ja kest\u00e4v\u00e4n rakenteen. Alun perin vuonna 1977 Vans #36 -mallina julkaistu kenk\u00e4 toi mukanaan legendaarisen Sidestripe\u2122-raidan \u2013 yksityiskohdan, josta on sittemmin tullut Vansin tunnusmerkki.<\/p>\n<p data-start=\"401\" data-end=\"673\">Keng\u00e4n p\u00e4\u00e4llinen on valmistettu kest\u00e4v\u00e4st\u00e4 mokkanahasta ja puuvillacanvaksesta, jotka takaavat pitk\u00e4ik\u00e4isyyden ja mukavuuden p\u00e4ivitt\u00e4isess\u00e4 k\u00e4yt\u00f6ss\u00e4. Matalavartinen malli ja nauhakiinnitys tarjoavat klassisen istuvuuden, kun taas pehmustettu kaulus lis\u00e4\u00e4 k\u00e4ytt\u00f6mukavuutta.<\/p>\n<p data-start=\"675\" data-end=\"781\">Vansin tunnusomainen vohvelikumipohja viimeistelee kokonaisuuden tarjoten hyv\u00e4n pidon ja ajattoman ilmeen.<\/p>\n<p data-start=\"783\" data-end=\"800\"><strong data-start=\"783\" data-end=\"800\">Ominaisuudet:<\/strong><\/p>\n<ul data-start=\"801\" data-end=\"1036\">\n<li data-section-id=\"1i5z6ox\" data-start=\"801\" data-end=\"836\">Ikoninen Vans Old Skool -design<\/li>\n<li data-section-id=\"c2dtcb\" data-start=\"837\" data-end=\"879\">Kest\u00e4v\u00e4 mokkanahka- ja canvasp\u00e4\u00e4llinen<\/li>\n<li data-section-id=\"1n5ylma\" data-start=\"880\" data-end=\"915\">Tunnusomainen Sidestripe\u2122-raita<\/li>\n<li data-section-id=\"1flfuro\" data-start=\"916\" data-end=\"940\">Matalavartinen malli<\/li>\n<li data-section-id=\"104scbr\" data-start=\"941\" data-end=\"959\">Nauhakiinnitys<\/li>\n<li data-section-id=\"isi8ho\" data-start=\"960\" data-end=\"999\">Pehmustettu kaulus lis\u00e4\u00e4 mukavuutta<\/li>\n<li data-section-id=\"1ubztwd\" data-start=\"1000\" data-end=\"1036\">Vohvelikumipohja hyv\u00e4ll\u00e4 pidolla<\/li>\n<\/ul>\n<p data-start=\"1038\" data-end=\"1103\">T\u00e4ydellinen valinta arkeen, skeittaukseen ja rentoon katutyyliin.<\/p>\n","protected":false},"excerpt":{"rendered":"<p>Vans Old Skool on yksi kaikkien aikojen tunnetuimmista tennareista, joka yhdist\u00e4\u00e4 ikonisen muotoilun ja kest\u00e4v\u00e4n rakenteen. Alun perin vuonna 1977 Vans #36 -mallina julkaistu kenk\u00e4 toi mukanaan legendaarisen Sidestripe\u2122-raidan \u2013 yksityiskohdan, josta on sittemmin tullut Vansin tunnusmerkki. Keng\u00e4n p\u00e4\u00e4llinen on valmistettu kest\u00e4v\u00e4st\u00e4 mokkanahasta ja puuvillacanvaksesta, jotka takaavat pitk\u00e4ik\u00e4isyyden ja mukavuuden p\u00e4ivitt\u00e4isess\u00e4 k\u00e4yt\u00f6ss\u00e4. Matalavartinen malli ja [&hellip;]<\/p>\n","protected":false},"featured_media":123127,"template":"","meta":[],"product_brand":[1982],"product_cat":[1251,1253,1252,1474,1475,15],"product_tag":[1993,1818,1409,1817,1408,2127],"class_list":{"0":"post-121697","1":"product","2":"type-product","3":"status-publish","4":"has-post-thumbnail","6":"product_brand-vans","7":"product_cat-kengat","8":"product_cat-miesten-kengat","9":"product_cat-naisten-kengat","10":"product_cat-vapaa-ajankengat-low-miehet","11":"product_cat-vapaa-ajankengat-low-naiset","12":"product_cat-yleinen","13":"product_tag-matalavartiset-tennarit","14":"product_tag-miesten-tennarit","15":"product_tag-miesten-vapaa-ajan-kengat","16":"product_tag-naisten-tennarit","17":"product_tag-naisten-vapaa-ajan-kengat","18":"product_tag-nauhakengat","20":"first","21":"instock","22":"taxable","23":"shipping-taxable","24":"purchasable","25":"product-type-variable"},"jetpack_sharing_enabled":true,"_links":{"self":[{"href":"https:\/\/www.niskanen.fi\/verkkokauppa\/wp-json\/wp\/v2\/product\/121697","targetHints":{"allow":["GET"]}}],"collection":[{"href":"https:\/\/www.niskanen.fi\/verkkokauppa\/wp-json\/wp\/v2\/product"}],"about":[{"href":"https:\/\/www.niskanen.fi\/verkkokauppa\/wp-json\/wp\/v2\/types\/product"}],"version-history":[{"count":2,"href":"https:\/\/www.niskanen.fi\/verkkokauppa\/wp-json\/wp\/v2\/product\/121697\/revisions"}],"predecessor-version":[{"id":123166,"href":"https:\/\/www.niskanen.fi\/verkkokauppa\/wp-json\/wp\/v2\/product\/121697\/revisions\/123166"}],"wp:featuredmedia":[{"embeddable":true,"href":"https:\/\/www.niskanen.fi\/verkkokauppa\/wp-json\/wp\/v2\/media\/123127"}],"wp:attachment":[{"href":"https:\/\/www.niskanen.fi\/verkkokauppa\/wp-json\/wp\/v2\/media?parent=121697"}],"wp:term":[{"taxonomy":"product_brand","embeddable":true,"href":"https:\/\/www.niskanen.fi\/verkkokauppa\/wp-json\/wp\/v2\/product_brand?post=121697"},{"taxonomy":"product_cat","embeddable":true,"href":"https:\/\/www.niskanen.fi\/verkkokauppa\/wp-json\/wp\/v2\/product_cat?post=121697"},{"taxonomy":"product_tag","embeddable":true,"href":"https:\/\/www.niskanen.fi\/verkkokauppa\/wp-json\/wp\/v2\/product_tag?post=121697"}],"curies":[{"name":"wp","href":"https:\/\/api.w.org\/{rel}","templated":true}]}}