{"id":121721,"date":"2026-04-30T10:05:19","date_gmt":"2026-04-30T08:05:19","guid":{"rendered":"https:\/\/www.niskanen.fi\/verkkokauppa\/?post_type=product&#038;p=121721"},"modified":"2026-04-30T11:44:38","modified_gmt":"2026-04-30T09:44:38","slug":"vans-ward-w-tennari","status":"publish","type":"product","link":"https:\/\/www.niskanen.fi\/verkkokauppa\/tuote\/vans-ward-w-tennari\/","title":{"rendered":"VANS WARD W TENNARI"},"content":{"rendered":"<p data-start=\"113\" data-end=\"336\">Naisten matalavartiset Vans-tennarit ovat t\u00e4ydellinen yhdistelm\u00e4 ajattoman tyylik\u00e4st\u00e4 designia ja k\u00e4ytt\u00f6mukavuutta. Klassinen malli sopii monipuolisesti vapaa-aikaan ja viimeistelee rennon asukokonaisuuden.<\/p>\n<p data-start=\"338\" data-end=\"599\">Kengiss\u00e4 on pehmustettu kaulus ja iltti, jotka lis\u00e4\u00e4v\u00e4t k\u00e4ytt\u00f6mukavuutta koko p\u00e4iv\u00e4n ajan. Yl\u00f6s asti ulottuva nauhoitus takaa hyv\u00e4n istuvuuden, ja miellytt\u00e4v\u00e4 pohjallinen tekee askelluksesta kevytt\u00e4. Ikoninen Vansin sivuraita viimeistelee tunnistettavan ilmeen.<\/p>\n<p data-start=\"601\" data-end=\"715\">Vohvelikuvioinen kumipohja tarjoaa erinomaisen pidon, tehden kengist\u00e4 luotettavan valinnan p\u00e4ivitt\u00e4iseen k\u00e4ytt\u00f6\u00f6n.<\/p>\n<p data-start=\"717\" data-end=\"734\"><strong data-start=\"717\" data-end=\"734\">Ominaisuudet:<\/strong><\/p>\n<ul data-start=\"735\" data-end=\"917\">\n<li data-section-id=\"1flfuro\" data-start=\"735\" data-end=\"759\">Matalavartinen malli<\/li>\n<li data-section-id=\"13d6ixn\" data-start=\"760\" data-end=\"787\">Ikoninen Vans sivuraita<\/li>\n<li data-section-id=\"1jew9yg\" data-start=\"788\" data-end=\"819\">Pehmustettu kaulus ja iltti<\/li>\n<li data-section-id=\"1fuf45h\" data-start=\"820\" data-end=\"852\">Yl\u00f6s asti ulottuva nauhoitus<\/li>\n<li data-section-id=\"1ffjfdi\" data-start=\"853\" data-end=\"880\">Miellytt\u00e4v\u00e4 pohjallinen<\/li>\n<li data-section-id=\"1ubztwd\" data-start=\"881\" data-end=\"917\">Vohvelikumipohja hyv\u00e4ll\u00e4 pidolla<\/li>\n<\/ul>\n<p data-start=\"919\" data-end=\"995\">T\u00e4ydellinen valinta vapaa-aikaan, kaupunkik\u00e4ytt\u00f6\u00f6n ja rentoon pukeutumiseen.<\/p>\n","protected":false},"excerpt":{"rendered":"<p>Naisten matalavartiset Vans-tennarit ovat t\u00e4ydellinen yhdistelm\u00e4 ajattoman tyylik\u00e4st\u00e4 designia ja k\u00e4ytt\u00f6mukavuutta. Klassinen malli sopii monipuolisesti vapaa-aikaan ja viimeistelee rennon asukokonaisuuden. Kengiss\u00e4 on pehmustettu kaulus ja iltti, jotka lis\u00e4\u00e4v\u00e4t k\u00e4ytt\u00f6mukavuutta koko p\u00e4iv\u00e4n ajan. Yl\u00f6s asti ulottuva nauhoitus takaa hyv\u00e4n istuvuuden, ja miellytt\u00e4v\u00e4 pohjallinen tekee askelluksesta kevytt\u00e4. Ikoninen Vansin sivuraita viimeistelee tunnistettavan ilmeen. Vohvelikuvioinen kumipohja tarjoaa erinomaisen [&hellip;]<\/p>\n","protected":false},"featured_media":123210,"template":"","meta":[],"product_brand":[1982],"product_cat":[15,1251,1252,1475],"product_tag":[1993,1817,1408,2127],"class_list":{"0":"post-121721","1":"product","2":"type-product","3":"status-publish","4":"has-post-thumbnail","6":"product_brand-vans","7":"product_cat-yleinen","8":"product_cat-kengat","9":"product_cat-naisten-kengat","10":"product_cat-vapaa-ajankengat-low-naiset","11":"product_tag-matalavartiset-tennarit","12":"product_tag-naisten-tennarit","13":"product_tag-naisten-vapaa-ajan-kengat","14":"product_tag-nauhakengat","16":"first","17":"instock","18":"taxable","19":"shipping-taxable","20":"purchasable","21":"product-type-variable"},"jetpack_sharing_enabled":true,"_links":{"self":[{"href":"https:\/\/www.niskanen.fi\/verkkokauppa\/wp-json\/wp\/v2\/product\/121721","targetHints":{"allow":["GET"]}}],"collection":[{"href":"https:\/\/www.niskanen.fi\/verkkokauppa\/wp-json\/wp\/v2\/product"}],"about":[{"href":"https:\/\/www.niskanen.fi\/verkkokauppa\/wp-json\/wp\/v2\/types\/product"}],"version-history":[{"count":2,"href":"https:\/\/www.niskanen.fi\/verkkokauppa\/wp-json\/wp\/v2\/product\/121721\/revisions"}],"predecessor-version":[{"id":123220,"href":"https:\/\/www.niskanen.fi\/verkkokauppa\/wp-json\/wp\/v2\/product\/121721\/revisions\/123220"}],"wp:featuredmedia":[{"embeddable":true,"href":"https:\/\/www.niskanen.fi\/verkkokauppa\/wp-json\/wp\/v2\/media\/123210"}],"wp:attachment":[{"href":"https:\/\/www.niskanen.fi\/verkkokauppa\/wp-json\/wp\/v2\/media?parent=121721"}],"wp:term":[{"taxonomy":"product_brand","embeddable":true,"href":"https:\/\/www.niskanen.fi\/verkkokauppa\/wp-json\/wp\/v2\/product_brand?post=121721"},{"taxonomy":"product_cat","embeddable":true,"href":"https:\/\/www.niskanen.fi\/verkkokauppa\/wp-json\/wp\/v2\/product_cat?post=121721"},{"taxonomy":"product_tag","embeddable":true,"href":"https:\/\/www.niskanen.fi\/verkkokauppa\/wp-json\/wp\/v2\/product_tag?post=121721"}],"curies":[{"name":"wp","href":"https:\/\/api.w.org\/{rel}","templated":true}]}}