{"id":123022,"date":"2026-04-30T11:00:40","date_gmt":"2026-04-30T09:00:40","guid":{"rendered":"https:\/\/www.niskanen.fi\/verkkokauppa\/?post_type=product&#038;p=123022"},"modified":"2026-04-30T12:46:46","modified_gmt":"2026-04-30T10:46:46","slug":"adidas-barreda-tennarit","status":"publish","type":"product","link":"https:\/\/www.niskanen.fi\/verkkokauppa\/tuote\/adidas-barreda-tennarit\/","title":{"rendered":"ADIDAS BARREDA TENNARIT"},"content":{"rendered":"<p data-start=\"104\" data-end=\"381\">N\u00e4m\u00e4 adidas-tennarit yhdist\u00e4v\u00e4t ajattoman muotoilun ja monik\u00e4ytt\u00f6isyyden tyylikk\u00e4\u00e4ksi kokonaisuudeksi. Ikonisesta mallista inspiraationsa saanut design, erityisesti klassinen T-k\u00e4rki, tuo kenkiin retrohenkist\u00e4 ilmett\u00e4, joka toimii niin arjessa kuin rennommissa illanvietoissa.<\/p>\n<p data-start=\"383\" data-end=\"625\">P\u00e4\u00e4llinen on valmistettu synteettisest\u00e4 nahasta ja mokkanahasta, mik\u00e4 tekee kengist\u00e4 kest\u00e4v\u00e4t ja samalla tyylikk\u00e4\u00e4t. Kuminen cupsole-pohja tarjoaa luotettavan pidon ja pitk\u00e4kestoisen tuen, joten keng\u00e4t tuntuvat mukavilta koko p\u00e4iv\u00e4n k\u00e4yt\u00f6ss\u00e4.<\/p>\n<p data-start=\"627\" data-end=\"737\">Huoleton mutta viimeistelty ulkon\u00e4k\u00f6 tekee n\u00e4ist\u00e4 tennareista helpon valinnan monenlaisiin asukokonaisuuksiin.<\/p>\n<p data-start=\"739\" data-end=\"756\"><strong data-start=\"739\" data-end=\"756\">Ominaisuudet:<\/strong><\/p>\n<ul data-start=\"757\" data-end=\"927\">\n<li data-section-id=\"1ng6uxt\" data-start=\"757\" data-end=\"782\">Ikoninen adidas-tyyli<\/li>\n<li data-section-id=\"1j3bxdf\" data-start=\"783\" data-end=\"814\">Klassinen T-k\u00e4rkinen design<\/li>\n<li data-section-id=\"f1rgwd\" data-start=\"815\" data-end=\"861\">Synteettinen nahka- ja mokkanahkap\u00e4\u00e4llinen<\/li>\n<li data-section-id=\"1re50ve\" data-start=\"862\" data-end=\"895\">Kest\u00e4v\u00e4 kuminen cupsole-pohja<\/li>\n<li data-section-id=\"61mmad\" data-start=\"896\" data-end=\"927\">Hyv\u00e4 pito ja k\u00e4ytt\u00f6mukavuus<\/li>\n<\/ul>\n","protected":false},"excerpt":{"rendered":"<p>N\u00e4m\u00e4 adidas-tennarit yhdist\u00e4v\u00e4t ajattoman muotoilun ja monik\u00e4ytt\u00f6isyyden tyylikk\u00e4\u00e4ksi kokonaisuudeksi. Ikonisesta mallista inspiraationsa saanut design, erityisesti klassinen T-k\u00e4rki, tuo kenkiin retrohenkist\u00e4 ilmett\u00e4, joka toimii niin arjessa kuin rennommissa illanvietoissa. P\u00e4\u00e4llinen on valmistettu synteettisest\u00e4 nahasta ja mokkanahasta, mik\u00e4 tekee kengist\u00e4 kest\u00e4v\u00e4t ja samalla tyylikk\u00e4\u00e4t. Kuminen cupsole-pohja tarjoaa luotettavan pidon ja pitk\u00e4kestoisen tuen, joten keng\u00e4t tuntuvat mukavilta koko [&hellip;]<\/p>\n","protected":false},"featured_media":123280,"template":"","meta":[],"product_brand":[1186],"product_cat":[1251,1253,1252,1474,1475,15],"product_tag":[2004,1818,1409,2132,1817,1408],"class_list":{"0":"post-123022","1":"product","2":"type-product","3":"status-publish","4":"has-post-thumbnail","6":"product_brand-adidas","7":"product_cat-kengat","8":"product_cat-miesten-kengat","9":"product_cat-naisten-kengat","10":"product_cat-vapaa-ajankengat-low-miehet","11":"product_cat-vapaa-ajankengat-low-naiset","12":"product_cat-yleinen","13":"product_tag-adidas","14":"product_tag-miesten-tennarit","15":"product_tag-miesten-vapaa-ajan-kengat","16":"product_tag-mokkanahka","17":"product_tag-naisten-tennarit","18":"product_tag-naisten-vapaa-ajan-kengat","20":"first","21":"instock","22":"taxable","23":"shipping-taxable","24":"purchasable","25":"product-type-variable"},"jetpack_sharing_enabled":true,"_links":{"self":[{"href":"https:\/\/www.niskanen.fi\/verkkokauppa\/wp-json\/wp\/v2\/product\/123022","targetHints":{"allow":["GET"]}}],"collection":[{"href":"https:\/\/www.niskanen.fi\/verkkokauppa\/wp-json\/wp\/v2\/product"}],"about":[{"href":"https:\/\/www.niskanen.fi\/verkkokauppa\/wp-json\/wp\/v2\/types\/product"}],"version-history":[{"count":3,"href":"https:\/\/www.niskanen.fi\/verkkokauppa\/wp-json\/wp\/v2\/product\/123022\/revisions"}],"predecessor-version":[{"id":123300,"href":"https:\/\/www.niskanen.fi\/verkkokauppa\/wp-json\/wp\/v2\/product\/123022\/revisions\/123300"}],"wp:featuredmedia":[{"embeddable":true,"href":"https:\/\/www.niskanen.fi\/verkkokauppa\/wp-json\/wp\/v2\/media\/123280"}],"wp:attachment":[{"href":"https:\/\/www.niskanen.fi\/verkkokauppa\/wp-json\/wp\/v2\/media?parent=123022"}],"wp:term":[{"taxonomy":"product_brand","embeddable":true,"href":"https:\/\/www.niskanen.fi\/verkkokauppa\/wp-json\/wp\/v2\/product_brand?post=123022"},{"taxonomy":"product_cat","embeddable":true,"href":"https:\/\/www.niskanen.fi\/verkkokauppa\/wp-json\/wp\/v2\/product_cat?post=123022"},{"taxonomy":"product_tag","embeddable":true,"href":"https:\/\/www.niskanen.fi\/verkkokauppa\/wp-json\/wp\/v2\/product_tag?post=123022"}],"curies":[{"name":"wp","href":"https:\/\/api.w.org\/{rel}","templated":true}]}}