{"id":12884,"date":"2025-10-29T19:41:49","date_gmt":"2025-10-29T17:41:49","guid":{"rendered":"https:\/\/www.niskanen.fi\/verkkokauppa\/?post_type=product&#038;p=12884"},"modified":"2026-04-21T02:18:44","modified_gmt":"2026-04-21T00:18:44","slug":"helly-hansen-scout-wash-bag-laukku","status":"publish","type":"product","link":"https:\/\/www.niskanen.fi\/verkkokauppa\/tuote\/helly-hansen-scout-wash-bag-laukku\/","title":{"rendered":"HELLY HANSEN SCOUT WASH BAG -LAUKKU"},"content":{"rendered":"<p>Klassinen toilettilaukku vett\u00e4 hylkiv\u00e4ll\u00e4 pintamateriaalilla ja ripustuskoukulla. Iso ja tilava p\u00e4\u00e4lokero sek\u00e4 verkkokankainen pieni sivutasku sis\u00e4puolella.<\/p>\n<ul>\n<li>PVC vapaa<\/li>\n<li>Ripustuskoukku<\/li>\n<li>Iso p\u00e4\u00e4tasku<\/li>\n<li>Verkkokankainen pieni tasku<\/li>\n<li>Materiaali: 600D polyesteri TPU<\/li>\n<\/ul>\n","protected":false},"excerpt":{"rendered":"<p>Klassinen toilettilaukku vett\u00e4 hylkiv\u00e4ll\u00e4 pintamateriaalilla ja ripustuskoukulla. Iso ja tilava p\u00e4\u00e4lokero sek\u00e4 verkkokankainen pieni sivutasku sis\u00e4puolella. PVC vapaa Ripustuskoukku Iso p\u00e4\u00e4tasku Verkkokankainen pieni tasku Materiaali: 600D polyesteri TPU<\/p>\n","protected":false},"featured_media":20461,"template":"","meta":[],"product_brand":[1191],"product_cat":[300],"product_tag":[1294,1355],"class_list":{"0":"post-12884","1":"product","2":"type-product","3":"status-publish","4":"has-post-thumbnail","6":"product_brand-helly-hansen","7":"product_cat-reput-ja-laukut","8":"product_tag-muut-vaatteet-ja-asusteet","9":"product_tag-reput-ja-laukut","11":"first","12":"instock","13":"taxable","14":"shipping-taxable","15":"purchasable","16":"product-type-variable"},"jetpack_sharing_enabled":true,"_links":{"self":[{"href":"https:\/\/www.niskanen.fi\/verkkokauppa\/wp-json\/wp\/v2\/product\/12884","targetHints":{"allow":["GET"]}}],"collection":[{"href":"https:\/\/www.niskanen.fi\/verkkokauppa\/wp-json\/wp\/v2\/product"}],"about":[{"href":"https:\/\/www.niskanen.fi\/verkkokauppa\/wp-json\/wp\/v2\/types\/product"}],"version-history":[{"count":0,"href":"https:\/\/www.niskanen.fi\/verkkokauppa\/wp-json\/wp\/v2\/product\/12884\/revisions"}],"wp:featuredmedia":[{"embeddable":true,"href":"https:\/\/www.niskanen.fi\/verkkokauppa\/wp-json\/wp\/v2\/media\/20461"}],"wp:attachment":[{"href":"https:\/\/www.niskanen.fi\/verkkokauppa\/wp-json\/wp\/v2\/media?parent=12884"}],"wp:term":[{"taxonomy":"product_brand","embeddable":true,"href":"https:\/\/www.niskanen.fi\/verkkokauppa\/wp-json\/wp\/v2\/product_brand?post=12884"},{"taxonomy":"product_cat","embeddable":true,"href":"https:\/\/www.niskanen.fi\/verkkokauppa\/wp-json\/wp\/v2\/product_cat?post=12884"},{"taxonomy":"product_tag","embeddable":true,"href":"https:\/\/www.niskanen.fi\/verkkokauppa\/wp-json\/wp\/v2\/product_tag?post=12884"}],"curies":[{"name":"wp","href":"https:\/\/api.w.org\/{rel}","templated":true}]}}