{"id":13199,"date":"2025-12-02T16:24:21","date_gmt":"2025-12-02T14:24:21","guid":{"rendered":"https:\/\/www.niskanen.fi\/verkkokauppa\/?post_type=product&#038;p=13199"},"modified":"2026-04-21T02:18:42","modified_gmt":"2026-04-21T00:18:42","slug":"rukka-racing-ws-pipo","status":"publish","type":"product","link":"https:\/\/www.niskanen.fi\/verkkokauppa\/tuote\/rukka-racing-ws-pipo\/","title":{"rendered":"RUKKA RACING WS -PIPO"},"content":{"rendered":"<p>Tuulenpit\u00e4v\u00e4, vett\u00e4hylkiv\u00e4 ja hengitt\u00e4v\u00e4 Windstopper-pipo. Sopii erinomaisesti esimerkiksi maastohiihtoon ja muuhun talviurheiluun. Pipo on loistava erityisesti kovalla pakkasella ja tuulella.<\/p>\n<ul>\n<li>Materiaali 50% villa, 50% akryyli<\/li>\n<\/ul>\n","protected":false},"excerpt":{"rendered":"<p>Tuulenpit\u00e4v\u00e4, vett\u00e4hylkiv\u00e4 ja hengitt\u00e4v\u00e4 Windstopper-pipo. Sopii erinomaisesti esimerkiksi maastohiihtoon ja muuhun talviurheiluun. Pipo on loistava erityisesti kovalla pakkasella ja tuulella. Materiaali 50% villa, 50% akryyli<\/p>\n","protected":false},"featured_media":21256,"template":"","meta":[],"product_brand":[1187],"product_cat":[221,280],"product_tag":[1267,1266,1234,1235],"class_list":{"0":"post-13199","1":"product","2":"type-product","3":"status-publish","4":"has-post-thumbnail","6":"product_brand-rukka","7":"product_cat-hiihtopipot","8":"product_cat-pipot","9":"product_tag-miesten-lajivaatteet","10":"product_tag-naisten-lajivaatteet","11":"product_tag-paahineet","12":"product_tag-pipot","14":"first","15":"instock","16":"taxable","17":"shipping-taxable","18":"purchasable","19":"product-type-variable"},"jetpack_sharing_enabled":true,"_links":{"self":[{"href":"https:\/\/www.niskanen.fi\/verkkokauppa\/wp-json\/wp\/v2\/product\/13199","targetHints":{"allow":["GET"]}}],"collection":[{"href":"https:\/\/www.niskanen.fi\/verkkokauppa\/wp-json\/wp\/v2\/product"}],"about":[{"href":"https:\/\/www.niskanen.fi\/verkkokauppa\/wp-json\/wp\/v2\/types\/product"}],"version-history":[{"count":1,"href":"https:\/\/www.niskanen.fi\/verkkokauppa\/wp-json\/wp\/v2\/product\/13199\/revisions"}],"predecessor-version":[{"id":21255,"href":"https:\/\/www.niskanen.fi\/verkkokauppa\/wp-json\/wp\/v2\/product\/13199\/revisions\/21255"}],"wp:featuredmedia":[{"embeddable":true,"href":"https:\/\/www.niskanen.fi\/verkkokauppa\/wp-json\/wp\/v2\/media\/21256"}],"wp:attachment":[{"href":"https:\/\/www.niskanen.fi\/verkkokauppa\/wp-json\/wp\/v2\/media?parent=13199"}],"wp:term":[{"taxonomy":"product_brand","embeddable":true,"href":"https:\/\/www.niskanen.fi\/verkkokauppa\/wp-json\/wp\/v2\/product_brand?post=13199"},{"taxonomy":"product_cat","embeddable":true,"href":"https:\/\/www.niskanen.fi\/verkkokauppa\/wp-json\/wp\/v2\/product_cat?post=13199"},{"taxonomy":"product_tag","embeddable":true,"href":"https:\/\/www.niskanen.fi\/verkkokauppa\/wp-json\/wp\/v2\/product_tag?post=13199"}],"curies":[{"name":"wp","href":"https:\/\/api.w.org\/{rel}","templated":true}]}}