{"id":13292,"date":"2025-12-02T16:25:38","date_gmt":"2025-12-02T14:25:38","guid":{"rendered":"https:\/\/www.niskanen.fi\/verkkokauppa\/?post_type=product&#038;p=13292"},"modified":"2026-04-17T00:56:11","modified_gmt":"2026-04-16T22:56:11","slug":"craft-core-insulate-glove-kasineet","status":"publish","type":"product","link":"https:\/\/www.niskanen.fi\/verkkokauppa\/tuote\/craft-core-insulate-glove-kasineet\/","title":{"rendered":"CRAFT CORE INSULATE GLOVE -K\u00c4SINEET"},"content":{"rendered":"<p>Craft Core Insulate Glove -hiihtohanskat<\/p>\n<p>Ominaisuudet:<\/p>\n<ul>\n<li>fleecevuori<\/li>\n<li>tuulenpit\u00e4v\u00e4 kangas<\/li>\n<li>k\u00e4mmenpuolella silikoniset vahvisteet<\/li>\n<\/ul>\n","protected":false},"excerpt":{"rendered":"<p>Craft Core Insulate Glove -hiihtohanskat Ominaisuudet: fleecevuori tuulenpit\u00e4v\u00e4 kangas k\u00e4mmenpuolella silikoniset vahvisteet<\/p>\n","protected":false},"featured_media":19864,"template":"","meta":[],"product_brand":[1204],"product_cat":[222],"product_tag":[1352,1267,1292,1294,1266],"class_list":{"0":"post-13292","1":"product","2":"type-product","3":"status-publish","4":"has-post-thumbnail","6":"product_brand-craft","7":"product_cat-hiihtokasineet","8":"product_tag-hiihtokasineet","9":"product_tag-miesten-lajivaatteet","10":"product_tag-muut-kasineet-aikuisten","11":"product_tag-muut-vaatteet-ja-asusteet","12":"product_tag-naisten-lajivaatteet","14":"first","15":"instock","16":"taxable","17":"shipping-taxable","18":"purchasable","19":"product-type-variable"},"jetpack_sharing_enabled":true,"_links":{"self":[{"href":"https:\/\/www.niskanen.fi\/verkkokauppa\/wp-json\/wp\/v2\/product\/13292","targetHints":{"allow":["GET"]}}],"collection":[{"href":"https:\/\/www.niskanen.fi\/verkkokauppa\/wp-json\/wp\/v2\/product"}],"about":[{"href":"https:\/\/www.niskanen.fi\/verkkokauppa\/wp-json\/wp\/v2\/types\/product"}],"version-history":[{"count":1,"href":"https:\/\/www.niskanen.fi\/verkkokauppa\/wp-json\/wp\/v2\/product\/13292\/revisions"}],"predecessor-version":[{"id":19863,"href":"https:\/\/www.niskanen.fi\/verkkokauppa\/wp-json\/wp\/v2\/product\/13292\/revisions\/19863"}],"wp:featuredmedia":[{"embeddable":true,"href":"https:\/\/www.niskanen.fi\/verkkokauppa\/wp-json\/wp\/v2\/media\/19864"}],"wp:attachment":[{"href":"https:\/\/www.niskanen.fi\/verkkokauppa\/wp-json\/wp\/v2\/media?parent=13292"}],"wp:term":[{"taxonomy":"product_brand","embeddable":true,"href":"https:\/\/www.niskanen.fi\/verkkokauppa\/wp-json\/wp\/v2\/product_brand?post=13292"},{"taxonomy":"product_cat","embeddable":true,"href":"https:\/\/www.niskanen.fi\/verkkokauppa\/wp-json\/wp\/v2\/product_cat?post=13292"},{"taxonomy":"product_tag","embeddable":true,"href":"https:\/\/www.niskanen.fi\/verkkokauppa\/wp-json\/wp\/v2\/product_tag?post=13292"}],"curies":[{"name":"wp","href":"https:\/\/api.w.org\/{rel}","templated":true}]}}