{"id":13554,"date":"2025-12-02T16:30:19","date_gmt":"2025-12-02T14:30:19","guid":{"rendered":"https:\/\/www.niskanen.fi\/verkkokauppa\/?post_type=product&#038;p=13554"},"modified":"2026-04-22T02:24:48","modified_gmt":"2026-04-22T00:24:48","slug":"devold-expedition-ws-zip-neck-naisten-aluspaita","status":"publish","type":"product","link":"https:\/\/www.niskanen.fi\/verkkokauppa\/tuote\/devold-expedition-ws-zip-neck-naisten-aluspaita\/","title":{"rendered":"DEVOLD EXPEDITION WS ZIP NECK -NAISTEN ALUSPAITA"},"content":{"rendered":"<p>Naisten eritt\u00e4in l\u00e4mmin ja hengitt\u00e4v\u00e4 kerrastopaita merinovillasta.<\/p>\n<p>Devold\u00ae Expedition vaatteet ovat kaksikerroksisia villa-alusasuja \u00e4\u00e4rimm\u00e4isiin s\u00e4\u00e4olosuhteisiin ja ne on testattu useilla naparetkikunnilla. Sisempi kerros on tehty 100 % merinovillasta ulkokerroksen ollessa 90 % Aquaduct-k\u00e4sitelty\u00e4 merinovillaa. Kankaaseen on lis\u00e4tty 10 % polyamidia kest\u00e4vyyden parantamiseksi. Expedition-sarja tarjoaa erinomaisen l\u00e4mm\u00f6neristyksen my\u00f6s kovassa pakkasessa. Lis\u00e4ksi ainutlaatuiset kosteudensiirto-ominaisuudet takaavat hyv\u00e4n hengitt\u00e4vyyden. Aquaduct-k\u00e4sittely uloimmassa kerroksessa parantaa kosteuden siirtymist\u00e4 kehosta vaatteen pinnalle, josta se haihtuu ilmaan.<\/p>\n<p>Ominaisuudet:<\/p>\n<ul>\n<li>Kehittynyt kaksikerroksinen merinovilla-alusasu<\/li>\n<li>Aquaduct-k\u00e4sittely takaa hyv\u00e4n kosteudensiirron<\/li>\n<li>Korkea, k\u00e4\u00e4nnett\u00e4v\u00e4 kaulus, 1\/2 vetoketju<\/li>\n<li>Pitk\u00e4 helma takaa istuvuuden<\/li>\n<li>Hihoissa peukalorei\u00e4t<\/li>\n<li>Ainutlaatuinen l\u00e4mm\u00f6neristys<\/li>\n<li>Seikkailijoiden suosikki<\/li>\n<li>Ulkokerros 90 % merinovilla \/ 10 % polyamidi<\/li>\n<li>Sis\u00e4kerros 100 % merinovilla<\/li>\n<li>Paino: Extra warm 235 g\/m2<\/li>\n<li>Kuitu: Hieno, 18,7 mikronia<\/li>\n<\/ul>\n","protected":false},"excerpt":{"rendered":"<p>Naisten eritt\u00e4in l\u00e4mmin ja hengitt\u00e4v\u00e4 kerrastopaita merinovillasta. Devold\u00ae Expedition vaatteet ovat kaksikerroksisia villa-alusasuja \u00e4\u00e4rimm\u00e4isiin s\u00e4\u00e4olosuhteisiin ja ne on testattu useilla naparetkikunnilla. Sisempi kerros on tehty 100 % merinovillasta ulkokerroksen ollessa 90 % Aquaduct-k\u00e4sitelty\u00e4 merinovillaa. Kankaaseen on lis\u00e4tty 10 % polyamidia kest\u00e4vyyden parantamiseksi. Expedition-sarja tarjoaa erinomaisen l\u00e4mm\u00f6neristyksen my\u00f6s kovassa pakkasessa. Lis\u00e4ksi ainutlaatuiset kosteudensiirto-ominaisuudet takaavat hyv\u00e4n hengitt\u00e4vyyden. [&hellip;]<\/p>\n","protected":false},"featured_media":20549,"template":"","meta":[],"product_brand":[1208],"product_cat":[254],"product_tag":[1275,1343,1213],"class_list":{"0":"post-13554","1":"product","2":"type-product","3":"status-publish","4":"has-post-thumbnail","6":"product_brand-devold","7":"product_cat-merinovillapaidat-naiset","8":"product_tag-naisten-alusasut","9":"product_tag-naisten-merinovillapaidat","10":"product_tag-naisten-vaatteet","12":"first","13":"instock","14":"taxable","15":"shipping-taxable","16":"purchasable","17":"product-type-variable"},"jetpack_sharing_enabled":true,"_links":{"self":[{"href":"https:\/\/www.niskanen.fi\/verkkokauppa\/wp-json\/wp\/v2\/product\/13554","targetHints":{"allow":["GET"]}}],"collection":[{"href":"https:\/\/www.niskanen.fi\/verkkokauppa\/wp-json\/wp\/v2\/product"}],"about":[{"href":"https:\/\/www.niskanen.fi\/verkkokauppa\/wp-json\/wp\/v2\/types\/product"}],"version-history":[{"count":1,"href":"https:\/\/www.niskanen.fi\/verkkokauppa\/wp-json\/wp\/v2\/product\/13554\/revisions"}],"predecessor-version":[{"id":20548,"href":"https:\/\/www.niskanen.fi\/verkkokauppa\/wp-json\/wp\/v2\/product\/13554\/revisions\/20548"}],"wp:featuredmedia":[{"embeddable":true,"href":"https:\/\/www.niskanen.fi\/verkkokauppa\/wp-json\/wp\/v2\/media\/20549"}],"wp:attachment":[{"href":"https:\/\/www.niskanen.fi\/verkkokauppa\/wp-json\/wp\/v2\/media?parent=13554"}],"wp:term":[{"taxonomy":"product_brand","embeddable":true,"href":"https:\/\/www.niskanen.fi\/verkkokauppa\/wp-json\/wp\/v2\/product_brand?post=13554"},{"taxonomy":"product_cat","embeddable":true,"href":"https:\/\/www.niskanen.fi\/verkkokauppa\/wp-json\/wp\/v2\/product_cat?post=13554"},{"taxonomy":"product_tag","embeddable":true,"href":"https:\/\/www.niskanen.fi\/verkkokauppa\/wp-json\/wp\/v2\/product_tag?post=13554"}],"curies":[{"name":"wp","href":"https:\/\/api.w.org\/{rel}","templated":true}]}}