{"id":13672,"date":"2025-12-02T16:36:10","date_gmt":"2025-12-02T14:36:10","guid":{"rendered":"https:\/\/www.niskanen.fi\/verkkokauppa\/?post_type=product&#038;p=13672"},"modified":"2026-04-09T14:40:41","modified_gmt":"2026-04-09T12:40:41","slug":"icebug-moss-4-m-bugrip-miesten-nastakengat","status":"publish","type":"product","link":"https:\/\/www.niskanen.fi\/verkkokauppa\/tuote\/icebug-moss-4-m-bugrip-miesten-nastakengat\/","title":{"rendered":"ICEBUG MOSS 4 M BUGRIP -MIESTEN NASTAKENG\u00c4T"},"content":{"rendered":"<p>Puolivartiset ja kevyet miesten ulkoilujalkineet pit\u00e4v\u00e4ll\u00e4 BUGrip\u00ae-nastapohjalla. Kenkien pintakangas on kulutuksenkest\u00e4v\u00e4 ja vett\u00e4hylkiv\u00e4. Moss 4 nastakenkien erinomainen pito muodostuu \u00e4lykk\u00e4\u00e4sti ja itsen\u00e4isesti toimivien nastojen sek\u00e4 kuvioidun kumipohjan yhdistelm\u00e4st\u00e4. Icebug-nastakenkien erinomainen pito muodostuu \u00e4lykk\u00e4\u00e4sti toimivien nastojen sek\u00e4 kumipohjan yhdistelm\u00e4st\u00e4. Nastat pureutuvat j\u00e4iseen alustaan, mutta esimerkiksi pelk\u00e4ll\u00e4 asfaltilla kuljettaessa nastat painuvat hieman kenkien pohjien sis\u00e4\u00e4n, jolloin kumipohja tarraa alustaan. Voit siis liikkua turvallisesti ja huoletta peilij\u00e4\u00e4lt\u00e4 asfaltille.<\/p>\n<p>Ei suositella sis\u00e4k\u00e4ytt\u00f6\u00f6n. Erityisesti varottava pehmeit\u00e4 lattiapintoja kuten puisia lattioita ja muovimattoja.<\/p>\n<p>Ominaisuudet:<\/p>\n<ul>\n<li>Kest\u00e4v\u00e4 RipStop-pintakangas<\/li>\n<li>Suojaava PU MudGuard -vahvike<\/li>\n<li>L\u00e4mmin fleecevuori<\/li>\n<li>Iskuja vaimentava v\u00e4lipohja<\/li>\n<li>Irrotettava Ortholite Hybrid -pohjallinen<\/li>\n<li>BUGrip\u00ae-nastapohja, jossa 13 \u00e4lykk\u00e4\u00e4sti toimivaa hiiliter\u00e4snastaa<\/li>\n<li>Ulkopohja 20% kierr\u00e4tetty\u00e4 kumia (n\u00e4kyy pohjassa v\u00e4rillisin\u00e4 pilkkuina)<\/li>\n<\/ul>\n","protected":false},"excerpt":{"rendered":"<p>Puolivartiset ja kevyet miesten ulkoilujalkineet pit\u00e4v\u00e4ll\u00e4 BUGrip\u00ae-nastapohjalla. Kenkien pintakangas on kulutuksenkest\u00e4v\u00e4 ja vett\u00e4hylkiv\u00e4. Moss 4 nastakenkien erinomainen pito muodostuu \u00e4lykk\u00e4\u00e4sti ja itsen\u00e4isesti toimivien nastojen sek\u00e4 kuvioidun kumipohjan yhdistelm\u00e4st\u00e4. Icebug-nastakenkien erinomainen pito muodostuu \u00e4lykk\u00e4\u00e4sti toimivien nastojen sek\u00e4 kumipohjan yhdistelm\u00e4st\u00e4. Nastat pureutuvat j\u00e4iseen alustaan, mutta esimerkiksi pelk\u00e4ll\u00e4 asfaltilla kuljettaessa nastat painuvat hieman kenkien pohjien sis\u00e4\u00e4n, jolloin kumipohja [&hellip;]<\/p>\n","protected":false},"featured_media":20787,"template":"","meta":[],"product_brand":[1192],"product_cat":[1183],"product_tag":[1281,1279,1331,1293],"class_list":{"0":"post-13672","1":"product","2":"type-product","3":"status-publish","4":"has-post-thumbnail","6":"product_brand-icebug","7":"product_cat-nastakengat-miehet","8":"product_tag-kengat","9":"product_tag-miesten-kengat","10":"product_tag-miesten-nastakengat","11":"product_tag-miesten-talvikengat","13":"first","14":"instock","15":"sale","16":"taxable","17":"shipping-taxable","18":"purchasable","19":"product-type-variable"},"jetpack_sharing_enabled":true,"_links":{"self":[{"href":"https:\/\/www.niskanen.fi\/verkkokauppa\/wp-json\/wp\/v2\/product\/13672","targetHints":{"allow":["GET"]}}],"collection":[{"href":"https:\/\/www.niskanen.fi\/verkkokauppa\/wp-json\/wp\/v2\/product"}],"about":[{"href":"https:\/\/www.niskanen.fi\/verkkokauppa\/wp-json\/wp\/v2\/types\/product"}],"version-history":[{"count":1,"href":"https:\/\/www.niskanen.fi\/verkkokauppa\/wp-json\/wp\/v2\/product\/13672\/revisions"}],"predecessor-version":[{"id":20786,"href":"https:\/\/www.niskanen.fi\/verkkokauppa\/wp-json\/wp\/v2\/product\/13672\/revisions\/20786"}],"wp:featuredmedia":[{"embeddable":true,"href":"https:\/\/www.niskanen.fi\/verkkokauppa\/wp-json\/wp\/v2\/media\/20787"}],"wp:attachment":[{"href":"https:\/\/www.niskanen.fi\/verkkokauppa\/wp-json\/wp\/v2\/media?parent=13672"}],"wp:term":[{"taxonomy":"product_brand","embeddable":true,"href":"https:\/\/www.niskanen.fi\/verkkokauppa\/wp-json\/wp\/v2\/product_brand?post=13672"},{"taxonomy":"product_cat","embeddable":true,"href":"https:\/\/www.niskanen.fi\/verkkokauppa\/wp-json\/wp\/v2\/product_cat?post=13672"},{"taxonomy":"product_tag","embeddable":true,"href":"https:\/\/www.niskanen.fi\/verkkokauppa\/wp-json\/wp\/v2\/product_tag?post=13672"}],"curies":[{"name":"wp","href":"https:\/\/api.w.org\/{rel}","templated":true}]}}