{"id":13735,"date":"2025-12-02T16:36:54","date_gmt":"2025-12-02T14:36:54","guid":{"rendered":"https:\/\/www.niskanen.fi\/verkkokauppa\/?post_type=product&#038;p=13735"},"modified":"2026-04-27T12:14:26","modified_gmt":"2026-04-27T10:14:26","slug":"jack-wolfskin-travel-t-m-t-paita","status":"publish","type":"product","link":"https:\/\/www.niskanen.fi\/verkkokauppa\/tuote\/jack-wolfskin-travel-t-m-t-paita\/","title":{"rendered":"JACK WOLFSKIN TRAVEL T M T-PAITA"},"content":{"rendered":"<p><strong>Miesten tekninen TRAVEL T \u2011paita matkalle ja aktiiviseen k\u00e4ytt\u00f6\u00f6n.<\/strong><\/p>\n<p>Nopeasti kuivuva TEXADRI Soft Jersey Heather \u2011materiaali siirt\u00e4\u00e4 kosteutta tehokkaasti ja hengitt\u00e4\u00e4 hyvin, pit\u00e4en olon mukavana my\u00f6s l\u00e4mpimiss\u00e4 olosuhteissa. Antibakteerinen k\u00e4sittely auttaa pit\u00e4m\u00e4\u00e4n paidan raikkaana, ja UV\u2011suoja tuo lis\u00e4turvaa auringossa. Reilu mitoitus tarjoaa rennon ja mukavan istuvuuden. Paita on lis\u00e4ksi PFC\u2011vapaa \u2013 vastuullisempi valinta matkalle ja arkeen.<\/p>\n<p><strong>Ominaisuudet:<\/strong><\/p>\n<ul>\n<li>UV\u2011suoja<\/li>\n<li>TEXADRI Soft Jersey Heather Anti\u2011Odour: nopeasti kuivuva ja hengitt\u00e4v\u00e4<\/li>\n<li>Antibakteerinen<\/li>\n<li>Joustava<\/li>\n<li>Reilu mitoitus<\/li>\n<li>PFC\u2011vapaa<\/li>\n<\/ul>\n","protected":false},"excerpt":{"rendered":"<p>Miesten tekninen TRAVEL T \u2011paita matkalle ja aktiiviseen k\u00e4ytt\u00f6\u00f6n. Nopeasti kuivuva TEXADRI Soft Jersey Heather \u2011materiaali siirt\u00e4\u00e4 kosteutta tehokkaasti ja hengitt\u00e4\u00e4 hyvin, pit\u00e4en olon mukavana my\u00f6s l\u00e4mpimiss\u00e4 olosuhteissa. Antibakteerinen k\u00e4sittely auttaa pit\u00e4m\u00e4\u00e4n paidan raikkaana, ja UV\u2011suoja tuo lis\u00e4turvaa auringossa. Reilu mitoitus tarjoaa rennon ja mukavan istuvuuden. Paita on lis\u00e4ksi PFC\u2011vapaa \u2013 vastuullisempi valinta matkalle ja [&hellip;]<\/p>\n","protected":false},"featured_media":118872,"template":"","meta":[],"product_brand":[1424],"product_cat":[1432,1460,113],"product_tag":[2099,1286,1217],"class_list":{"0":"post-13735","1":"product","2":"type-product","3":"status-publish","4":"has-post-thumbnail","6":"product_brand-jack-wolfskin","7":"product_cat-kaikki-miesten-vaatteet","8":"product_cat-miesten-paidat-ja-topit","9":"product_cat-t-paidat-miehet","10":"product_tag-jack-wolfskin","11":"product_tag-miesten-paidat-ja-topit","12":"product_tag-miesten-vaatteet","14":"first","15":"instock","16":"taxable","17":"shipping-taxable","18":"purchasable","19":"product-type-variable"},"jetpack_sharing_enabled":true,"_links":{"self":[{"href":"https:\/\/www.niskanen.fi\/verkkokauppa\/wp-json\/wp\/v2\/product\/13735","targetHints":{"allow":["GET"]}}],"collection":[{"href":"https:\/\/www.niskanen.fi\/verkkokauppa\/wp-json\/wp\/v2\/product"}],"about":[{"href":"https:\/\/www.niskanen.fi\/verkkokauppa\/wp-json\/wp\/v2\/types\/product"}],"version-history":[{"count":3,"href":"https:\/\/www.niskanen.fi\/verkkokauppa\/wp-json\/wp\/v2\/product\/13735\/revisions"}],"predecessor-version":[{"id":118882,"href":"https:\/\/www.niskanen.fi\/verkkokauppa\/wp-json\/wp\/v2\/product\/13735\/revisions\/118882"}],"wp:featuredmedia":[{"embeddable":true,"href":"https:\/\/www.niskanen.fi\/verkkokauppa\/wp-json\/wp\/v2\/media\/118872"}],"wp:attachment":[{"href":"https:\/\/www.niskanen.fi\/verkkokauppa\/wp-json\/wp\/v2\/media?parent=13735"}],"wp:term":[{"taxonomy":"product_brand","embeddable":true,"href":"https:\/\/www.niskanen.fi\/verkkokauppa\/wp-json\/wp\/v2\/product_brand?post=13735"},{"taxonomy":"product_cat","embeddable":true,"href":"https:\/\/www.niskanen.fi\/verkkokauppa\/wp-json\/wp\/v2\/product_cat?post=13735"},{"taxonomy":"product_tag","embeddable":true,"href":"https:\/\/www.niskanen.fi\/verkkokauppa\/wp-json\/wp\/v2\/product_tag?post=13735"}],"curies":[{"name":"wp","href":"https:\/\/api.w.org\/{rel}","templated":true}]}}