{"id":14007,"date":"2025-12-02T16:40:25","date_gmt":"2025-12-02T14:40:25","guid":{"rendered":"https:\/\/www.niskanen.fi\/verkkokauppa\/?post_type=product&#038;p=14007"},"modified":"2026-04-09T15:11:45","modified_gmt":"2026-04-09T13:11:45","slug":"rukka-taasia-topparukkanen","status":"publish","type":"product","link":"https:\/\/www.niskanen.fi\/verkkokauppa\/tuote\/rukka-taasia-topparukkanen\/","title":{"rendered":"RUKKA TAASIA TOPPARUKKANEN"},"content":{"rendered":"<p>Nahkaiset ja eritt\u00e4in l\u00e4mpim\u00e4t rukkaset.<\/p>\n<ul>\n<li>Valmistettu aidosta nahasta<\/li>\n<li>L\u00e4mmin teddyvuori<\/li>\n<\/ul>\n","protected":false},"excerpt":{"rendered":"<p>Nahkaiset ja eritt\u00e4in l\u00e4mpim\u00e4t rukkaset. Valmistettu aidosta nahasta L\u00e4mmin teddyvuori<\/p>\n","protected":false},"featured_media":19651,"template":"","meta":[],"product_brand":[1187],"product_cat":[287],"product_tag":[1329,1294],"class_list":{"0":"post-14007","1":"product","2":"type-product","3":"status-publish","4":"has-post-thumbnail","6":"product_brand-rukka","7":"product_cat-toppakasineet-aikuisten","8":"product_tag-aikuisten-toppakasineet","9":"product_tag-muut-vaatteet-ja-asusteet","11":"first","12":"instock","13":"sale","14":"taxable","15":"shipping-taxable","16":"purchasable","17":"product-type-variable"},"jetpack_sharing_enabled":true,"_links":{"self":[{"href":"https:\/\/www.niskanen.fi\/verkkokauppa\/wp-json\/wp\/v2\/product\/14007","targetHints":{"allow":["GET"]}}],"collection":[{"href":"https:\/\/www.niskanen.fi\/verkkokauppa\/wp-json\/wp\/v2\/product"}],"about":[{"href":"https:\/\/www.niskanen.fi\/verkkokauppa\/wp-json\/wp\/v2\/types\/product"}],"version-history":[{"count":1,"href":"https:\/\/www.niskanen.fi\/verkkokauppa\/wp-json\/wp\/v2\/product\/14007\/revisions"}],"predecessor-version":[{"id":19650,"href":"https:\/\/www.niskanen.fi\/verkkokauppa\/wp-json\/wp\/v2\/product\/14007\/revisions\/19650"}],"wp:featuredmedia":[{"embeddable":true,"href":"https:\/\/www.niskanen.fi\/verkkokauppa\/wp-json\/wp\/v2\/media\/19651"}],"wp:attachment":[{"href":"https:\/\/www.niskanen.fi\/verkkokauppa\/wp-json\/wp\/v2\/media?parent=14007"}],"wp:term":[{"taxonomy":"product_brand","embeddable":true,"href":"https:\/\/www.niskanen.fi\/verkkokauppa\/wp-json\/wp\/v2\/product_brand?post=14007"},{"taxonomy":"product_cat","embeddable":true,"href":"https:\/\/www.niskanen.fi\/verkkokauppa\/wp-json\/wp\/v2\/product_cat?post=14007"},{"taxonomy":"product_tag","embeddable":true,"href":"https:\/\/www.niskanen.fi\/verkkokauppa\/wp-json\/wp\/v2\/product_tag?post=14007"}],"curies":[{"name":"wp","href":"https:\/\/api.w.org\/{rel}","templated":true}]}}