{"id":14091,"date":"2025-12-02T16:41:17","date_gmt":"2025-12-02T14:41:17","guid":{"rendered":"https:\/\/www.niskanen.fi\/verkkokauppa\/?post_type=product&#038;p=14091"},"modified":"2026-04-17T00:56:15","modified_gmt":"2026-04-16T22:56:15","slug":"johaug-advance-primaloft-pants-w-naisten-hybridihousut","status":"publish","type":"product","link":"https:\/\/www.niskanen.fi\/verkkokauppa\/tuote\/johaug-advance-primaloft-pants-w-naisten-hybridihousut\/","title":{"rendered":"JOHAUG ADVANCE PRIMALOFT PANTS W -NAISTEN HYBRIDIHOUSUT"},"content":{"rendered":"<p data-start=\"133\" data-end=\"389\">Johaug Advance Primaloft Pants ovat tyylikk\u00e4\u00e4t ja tekniset naisten talvihousut hiihtoon ja muuhun talviurheiluun. Edess\u00e4 oleva Primaloft\u00ae Gold -eriste suojaa kylm\u00e4lt\u00e4, kun taas joustava ja hengitt\u00e4v\u00e4 takapaneeli takaa erinomaisen liikkumisvapauden. Korkea, s\u00e4\u00e4dett\u00e4v\u00e4 vy\u00f6t\u00e4r\u00f6 lis\u00e4\u00e4 mukavuutta ja istuvuutta. Lahkeensuiden vetoketjut helpottavat pukemista ja heijastavat yksityiskohdat parantavat n\u00e4kyvyytt\u00e4 h\u00e4m\u00e4r\u00e4ss\u00e4.<\/p>\n<p data-start=\"573\" data-end=\"590\">Ominaisuudet:<\/p>\n<ul data-start=\"591\" data-end=\"763\">\n<li data-start=\"591\" data-end=\"625\">\n<p data-start=\"593\" data-end=\"625\">Primaloft\u00ae Gold -eriste edess\u00e4<\/p>\n<\/li>\n<li data-start=\"626\" data-end=\"672\">\n<p data-start=\"628\" data-end=\"672\">Joustava, l\u00e4mmin ja hengitt\u00e4v\u00e4 takapaneeli<\/p>\n<\/li>\n<li data-start=\"673\" data-end=\"703\">\n<p data-start=\"675\" data-end=\"703\">Korkea, s\u00e4\u00e4dett\u00e4v\u00e4 vy\u00f6t\u00e4r\u00f6<\/p>\n<\/li>\n<li data-start=\"704\" data-end=\"732\">\n<p data-start=\"706\" data-end=\"732\">Vetoketjut lahkeensuissa<\/p>\n<\/li>\n<li data-start=\"733\" data-end=\"763\">\n<p data-start=\"735\" data-end=\"763\">Heijastavat yksityiskohdat<\/p>\n<\/li>\n<li>P\u00e4\u00e4materiaali: 100% Polyesteri<\/li>\n<li>Kontrastikangas: 100% Polyesteri<\/li>\n<li>2.kontrastikangas: 88% Polyesteri, 12% Elastaani<\/li>\n<li>Vuori: 100% Polyesteri<\/li>\n<li>T\u00e4yte: 100% Polyesteri, josta 55% kierr\u00e4tetty\u00e4<\/li>\n<\/ul>\n","protected":false},"excerpt":{"rendered":"<p>Johaug Advance Primaloft Pants ovat tyylikk\u00e4\u00e4t ja tekniset naisten talvihousut hiihtoon ja muuhun talviurheiluun. Edess\u00e4 oleva Primaloft\u00ae Gold -eriste suojaa kylm\u00e4lt\u00e4, kun taas joustava ja hengitt\u00e4v\u00e4 takapaneeli takaa erinomaisen liikkumisvapauden. Korkea, s\u00e4\u00e4dett\u00e4v\u00e4 vy\u00f6t\u00e4r\u00f6 lis\u00e4\u00e4 mukavuutta ja istuvuutta. Lahkeensuiden vetoketjut helpottavat pukemista ja heijastavat yksityiskohdat parantavat n\u00e4kyvyytt\u00e4 h\u00e4m\u00e4r\u00e4ss\u00e4. Ominaisuudet: Primaloft\u00ae Gold -eriste edess\u00e4 Joustava, l\u00e4mmin ja [&hellip;]<\/p>\n","protected":false},"featured_media":21774,"template":"","meta":[],"product_brand":[],"product_cat":[216,81],"product_tag":[1348,1266,1213],"class_list":{"0":"post-14091","1":"product","2":"type-product","3":"status-publish","4":"has-post-thumbnail","6":"product_cat-hiihtohousut-naiset","7":"product_cat-hybridihousut-naiset","8":"product_tag-naisten-hiihtohousut","9":"product_tag-naisten-lajivaatteet","10":"product_tag-naisten-vaatteet","12":"first","13":"instock","14":"taxable","15":"shipping-taxable","16":"purchasable","17":"product-type-variable"},"jetpack_sharing_enabled":true,"_links":{"self":[{"href":"https:\/\/www.niskanen.fi\/verkkokauppa\/wp-json\/wp\/v2\/product\/14091","targetHints":{"allow":["GET"]}}],"collection":[{"href":"https:\/\/www.niskanen.fi\/verkkokauppa\/wp-json\/wp\/v2\/product"}],"about":[{"href":"https:\/\/www.niskanen.fi\/verkkokauppa\/wp-json\/wp\/v2\/types\/product"}],"version-history":[{"count":2,"href":"https:\/\/www.niskanen.fi\/verkkokauppa\/wp-json\/wp\/v2\/product\/14091\/revisions"}],"predecessor-version":[{"id":21776,"href":"https:\/\/www.niskanen.fi\/verkkokauppa\/wp-json\/wp\/v2\/product\/14091\/revisions\/21776"}],"wp:featuredmedia":[{"embeddable":true,"href":"https:\/\/www.niskanen.fi\/verkkokauppa\/wp-json\/wp\/v2\/media\/21774"}],"wp:attachment":[{"href":"https:\/\/www.niskanen.fi\/verkkokauppa\/wp-json\/wp\/v2\/media?parent=14091"}],"wp:term":[{"taxonomy":"product_brand","embeddable":true,"href":"https:\/\/www.niskanen.fi\/verkkokauppa\/wp-json\/wp\/v2\/product_brand?post=14091"},{"taxonomy":"product_cat","embeddable":true,"href":"https:\/\/www.niskanen.fi\/verkkokauppa\/wp-json\/wp\/v2\/product_cat?post=14091"},{"taxonomy":"product_tag","embeddable":true,"href":"https:\/\/www.niskanen.fi\/verkkokauppa\/wp-json\/wp\/v2\/product_tag?post=14091"}],"curies":[{"name":"wp","href":"https:\/\/api.w.org\/{rel}","templated":true}]}}