{"id":14487,"date":"2025-12-02T16:46:24","date_gmt":"2025-12-02T14:46:24","guid":{"rendered":"https:\/\/www.niskanen.fi\/verkkokauppa\/?post_type=product&#038;p=14487"},"modified":"2026-04-24T15:06:55","modified_gmt":"2026-04-24T13:06:55","slug":"rohnisch-seamless-flex-tank-w-toppi","status":"publish","type":"product","link":"https:\/\/www.niskanen.fi\/verkkokauppa\/tuote\/rohnisch-seamless-flex-tank-w-toppi\/","title":{"rendered":"R\u00d6HNISCH SEAMLESS FLEX TANK W TOPPI"},"content":{"rendered":"<p><strong>Naisten toppi pehme\u00e4\u00e4 ja eritt\u00e4in joustavaa seamless\u2011materiaalia kierr\u00e4tetyist\u00e4 kuiduista.<\/strong> Mukava ja napakka tight fit \u2011istuvuus tekee topista t\u00e4ydellisen treeniin. Painijanselk\u00e4 (racerback) antaa hyv\u00e4n liikkuvuuden, ja edess\u00e4 oleva R\u2011logo sek\u00e4 sel\u00e4n R\u00f6hnisch\u2011teksti tuovat sporttisen ilmeen.<\/p>\n<p><strong>Materiaalit ja ominaisuudet:<\/strong><\/p>\n<ul>\n<li>55 % nylon, 41 % kierr\u00e4tetty polyesteri, 4 % elastaani<\/li>\n<li>Pehme\u00e4 ja hengitt\u00e4v\u00e4 seamless\u2011materiaali<\/li>\n<li>Tight fit<\/li>\n<li>Racerback\u2011selk\u00e4<\/li>\n<li>R\u2011logo edess\u00e4<\/li>\n<li>R\u00f6hnisch\u2011teksti sel\u00e4ss\u00e4<\/li>\n<\/ul>\n","protected":false},"excerpt":{"rendered":"<p>Naisten toppi pehme\u00e4\u00e4 ja eritt\u00e4in joustavaa seamless\u2011materiaalia kierr\u00e4tetyist\u00e4 kuiduista. Mukava ja napakka tight fit \u2011istuvuus tekee topista t\u00e4ydellisen treeniin. Painijanselk\u00e4 (racerback) antaa hyv\u00e4n liikkuvuuden, ja edess\u00e4 oleva R\u2011logo sek\u00e4 sel\u00e4n R\u00f6hnisch\u2011teksti tuovat sporttisen ilmeen. Materiaalit ja ominaisuudet: 55 % nylon, 41 % kierr\u00e4tetty polyesteri, 4 % elastaani Pehme\u00e4 ja hengitt\u00e4v\u00e4 seamless\u2011materiaali Tight fit Racerback\u2011selk\u00e4 R\u2011logo [&hellip;]<\/p>\n","protected":false},"featured_media":115497,"template":"","meta":[],"product_brand":[1249],"product_cat":[1255,1455,175],"product_tag":[1273,1213,2114],"class_list":{"0":"post-14487","1":"product","2":"type-product","3":"status-publish","4":"has-post-thumbnail","6":"product_brand-rohnisch","7":"product_cat-kaikki-naisten-vaatteet","8":"product_cat-naisten-treenivaatteet","9":"product_cat-treenitopit-naiset","10":"product_tag-naisten-paidat-ja-topit","11":"product_tag-naisten-vaatteet","12":"product_tag-rohnisch","14":"first","15":"instock","16":"taxable","17":"shipping-taxable","18":"purchasable","19":"product-type-variable"},"jetpack_sharing_enabled":true,"_links":{"self":[{"href":"https:\/\/www.niskanen.fi\/verkkokauppa\/wp-json\/wp\/v2\/product\/14487","targetHints":{"allow":["GET"]}}],"collection":[{"href":"https:\/\/www.niskanen.fi\/verkkokauppa\/wp-json\/wp\/v2\/product"}],"about":[{"href":"https:\/\/www.niskanen.fi\/verkkokauppa\/wp-json\/wp\/v2\/types\/product"}],"version-history":[{"count":2,"href":"https:\/\/www.niskanen.fi\/verkkokauppa\/wp-json\/wp\/v2\/product\/14487\/revisions"}],"predecessor-version":[{"id":115500,"href":"https:\/\/www.niskanen.fi\/verkkokauppa\/wp-json\/wp\/v2\/product\/14487\/revisions\/115500"}],"wp:featuredmedia":[{"embeddable":true,"href":"https:\/\/www.niskanen.fi\/verkkokauppa\/wp-json\/wp\/v2\/media\/115497"}],"wp:attachment":[{"href":"https:\/\/www.niskanen.fi\/verkkokauppa\/wp-json\/wp\/v2\/media?parent=14487"}],"wp:term":[{"taxonomy":"product_brand","embeddable":true,"href":"https:\/\/www.niskanen.fi\/verkkokauppa\/wp-json\/wp\/v2\/product_brand?post=14487"},{"taxonomy":"product_cat","embeddable":true,"href":"https:\/\/www.niskanen.fi\/verkkokauppa\/wp-json\/wp\/v2\/product_cat?post=14487"},{"taxonomy":"product_tag","embeddable":true,"href":"https:\/\/www.niskanen.fi\/verkkokauppa\/wp-json\/wp\/v2\/product_tag?post=14487"}],"curies":[{"name":"wp","href":"https:\/\/api.w.org\/{rel}","templated":true}]}}