{"id":14491,"date":"2025-12-02T16:46:27","date_gmt":"2025-12-02T14:46:27","guid":{"rendered":"https:\/\/www.niskanen.fi\/verkkokauppa\/?post_type=product&#038;p=14491"},"modified":"2026-03-20T10:32:49","modified_gmt":"2026-03-20T08:32:49","slug":"energetics-simone-w-ribbed-shorts-naisten-shortsit","status":"publish","type":"product","link":"https:\/\/www.niskanen.fi\/verkkokauppa\/tuote\/energetics-simone-w-ribbed-shorts-naisten-shortsit\/","title":{"rendered":"ENERGETICS SIMONE W RIBBED SHORTS -NAISTEN SHORTSIT"},"content":{"rendered":"<p>Monipuoliset trikooshortsit naisille. Simone-malli on valmistettu nopeasti kuivuvasta materiaalista, jossa on ribattu pinta ja korkea, alas taitettava vy\u00f6t\u00e4r\u00f6. Dry Plus -teknologia siirt\u00e4\u00e4 kosteutta tehokkaasti ja pit\u00e4\u00e4 olon miellytt\u00e4v\u00e4n\u00e4 harjoittelun aikana.<\/p>\n<p>Ominaisuudet:<\/p>\n<ul>\n<li>Normaali istuvuus<\/li>\n<li>Korkea, taitettava vy\u00f6t\u00e4r\u00f6<\/li>\n<li>Ribattu rakenne<\/li>\n<li>Materiaali: 78% polyesteri, 22% elastaani<\/li>\n<\/ul>\n","protected":false},"excerpt":{"rendered":"<p>Monipuoliset trikooshortsit naisille. Simone-malli on valmistettu nopeasti kuivuvasta materiaalista, jossa on ribattu pinta ja korkea, alas taitettava vy\u00f6t\u00e4r\u00f6. Dry Plus -teknologia siirt\u00e4\u00e4 kosteutta tehokkaasti ja pit\u00e4\u00e4 olon miellytt\u00e4v\u00e4n\u00e4 harjoittelun aikana. Ominaisuudet: Normaali istuvuus Korkea, taitettava vy\u00f6t\u00e4r\u00f6 Ribattu rakenne Materiaali: 78% polyesteri, 22% elastaani<\/p>\n","protected":false},"featured_media":21364,"template":"","meta":[],"product_brand":[1211],"product_cat":[181],"product_tag":[1318,1299,1213],"class_list":{"0":"post-14491","1":"product","2":"type-product","3":"status-publish","4":"has-post-thumbnail","6":"product_brand-energetics","7":"product_cat-treenishortsit-naiset","8":"product_tag-naisten-shortsit","9":"product_tag-naisten-treenivaatteet","10":"product_tag-naisten-vaatteet","12":"first","13":"instock","14":"taxable","15":"shipping-taxable","16":"purchasable","17":"product-type-variable"},"jetpack_sharing_enabled":true,"_links":{"self":[{"href":"https:\/\/www.niskanen.fi\/verkkokauppa\/wp-json\/wp\/v2\/product\/14491","targetHints":{"allow":["GET"]}}],"collection":[{"href":"https:\/\/www.niskanen.fi\/verkkokauppa\/wp-json\/wp\/v2\/product"}],"about":[{"href":"https:\/\/www.niskanen.fi\/verkkokauppa\/wp-json\/wp\/v2\/types\/product"}],"version-history":[{"count":1,"href":"https:\/\/www.niskanen.fi\/verkkokauppa\/wp-json\/wp\/v2\/product\/14491\/revisions"}],"predecessor-version":[{"id":21363,"href":"https:\/\/www.niskanen.fi\/verkkokauppa\/wp-json\/wp\/v2\/product\/14491\/revisions\/21363"}],"wp:featuredmedia":[{"embeddable":true,"href":"https:\/\/www.niskanen.fi\/verkkokauppa\/wp-json\/wp\/v2\/media\/21364"}],"wp:attachment":[{"href":"https:\/\/www.niskanen.fi\/verkkokauppa\/wp-json\/wp\/v2\/media?parent=14491"}],"wp:term":[{"taxonomy":"product_brand","embeddable":true,"href":"https:\/\/www.niskanen.fi\/verkkokauppa\/wp-json\/wp\/v2\/product_brand?post=14491"},{"taxonomy":"product_cat","embeddable":true,"href":"https:\/\/www.niskanen.fi\/verkkokauppa\/wp-json\/wp\/v2\/product_cat?post=14491"},{"taxonomy":"product_tag","embeddable":true,"href":"https:\/\/www.niskanen.fi\/verkkokauppa\/wp-json\/wp\/v2\/product_tag?post=14491"}],"curies":[{"name":"wp","href":"https:\/\/api.w.org\/{rel}","templated":true}]}}