{"id":150307,"date":"2026-05-13T08:30:23","date_gmt":"2026-05-13T06:30:23","guid":{"rendered":"https:\/\/www.niskanen.fi\/verkkokauppa\/?post_type=product&#038;p=150307"},"modified":"2026-05-13T09:01:26","modified_gmt":"2026-05-13T07:01:26","slug":"rukka-varkaus-w-polo-paita","status":"publish","type":"product","link":"https:\/\/www.niskanen.fi\/verkkokauppa\/tuote\/rukka-varkaus-w-polo-paita\/","title":{"rendered":"RUKKA VARKAUS W POLO PAITA"},"content":{"rendered":"<p data-start=\"63\" data-end=\"120\"><strong data-start=\"63\" data-end=\"120\">Naisten joustava pikeepaita ulkoiluun ja vapaa-aikaan<\/strong><\/p>\n<p data-start=\"122\" data-end=\"416\">Tyylik\u00e4s ja mukava naisten pikeepaita aktiiviseen arkeen, ulkoiluun ja vapaa-aikaan. Hengitt\u00e4v\u00e4 ja nopeasti kuivuva materiaali pit\u00e4\u00e4 olon raikkaana my\u00f6s liikkuessa. Nelj\u00e4\u00e4n suuntaan joustava stretch-kangas tarjoaa t\u00e4ydellisen liikkumisvapauden niin retkille, golfkent\u00e4lle kuin rentoon k\u00e4ytt\u00f6\u00f6n.<\/p>\n<p data-start=\"418\" data-end=\"666\">Pikeepaidassa on naisellinen kauttaaltaan kuvioitu design sek\u00e4 k\u00e4yt\u00e4nn\u00f6llinen puolinapitus edess\u00e4. Kevyt materiaali siirt\u00e4\u00e4 kosteutta tehokkaasti pois iholta ja kuivuu nopeasti, mik\u00e4 lis\u00e4\u00e4 k\u00e4ytt\u00f6mukavuutta l\u00e4mpimin\u00e4 p\u00e4ivin\u00e4 ja aktiivisessa menossa.<\/p>\n<p data-start=\"668\" data-end=\"768\">Valmistettu 100 % polyesterist\u00e4, sis\u00e4lt\u00e4en my\u00f6s kierr\u00e4tysmateriaalia. Takapituus koossa 38 on 64 cm.<\/p>\n<p data-start=\"770\" data-end=\"787\"><strong data-start=\"770\" data-end=\"787\">Ominaisuudet:<\/strong><\/p>\n<ul data-start=\"788\" data-end=\"1003\">\n<li data-section-id=\"yv3wpv\" data-start=\"788\" data-end=\"831\">Hengitt\u00e4v\u00e4 ja nopeasti kuivuva materiaali<\/li>\n<li data-section-id=\"1dt5c4e\" data-start=\"832\" data-end=\"874\">Nelj\u00e4\u00e4n suuntaan joustava stretch-kangas<\/li>\n<li data-section-id=\"1foafpf\" data-start=\"875\" data-end=\"896\">Puolinapitus edess\u00e4<\/li>\n<li data-section-id=\"1l40lu0\" data-start=\"897\" data-end=\"922\">Tyylik\u00e4s kuvioitu kuosi<\/li>\n<li data-section-id=\"gzf8g2\" data-start=\"923\" data-end=\"954\">Sis\u00e4lt\u00e4\u00e4 kierr\u00e4tysmateriaalia<\/li>\n<li data-section-id=\"q18iy5\" data-start=\"955\" data-end=\"1003\">Erinomainen ulkoiluun, golfiin ja vapaa-aikaan<\/li>\n<\/ul>\n","protected":false},"excerpt":{"rendered":"<p>Naisten joustava pikeepaita ulkoiluun ja vapaa-aikaan Tyylik\u00e4s ja mukava naisten pikeepaita aktiiviseen arkeen, ulkoiluun ja vapaa-aikaan. Hengitt\u00e4v\u00e4 ja nopeasti kuivuva materiaali pit\u00e4\u00e4 olon raikkaana my\u00f6s liikkuessa. Nelj\u00e4\u00e4n suuntaan joustava stretch-kangas tarjoaa t\u00e4ydellisen liikkumisvapauden niin retkille, golfkent\u00e4lle kuin rentoon k\u00e4ytt\u00f6\u00f6n. Pikeepaidassa on naisellinen kauttaaltaan kuvioitu design sek\u00e4 k\u00e4yt\u00e4nn\u00f6llinen puolinapitus edess\u00e4. Kevyt materiaali siirt\u00e4\u00e4 kosteutta tehokkaasti pois [&hellip;]<\/p>\n","protected":false},"featured_media":150331,"template":"","meta":[],"product_brand":[1187],"product_cat":[1255,1459,123],"product_tag":[2108,2145,1273,2100,1998],"class_list":{"0":"post-150307","1":"product","2":"type-product","3":"status-publish","4":"has-post-thumbnail","6":"product_brand-rukka","7":"product_cat-kaikki-naisten-vaatteet","8":"product_cat-naisten-paidat-ja-topit","9":"product_cat-pikeepaidat-naiset","10":"product_tag-golf","11":"product_tag-hengittava","12":"product_tag-naisten-paidat-ja-topit","13":"product_tag-pikeepaidat","14":"product_tag-rukka","16":"first","17":"instock","18":"taxable","19":"shipping-taxable","20":"purchasable","21":"product-type-variable"},"jetpack_sharing_enabled":true,"_links":{"self":[{"href":"https:\/\/www.niskanen.fi\/verkkokauppa\/wp-json\/wp\/v2\/product\/150307","targetHints":{"allow":["GET"]}}],"collection":[{"href":"https:\/\/www.niskanen.fi\/verkkokauppa\/wp-json\/wp\/v2\/product"}],"about":[{"href":"https:\/\/www.niskanen.fi\/verkkokauppa\/wp-json\/wp\/v2\/types\/product"}],"version-history":[{"count":2,"href":"https:\/\/www.niskanen.fi\/verkkokauppa\/wp-json\/wp\/v2\/product\/150307\/revisions"}],"predecessor-version":[{"id":150337,"href":"https:\/\/www.niskanen.fi\/verkkokauppa\/wp-json\/wp\/v2\/product\/150307\/revisions\/150337"}],"wp:featuredmedia":[{"embeddable":true,"href":"https:\/\/www.niskanen.fi\/verkkokauppa\/wp-json\/wp\/v2\/media\/150331"}],"wp:attachment":[{"href":"https:\/\/www.niskanen.fi\/verkkokauppa\/wp-json\/wp\/v2\/media?parent=150307"}],"wp:term":[{"taxonomy":"product_brand","embeddable":true,"href":"https:\/\/www.niskanen.fi\/verkkokauppa\/wp-json\/wp\/v2\/product_brand?post=150307"},{"taxonomy":"product_cat","embeddable":true,"href":"https:\/\/www.niskanen.fi\/verkkokauppa\/wp-json\/wp\/v2\/product_cat?post=150307"},{"taxonomy":"product_tag","embeddable":true,"href":"https:\/\/www.niskanen.fi\/verkkokauppa\/wp-json\/wp\/v2\/product_tag?post=150307"}],"curies":[{"name":"wp","href":"https:\/\/api.w.org\/{rel}","templated":true}]}}