{"id":150320,"date":"2026-05-13T08:35:18","date_gmt":"2026-05-13T06:35:18","guid":{"rendered":"https:\/\/www.niskanen.fi\/verkkokauppa\/?post_type=product&#038;p=150320"},"modified":"2026-05-13T09:13:25","modified_gmt":"2026-05-13T07:13:25","slug":"rukka-vestra-w-pikeepaita","status":"publish","type":"product","link":"https:\/\/www.niskanen.fi\/verkkokauppa\/tuote\/rukka-vestra-w-pikeepaita\/","title":{"rendered":"RUKKA VESTRA W PIKEEPAITA"},"content":{"rendered":"<p data-start=\"0\" data-end=\"55\"><strong data-start=\"0\" data-end=\"55\">Naisten tekninen pikeepaita aktiiviseen vapaa-aikaan<\/strong><\/p>\n<p data-start=\"57\" data-end=\"357\">Mukava ja monik\u00e4ytt\u00f6inen naisten pikeepaita golfkent\u00e4lle, ulkoiluun ja aktiiviseen vapaa-aikaan. Tyylik\u00e4s malli yhdist\u00e4\u00e4 sporttisen ilmeen ja erinomaisen k\u00e4ytt\u00f6mukavuuden. Kevyt ja hengitt\u00e4v\u00e4 materiaali siirt\u00e4\u00e4 kosteutta tehokkaasti pois iholta, pit\u00e4en olon kuivana ja miellytt\u00e4v\u00e4n\u00e4 koko p\u00e4iv\u00e4n ajan.<\/p>\n<p data-start=\"359\" data-end=\"548\">Nelisuuntainen stretch-materiaali joustaa liikkeidesi mukana tarjoten t\u00e4ydellisen liikkumisvapauden niin golfly\u00f6nteihin kuin ulkoiluun. Klassinen puolinapitus viimeistelee ajattoman ilmeen.<\/p>\n<p data-start=\"550\" data-end=\"665\">Pikeepaita on valmistettu 100 % polyesterist\u00e4 ja sis\u00e4lt\u00e4\u00e4 my\u00f6s kierr\u00e4tysmateriaalia. Takapituus koossa 38 on 64 cm.<\/p>\n<p data-start=\"667\" data-end=\"684\"><strong data-start=\"667\" data-end=\"684\">Ominaisuudet:<\/strong><\/p>\n<ul data-start=\"685\" data-end=\"899\">\n<li data-section-id=\"9o5158\" data-start=\"685\" data-end=\"731\">Nelj\u00e4\u00e4n suuntaan joustava stretch-materiaali<\/li>\n<li data-section-id=\"28j46p\" data-start=\"732\" data-end=\"771\">Hengitt\u00e4v\u00e4 ja nopeasti kuivuva kangas<\/li>\n<li data-section-id=\"1foafpf\" data-start=\"772\" data-end=\"793\">Puolinapitus edess\u00e4<\/li>\n<li data-section-id=\"17vaqge\" data-start=\"794\" data-end=\"824\">Kevyt ja miellytt\u00e4v\u00e4 k\u00e4ytt\u00e4\u00e4<\/li>\n<li data-section-id=\"gzf8g2\" data-start=\"825\" data-end=\"856\">Sis\u00e4lt\u00e4\u00e4 kierr\u00e4tysmateriaalia<\/li>\n<li data-section-id=\"s8xzy6\" data-start=\"857\" data-end=\"899\">Sopii golfiin, ulkoiluun ja vapaa-aikaan<\/li>\n<\/ul>\n","protected":false},"excerpt":{"rendered":"<p>Naisten tekninen pikeepaita aktiiviseen vapaa-aikaan Mukava ja monik\u00e4ytt\u00f6inen naisten pikeepaita golfkent\u00e4lle, ulkoiluun ja aktiiviseen vapaa-aikaan. Tyylik\u00e4s malli yhdist\u00e4\u00e4 sporttisen ilmeen ja erinomaisen k\u00e4ytt\u00f6mukavuuden. Kevyt ja hengitt\u00e4v\u00e4 materiaali siirt\u00e4\u00e4 kosteutta tehokkaasti pois iholta, pit\u00e4en olon kuivana ja miellytt\u00e4v\u00e4n\u00e4 koko p\u00e4iv\u00e4n ajan. Nelisuuntainen stretch-materiaali joustaa liikkeidesi mukana tarjoten t\u00e4ydellisen liikkumisvapauden niin golfly\u00f6nteihin kuin ulkoiluun. Klassinen puolinapitus viimeistelee [&hellip;]<\/p>\n","protected":false},"featured_media":150338,"template":"","meta":[],"product_brand":[1187],"product_cat":[1255,1459,123],"product_tag":[2108,2145,2034,2100,1998,2146],"class_list":{"0":"post-150320","1":"product","2":"type-product","3":"status-publish","4":"has-post-thumbnail","6":"product_brand-rukka","7":"product_cat-kaikki-naisten-vaatteet","8":"product_cat-naisten-paidat-ja-topit","9":"product_cat-pikeepaidat-naiset","10":"product_tag-golf","11":"product_tag-hengittava","12":"product_tag-naisten-stretch-paita","13":"product_tag-pikeepaidat","14":"product_tag-rukka","15":"product_tag-tekninen-t-paita","17":"first","18":"instock","19":"taxable","20":"shipping-taxable","21":"purchasable","22":"product-type-variable"},"jetpack_sharing_enabled":true,"_links":{"self":[{"href":"https:\/\/www.niskanen.fi\/verkkokauppa\/wp-json\/wp\/v2\/product\/150320","targetHints":{"allow":["GET"]}}],"collection":[{"href":"https:\/\/www.niskanen.fi\/verkkokauppa\/wp-json\/wp\/v2\/product"}],"about":[{"href":"https:\/\/www.niskanen.fi\/verkkokauppa\/wp-json\/wp\/v2\/types\/product"}],"version-history":[{"count":2,"href":"https:\/\/www.niskanen.fi\/verkkokauppa\/wp-json\/wp\/v2\/product\/150320\/revisions"}],"predecessor-version":[{"id":150343,"href":"https:\/\/www.niskanen.fi\/verkkokauppa\/wp-json\/wp\/v2\/product\/150320\/revisions\/150343"}],"wp:featuredmedia":[{"embeddable":true,"href":"https:\/\/www.niskanen.fi\/verkkokauppa\/wp-json\/wp\/v2\/media\/150338"}],"wp:attachment":[{"href":"https:\/\/www.niskanen.fi\/verkkokauppa\/wp-json\/wp\/v2\/media?parent=150320"}],"wp:term":[{"taxonomy":"product_brand","embeddable":true,"href":"https:\/\/www.niskanen.fi\/verkkokauppa\/wp-json\/wp\/v2\/product_brand?post=150320"},{"taxonomy":"product_cat","embeddable":true,"href":"https:\/\/www.niskanen.fi\/verkkokauppa\/wp-json\/wp\/v2\/product_cat?post=150320"},{"taxonomy":"product_tag","embeddable":true,"href":"https:\/\/www.niskanen.fi\/verkkokauppa\/wp-json\/wp\/v2\/product_tag?post=150320"}],"curies":[{"name":"wp","href":"https:\/\/api.w.org\/{rel}","templated":true}]}}