{"id":150504,"date":"2026-05-13T11:10:18","date_gmt":"2026-05-13T09:10:18","guid":{"rendered":"https:\/\/www.niskanen.fi\/verkkokauppa\/?post_type=product&#038;p=150504"},"modified":"2026-05-13T12:38:34","modified_gmt":"2026-05-13T10:38:34","slug":"rukka-myllypuro-m-shortsit","status":"publish","type":"product","link":"https:\/\/www.niskanen.fi\/verkkokauppa\/tuote\/rukka-myllypuro-m-shortsit\/","title":{"rendered":"RUKKA MYLLYPURO M SHORTSIT"},"content":{"rendered":"<p data-start=\"0\" data-end=\"61\"><strong data-start=\"0\" data-end=\"61\">Rukka Myllypuro miesten shortsit treeniin ja vapaa-aikaan<\/strong><\/p>\n<p data-start=\"63\" data-end=\"322\">Monipuoliset Rukka Myllypuro -shortsit on suunniteltu aktiiviseen k\u00e4ytt\u00f6\u00f6n treeneihin, tennikseen, padeliin ja rentoon vapaa-aikaan. Kevyt ja tekninen materiaali tarjoaa erinomaisen k\u00e4ytt\u00f6mukavuuden niin intensiivisess\u00e4 liikunnassa kuin l\u00e4mpimin\u00e4 kes\u00e4p\u00e4ivin\u00e4.<\/p>\n<p data-start=\"324\" data-end=\"575\">Nopeasti kuivuva kangas siirt\u00e4\u00e4 kosteutta tehokkaasti pois iholta pit\u00e4en olon kuivana ja miellytt\u00e4v\u00e4n\u00e4 koko suorituksen ajan. Nelj\u00e4\u00e4n suuntaan joustava stretch-materiaali takaa t\u00e4ydellisen liikkumisvapauden esimerkiksi kent\u00e4lle, salille tai ulkoiluun.<\/p>\n<p data-start=\"577\" data-end=\"808\">Shortseissa on k\u00e4yt\u00e4nn\u00f6lliset vetoketjulliset etutaskut tavaroiden turvalliseen s\u00e4ilytykseen sek\u00e4 s\u00e4\u00e4dett\u00e4v\u00e4 vy\u00f6t\u00e4r\u00f6 mukavan istuvuuden varmistamiseksi. Normaalikorkuinen vy\u00f6t\u00e4r\u00f6 tekee mallista miellytt\u00e4v\u00e4n jokap\u00e4iv\u00e4iseen k\u00e4ytt\u00f6\u00f6n.<\/p>\n<p data-start=\"810\" data-end=\"827\"><strong data-start=\"810\" data-end=\"827\">Ominaisuudet:<\/strong><\/p>\n<ul data-start=\"828\" data-end=\"1052\">\n<li data-section-id=\"66hrab\" data-start=\"828\" data-end=\"871\">Nopeasti kuivuva ja hengitt\u00e4v\u00e4 materiaali<\/li>\n<li data-section-id=\"1dt5c4e\" data-start=\"872\" data-end=\"914\">Nelj\u00e4\u00e4n suuntaan joustava stretch-kangas<\/li>\n<li data-section-id=\"1hdnb1o\" data-start=\"915\" data-end=\"948\">Kaksi vetoketjullista etutaskua<\/li>\n<li data-section-id=\"9h1tgh\" data-start=\"949\" data-end=\"969\">S\u00e4\u00e4dett\u00e4v\u00e4 vy\u00f6t\u00e4r\u00f6<\/li>\n<li data-section-id=\"16w1nx6\" data-start=\"970\" data-end=\"997\">Normaalikorkuinen vy\u00f6t\u00e4r\u00f6<\/li>\n<li data-section-id=\"zvppbm\" data-start=\"998\" data-end=\"1052\">Sopii treeniin, tennikseen, padeliin ja vapaa-aikaan<\/li>\n<\/ul>\n<p data-start=\"1054\" data-end=\"1100\"><strong data-start=\"1054\" data-end=\"1069\">Materiaali:<\/strong><br \/>\n94 % polyesteri, 6 % elastaani<\/p>\n<p data-start=\"1102\" data-end=\"1112\"><strong data-start=\"1102\" data-end=\"1112\">Mitat:<\/strong><\/p>\n<ul data-start=\"1113\" data-end=\"1148\">\n<li data-section-id=\"lknc7z\" data-start=\"1113\" data-end=\"1148\">Lahkeen sis\u00e4sauma koossa M: 13 cm<\/li>\n<\/ul>\n","protected":false},"excerpt":{"rendered":"<p>Rukka Myllypuro miesten shortsit treeniin ja vapaa-aikaan Monipuoliset Rukka Myllypuro -shortsit on suunniteltu aktiiviseen k\u00e4ytt\u00f6\u00f6n treeneihin, tennikseen, padeliin ja rentoon vapaa-aikaan. Kevyt ja tekninen materiaali tarjoaa erinomaisen k\u00e4ytt\u00f6mukavuuden niin intensiivisess\u00e4 liikunnassa kuin l\u00e4mpimin\u00e4 kes\u00e4p\u00e4ivin\u00e4. Nopeasti kuivuva kangas siirt\u00e4\u00e4 kosteutta tehokkaasti pois iholta pit\u00e4en olon kuivana ja miellytt\u00e4v\u00e4n\u00e4 koko suorituksen ajan. Nelj\u00e4\u00e4n suuntaan joustava stretch-materiaali takaa [&hellip;]<\/p>\n","protected":false},"featured_media":150530,"template":"","meta":[],"product_brand":[1187],"product_cat":[1432,1463,861],"product_tag":[2145,2152,2151,1998],"class_list":{"0":"post-150504","1":"product","2":"type-product","3":"status-publish","4":"has-post-thumbnail","6":"product_brand-rukka","7":"product_cat-kaikki-miesten-vaatteet","8":"product_cat-miesten-shortsit-ja-caprit","9":"product_cat-shortsit-miesten","10":"product_tag-hengittava","11":"product_tag-joustavat-shortsit","12":"product_tag-miesten-shortsit","13":"product_tag-rukka","15":"first","16":"instock","17":"taxable","18":"shipping-taxable","19":"purchasable","20":"product-type-variable"},"jetpack_sharing_enabled":true,"_links":{"self":[{"href":"https:\/\/www.niskanen.fi\/verkkokauppa\/wp-json\/wp\/v2\/product\/150504","targetHints":{"allow":["GET"]}}],"collection":[{"href":"https:\/\/www.niskanen.fi\/verkkokauppa\/wp-json\/wp\/v2\/product"}],"about":[{"href":"https:\/\/www.niskanen.fi\/verkkokauppa\/wp-json\/wp\/v2\/types\/product"}],"version-history":[{"count":2,"href":"https:\/\/www.niskanen.fi\/verkkokauppa\/wp-json\/wp\/v2\/product\/150504\/revisions"}],"predecessor-version":[{"id":150536,"href":"https:\/\/www.niskanen.fi\/verkkokauppa\/wp-json\/wp\/v2\/product\/150504\/revisions\/150536"}],"wp:featuredmedia":[{"embeddable":true,"href":"https:\/\/www.niskanen.fi\/verkkokauppa\/wp-json\/wp\/v2\/media\/150530"}],"wp:attachment":[{"href":"https:\/\/www.niskanen.fi\/verkkokauppa\/wp-json\/wp\/v2\/media?parent=150504"}],"wp:term":[{"taxonomy":"product_brand","embeddable":true,"href":"https:\/\/www.niskanen.fi\/verkkokauppa\/wp-json\/wp\/v2\/product_brand?post=150504"},{"taxonomy":"product_cat","embeddable":true,"href":"https:\/\/www.niskanen.fi\/verkkokauppa\/wp-json\/wp\/v2\/product_cat?post=150504"},{"taxonomy":"product_tag","embeddable":true,"href":"https:\/\/www.niskanen.fi\/verkkokauppa\/wp-json\/wp\/v2\/product_tag?post=150504"}],"curies":[{"name":"wp","href":"https:\/\/api.w.org\/{rel}","templated":true}]}}