{"id":150515,"date":"2026-05-13T11:20:18","date_gmt":"2026-05-13T09:20:18","guid":{"rendered":"https:\/\/www.niskanen.fi\/verkkokauppa\/?post_type=product&#038;p=150515"},"modified":"2026-05-13T12:47:20","modified_gmt":"2026-05-13T10:47:20","slug":"rukka-paalila-m-shortsit","status":"publish","type":"product","link":"https:\/\/www.niskanen.fi\/verkkokauppa\/tuote\/rukka-paalila-m-shortsit\/","title":{"rendered":"RUKKA PAALILA M SHORTSIT"},"content":{"rendered":"<p data-start=\"0\" data-end=\"50\"><strong data-start=\"0\" data-end=\"50\">Miesten tekniset shortsit golfiin ja ulkoiluun<\/strong><\/p>\n<p data-start=\"52\" data-end=\"284\">Tyylikk\u00e4\u00e4t ja joustavat miesten shortsit golfkent\u00e4lle, ulkoiluun ja aktiiviseen vapaa-aikaan. Tekninen materiaali tarjoaa erinomaisen k\u00e4ytt\u00f6mukavuuden ja toimii loistavasti niin l\u00e4mpimiss\u00e4 kes\u00e4p\u00e4iviss\u00e4 kuin aktiivisessa liikunnassa.<\/p>\n<p data-start=\"286\" data-end=\"551\">Nelisuuntainen stretch-kangas joustaa liikkeidesi mukana tarjoten t\u00e4ydellisen liikkumisvapauden golfiin, k\u00e4velyyn ja vapaa-aikaan. Hengitt\u00e4v\u00e4 materiaali siirt\u00e4\u00e4 kosteutta tehokkaasti pois iholta ja kuivuu nopeasti, pit\u00e4en olon miellytt\u00e4v\u00e4n kuivana koko p\u00e4iv\u00e4n ajan.<\/p>\n<p data-start=\"553\" data-end=\"800\">Shortsien vett\u00e4 hylkiv\u00e4 pintak\u00e4sittely suojaa kevyelt\u00e4 kosteudelta ja lis\u00e4\u00e4 k\u00e4yt\u00e4nn\u00f6llisyytt\u00e4 vaihtelevissa s\u00e4\u00e4olosuhteissa. Mallissa on kaksi etutaskua, takatasku sek\u00e4 vetoketjukiinnitys edess\u00e4. Normaalikorkuinen vy\u00f6t\u00e4r\u00f6 takaa mukavan istuvuuden.<\/p>\n<p data-start=\"802\" data-end=\"819\"><strong data-start=\"802\" data-end=\"819\">Ominaisuudet:<\/strong><\/p>\n<ul data-start=\"820\" data-end=\"1057\">\n<li data-section-id=\"9o5158\" data-start=\"820\" data-end=\"866\">Nelj\u00e4\u00e4n suuntaan joustava stretch-materiaali<\/li>\n<li data-section-id=\"1i4byep\" data-start=\"867\" data-end=\"906\">Nopeasti kuivuva ja hengitt\u00e4v\u00e4 kangas<\/li>\n<li data-section-id=\"1dqjxit\" data-start=\"907\" data-end=\"936\">Vett\u00e4hylkiv\u00e4 pintak\u00e4sittely<\/li>\n<li data-section-id=\"1q7tq0y\" data-start=\"937\" data-end=\"967\">Kaksi etutaskua ja takatasku<\/li>\n<li data-section-id=\"zwu1wl\" data-start=\"968\" data-end=\"986\">Vetoketju edess\u00e4<\/li>\n<li data-section-id=\"16w1nx6\" data-start=\"987\" data-end=\"1014\">Normaalikorkuinen vy\u00f6t\u00e4r\u00f6<\/li>\n<li data-section-id=\"s8xzy6\" data-start=\"1015\" data-end=\"1057\">Sopii golfiin, ulkoiluun ja vapaa-aikaan<\/li>\n<\/ul>\n<p data-start=\"1059\" data-end=\"1106\"><strong data-start=\"1059\" data-end=\"1074\">Materiaali:<\/strong><br \/>\n90 % polyesteri, 10 % elastaani<\/p>\n<p data-start=\"1108\" data-end=\"1118\"><strong data-start=\"1108\" data-end=\"1118\">Mitat:<\/strong><\/p>\n<ul data-start=\"1119\" data-end=\"1154\">\n<li data-section-id=\"linr6i\" data-start=\"1119\" data-end=\"1154\">Lahkeen sis\u00e4sauma koossa M: 25 cm<\/li>\n<\/ul>\n","protected":false},"excerpt":{"rendered":"<p>Miesten tekniset shortsit golfiin ja ulkoiluun Tyylikk\u00e4\u00e4t ja joustavat miesten shortsit golfkent\u00e4lle, ulkoiluun ja aktiiviseen vapaa-aikaan. Tekninen materiaali tarjoaa erinomaisen k\u00e4ytt\u00f6mukavuuden ja toimii loistavasti niin l\u00e4mpimiss\u00e4 kes\u00e4p\u00e4iviss\u00e4 kuin aktiivisessa liikunnassa. Nelisuuntainen stretch-kangas joustaa liikkeidesi mukana tarjoten t\u00e4ydellisen liikkumisvapauden golfiin, k\u00e4velyyn ja vapaa-aikaan. Hengitt\u00e4v\u00e4 materiaali siirt\u00e4\u00e4 kosteutta tehokkaasti pois iholta ja kuivuu nopeasti, pit\u00e4en olon miellytt\u00e4v\u00e4n [&hellip;]<\/p>\n","protected":false},"featured_media":150537,"template":"","meta":[],"product_brand":[1187],"product_cat":[1432,1463,861],"product_tag":[2145,2151,1998,2153,2154],"class_list":{"0":"post-150515","1":"product","2":"type-product","3":"status-publish","4":"has-post-thumbnail","6":"product_brand-rukka","7":"product_cat-kaikki-miesten-vaatteet","8":"product_cat-miesten-shortsit-ja-caprit","9":"product_cat-shortsit-miesten","10":"product_tag-hengittava","11":"product_tag-miesten-shortsit","12":"product_tag-rukka","13":"product_tag-tekniset-shortsit","14":"product_tag-vettahylkivat-shortsit","16":"first","17":"instock","18":"taxable","19":"shipping-taxable","20":"purchasable","21":"product-type-variable"},"jetpack_sharing_enabled":true,"_links":{"self":[{"href":"https:\/\/www.niskanen.fi\/verkkokauppa\/wp-json\/wp\/v2\/product\/150515","targetHints":{"allow":["GET"]}}],"collection":[{"href":"https:\/\/www.niskanen.fi\/verkkokauppa\/wp-json\/wp\/v2\/product"}],"about":[{"href":"https:\/\/www.niskanen.fi\/verkkokauppa\/wp-json\/wp\/v2\/types\/product"}],"version-history":[{"count":2,"href":"https:\/\/www.niskanen.fi\/verkkokauppa\/wp-json\/wp\/v2\/product\/150515\/revisions"}],"predecessor-version":[{"id":150581,"href":"https:\/\/www.niskanen.fi\/verkkokauppa\/wp-json\/wp\/v2\/product\/150515\/revisions\/150581"}],"wp:featuredmedia":[{"embeddable":true,"href":"https:\/\/www.niskanen.fi\/verkkokauppa\/wp-json\/wp\/v2\/media\/150537"}],"wp:attachment":[{"href":"https:\/\/www.niskanen.fi\/verkkokauppa\/wp-json\/wp\/v2\/media?parent=150515"}],"wp:term":[{"taxonomy":"product_brand","embeddable":true,"href":"https:\/\/www.niskanen.fi\/verkkokauppa\/wp-json\/wp\/v2\/product_brand?post=150515"},{"taxonomy":"product_cat","embeddable":true,"href":"https:\/\/www.niskanen.fi\/verkkokauppa\/wp-json\/wp\/v2\/product_cat?post=150515"},{"taxonomy":"product_tag","embeddable":true,"href":"https:\/\/www.niskanen.fi\/verkkokauppa\/wp-json\/wp\/v2\/product_tag?post=150515"}],"curies":[{"name":"wp","href":"https:\/\/api.w.org\/{rel}","templated":true}]}}