{"id":150582,"date":"2026-05-13T13:05:18","date_gmt":"2026-05-13T11:05:18","guid":{"rendered":"https:\/\/www.niskanen.fi\/verkkokauppa\/?post_type=product&#038;p=150582"},"modified":"2026-05-13T13:18:11","modified_gmt":"2026-05-13T11:18:11","slug":"peak-performance-panmore-polo-m-pikeep","status":"publish","type":"product","link":"https:\/\/www.niskanen.fi\/verkkokauppa\/tuote\/peak-performance-panmore-polo-m-pikeep\/","title":{"rendered":"PEAK PERFORMANCE PANMORE POLO M PIKEEP"},"content":{"rendered":"<p data-start=\"0\" data-end=\"73\"><strong data-start=\"0\" data-end=\"73\">Peak Performance Panmore Polo M &#8211; miesten tekninen pikeepaita golfiin<\/strong><\/p>\n<p data-start=\"75\" data-end=\"315\">Peak Performance Panmore Polo M on tyylik\u00e4s ja suorituskykyinen miesten pikeepaita aktiivisille golfareille ja liikkuvaan vapaa-aikaan. Klassinen polo-ilme yhdistyy teknisiin ominaisuuksiin, jotka takaavat mukavuuden koko kierroksen ajaksi.<\/p>\n<p data-start=\"317\" data-end=\"576\">Joustava materiaali mukautuu liikkeisiin tarjoten erinomaisen liikkumisvapauden golfkent\u00e4ll\u00e4 ja muussa aktiivisessa k\u00e4yt\u00f6ss\u00e4. Nopeasti kuivuva kangas siirt\u00e4\u00e4 kosteutta tehokkaasti pois iholta, pit\u00e4en olon kuivana ja miellytt\u00e4v\u00e4n\u00e4 my\u00f6s l\u00e4mpimiss\u00e4 olosuhteissa.<\/p>\n<p data-start=\"578\" data-end=\"699\">Ajattoman tyylins\u00e4 ansiosta pikeepaita sopii t\u00e4ydellisesti niin golfiin, vapaa-aikaan kuin sporttiseen arkipukeutumiseen.<\/p>\n<p data-start=\"701\" data-end=\"718\"><strong data-start=\"701\" data-end=\"718\">Ominaisuudet:<\/strong><\/p>\n<ul data-start=\"719\" data-end=\"875\">\n<li data-section-id=\"1y32ymc\" data-start=\"719\" data-end=\"750\">Joustava ja mukava materiaali<\/li>\n<li data-section-id=\"1vrrntt\" data-start=\"751\" data-end=\"776\">Nopeasti kuivuva kangas<\/li>\n<li data-section-id=\"1uevxti\" data-start=\"777\" data-end=\"799\">Klassinen polo-malli<\/li>\n<li data-section-id=\"srvb04\" data-start=\"800\" data-end=\"845\">Erinomainen golfiin ja aktiiviseen k\u00e4ytt\u00f6\u00f6n<\/li>\n<li data-section-id=\"wxxwlt\" data-start=\"846\" data-end=\"875\">Sporttinen ja tyylik\u00e4s ilme<\/li>\n<\/ul>\n","protected":false},"excerpt":{"rendered":"<p>Peak Performance Panmore Polo M &#8211; miesten tekninen pikeepaita golfiin Peak Performance Panmore Polo M on tyylik\u00e4s ja suorituskykyinen miesten pikeepaita aktiivisille golfareille ja liikkuvaan vapaa-aikaan. Klassinen polo-ilme yhdistyy teknisiin ominaisuuksiin, jotka takaavat mukavuuden koko kierroksen ajaksi. Joustava materiaali mukautuu liikkeisiin tarjoten erinomaisen liikkumisvapauden golfkent\u00e4ll\u00e4 ja muussa aktiivisessa k\u00e4yt\u00f6ss\u00e4. Nopeasti kuivuva kangas siirt\u00e4\u00e4 kosteutta tehokkaasti [&hellip;]<\/p>\n","protected":false},"featured_media":150591,"template":"","meta":[],"product_brand":[1210],"product_cat":[1432,1460,122],"product_tag":[2145,2155,2148,2064,2106],"class_list":{"0":"post-150582","1":"product","2":"type-product","3":"status-publish","4":"has-post-thumbnail","6":"product_brand-peak-performance","7":"product_cat-kaikki-miesten-vaatteet","8":"product_cat-miesten-paidat-ja-topit","9":"product_cat-pikeepaidat-miehet","10":"product_tag-hengittava","11":"product_tag-joustava-paita-miehille","12":"product_tag-miesten-pikeepaita","13":"product_tag-peak-performance","14":"product_tag-peakperformance","16":"first","17":"instock","18":"taxable","19":"shipping-taxable","20":"purchasable","21":"product-type-variable"},"jetpack_sharing_enabled":true,"_links":{"self":[{"href":"https:\/\/www.niskanen.fi\/verkkokauppa\/wp-json\/wp\/v2\/product\/150582","targetHints":{"allow":["GET"]}}],"collection":[{"href":"https:\/\/www.niskanen.fi\/verkkokauppa\/wp-json\/wp\/v2\/product"}],"about":[{"href":"https:\/\/www.niskanen.fi\/verkkokauppa\/wp-json\/wp\/v2\/types\/product"}],"version-history":[{"count":2,"href":"https:\/\/www.niskanen.fi\/verkkokauppa\/wp-json\/wp\/v2\/product\/150582\/revisions"}],"predecessor-version":[{"id":150594,"href":"https:\/\/www.niskanen.fi\/verkkokauppa\/wp-json\/wp\/v2\/product\/150582\/revisions\/150594"}],"wp:featuredmedia":[{"embeddable":true,"href":"https:\/\/www.niskanen.fi\/verkkokauppa\/wp-json\/wp\/v2\/media\/150591"}],"wp:attachment":[{"href":"https:\/\/www.niskanen.fi\/verkkokauppa\/wp-json\/wp\/v2\/media?parent=150582"}],"wp:term":[{"taxonomy":"product_brand","embeddable":true,"href":"https:\/\/www.niskanen.fi\/verkkokauppa\/wp-json\/wp\/v2\/product_brand?post=150582"},{"taxonomy":"product_cat","embeddable":true,"href":"https:\/\/www.niskanen.fi\/verkkokauppa\/wp-json\/wp\/v2\/product_cat?post=150582"},{"taxonomy":"product_tag","embeddable":true,"href":"https:\/\/www.niskanen.fi\/verkkokauppa\/wp-json\/wp\/v2\/product_tag?post=150582"}],"curies":[{"name":"wp","href":"https:\/\/api.w.org\/{rel}","templated":true}]}}