{"id":153,"date":"2025-10-29T17:29:57","date_gmt":"2025-10-29T15:29:57","guid":{"rendered":"https:\/\/www.niskanen.fi\/verkkokauppa\/?post_type=product&#038;p=153"},"modified":"2026-03-20T13:19:24","modified_gmt":"2026-03-20T11:19:24","slug":"adidas-ess-reflect-bp-reppu","status":"publish","type":"product","link":"https:\/\/www.niskanen.fi\/verkkokauppa\/tuote\/adidas-ess-reflect-bp-reppu\/","title":{"rendered":"ADIDAS ESS REFLECT BP REPPU"},"content":{"rendered":"<p>T\u00e4m\u00e4 adidas-reppu tekee arjen liikkumisesta helpompaa. Tilava p\u00e4\u00e4lokero tarjoaa nopean p\u00e4\u00e4syn t\u00e4rkeimpiin tavaroihin, ja pienemm\u00e4t taskut pit\u00e4v\u00e4t pienesineet siististi j\u00e4rjestyksess\u00e4. Kevyt ja mukava kantaa. T\u00e4ydellinen niin ty\u00f6matkoille kuin viikonloppureissuille.<\/p>\n","protected":false},"excerpt":{"rendered":"<p>T\u00e4m\u00e4 adidas-reppu tekee arjen liikkumisesta helpompaa. Tilava p\u00e4\u00e4lokero tarjoaa nopean p\u00e4\u00e4syn t\u00e4rkeimpiin tavaroihin, ja pienemm\u00e4t taskut pit\u00e4v\u00e4t pienesineet siististi j\u00e4rjestyksess\u00e4. Kevyt ja mukava kantaa. T\u00e4ydellinen niin ty\u00f6matkoille kuin viikonloppureissuille.<\/p>\n","protected":false},"featured_media":60589,"template":"","meta":[],"product_brand":[1186],"product_cat":[300],"product_tag":[2004,2005],"class_list":{"0":"post-153","1":"product","2":"type-product","3":"status-publish","4":"has-post-thumbnail","6":"product_brand-adidas","7":"product_cat-reput-ja-laukut","8":"product_tag-adidas","9":"product_tag-reppu","11":"first","12":"instock","13":"taxable","14":"shipping-taxable","15":"purchasable","16":"product-type-variable"},"jetpack_sharing_enabled":true,"_links":{"self":[{"href":"https:\/\/www.niskanen.fi\/verkkokauppa\/wp-json\/wp\/v2\/product\/153","targetHints":{"allow":["GET"]}}],"collection":[{"href":"https:\/\/www.niskanen.fi\/verkkokauppa\/wp-json\/wp\/v2\/product"}],"about":[{"href":"https:\/\/www.niskanen.fi\/verkkokauppa\/wp-json\/wp\/v2\/types\/product"}],"version-history":[{"count":2,"href":"https:\/\/www.niskanen.fi\/verkkokauppa\/wp-json\/wp\/v2\/product\/153\/revisions"}],"predecessor-version":[{"id":60590,"href":"https:\/\/www.niskanen.fi\/verkkokauppa\/wp-json\/wp\/v2\/product\/153\/revisions\/60590"}],"wp:featuredmedia":[{"embeddable":true,"href":"https:\/\/www.niskanen.fi\/verkkokauppa\/wp-json\/wp\/v2\/media\/60589"}],"wp:attachment":[{"href":"https:\/\/www.niskanen.fi\/verkkokauppa\/wp-json\/wp\/v2\/media?parent=153"}],"wp:term":[{"taxonomy":"product_brand","embeddable":true,"href":"https:\/\/www.niskanen.fi\/verkkokauppa\/wp-json\/wp\/v2\/product_brand?post=153"},{"taxonomy":"product_cat","embeddable":true,"href":"https:\/\/www.niskanen.fi\/verkkokauppa\/wp-json\/wp\/v2\/product_cat?post=153"},{"taxonomy":"product_tag","embeddable":true,"href":"https:\/\/www.niskanen.fi\/verkkokauppa\/wp-json\/wp\/v2\/product_tag?post=153"}],"curies":[{"name":"wp","href":"https:\/\/api.w.org\/{rel}","templated":true}]}}