{"id":16840,"date":"2025-12-02T17:11:54","date_gmt":"2025-12-02T15:11:54","guid":{"rendered":"https:\/\/www.niskanen.fi\/verkkokauppa\/?post_type=product&#038;p=16840"},"modified":"2026-04-20T14:38:30","modified_gmt":"2026-04-20T12:38:30","slug":"kari-traa-kari-pj-ls-w-paita","status":"publish","type":"product","link":"https:\/\/www.niskanen.fi\/verkkokauppa\/tuote\/kari-traa-kari-pj-ls-w-paita\/","title":{"rendered":"KARI TRAA KARI PJ LS W PAITA"},"content":{"rendered":"<p><strong>Kari Traa Kari PJ Long Sleeve<\/strong> on ihanan pehme\u00e4 ja mukava pitk\u00e4hihainen paita rentoon oleiluun ja kotip\u00e4iviin. Puuvillan ja viskoosin sekoitus tuntuu miellytt\u00e4v\u00e4lt\u00e4 ihoa vasten, ja joustava materiaali tekee paidasta helpon k\u00e4ytt\u00e4\u00e4 aamusta iltaan. Edess\u00e4 olevat napit ja kaareva helma tuovat naisellista ilmett\u00e4 ja viimeistelev\u00e4t rennon tyylin.<\/p>\n<h3><strong>Ominaisuudet<\/strong><\/h3>\n<ul>\n<li>Pehme\u00e4 ja mukava materiaali<\/li>\n<li>Edess\u00e4 nappikiinnitys<\/li>\n<li>Kaareva helma tuo naisellista muotoa<\/li>\n<li>Materiaali: 47 % puuvilla, 47 % viskoosi, 6 % elastaani<\/li>\n<\/ul>\n<p>T\u00e4ydellinen valinta kotona rentoutumiseen tai pehme\u00e4ksi kerrokseksi viile\u00e4mpiin p\u00e4iviin.<\/p>\n","protected":false},"excerpt":{"rendered":"<p>Kari Traa Kari PJ Long Sleeve on ihanan pehme\u00e4 ja mukava pitk\u00e4hihainen paita rentoon oleiluun ja kotip\u00e4iviin. Puuvillan ja viskoosin sekoitus tuntuu miellytt\u00e4v\u00e4lt\u00e4 ihoa vasten, ja joustava materiaali tekee paidasta helpon k\u00e4ytt\u00e4\u00e4 aamusta iltaan. Edess\u00e4 olevat napit ja kaareva helma tuovat naisellista ilmett\u00e4 ja viimeistelev\u00e4t rennon tyylin. Ominaisuudet Pehme\u00e4 ja mukava materiaali Edess\u00e4 nappikiinnitys Kaareva [&hellip;]<\/p>\n","protected":false},"featured_media":105473,"template":"","meta":[],"product_brand":[1196],"product_cat":[261],"product_tag":[2066,1396],"class_list":{"0":"post-16840","1":"product","2":"type-product","3":"status-publish","4":"has-post-thumbnail","6":"product_brand-kari-traa","7":"product_cat-yoasut-ja-pyjamat-naiset","8":"product_tag-kari-traa","9":"product_tag-naisten-yoasut-ja-pyjamat","11":"first","12":"instock","13":"taxable","14":"shipping-taxable","15":"purchasable","16":"product-type-variable"},"jetpack_sharing_enabled":true,"_links":{"self":[{"href":"https:\/\/www.niskanen.fi\/verkkokauppa\/wp-json\/wp\/v2\/product\/16840","targetHints":{"allow":["GET"]}}],"collection":[{"href":"https:\/\/www.niskanen.fi\/verkkokauppa\/wp-json\/wp\/v2\/product"}],"about":[{"href":"https:\/\/www.niskanen.fi\/verkkokauppa\/wp-json\/wp\/v2\/types\/product"}],"version-history":[{"count":2,"href":"https:\/\/www.niskanen.fi\/verkkokauppa\/wp-json\/wp\/v2\/product\/16840\/revisions"}],"predecessor-version":[{"id":105490,"href":"https:\/\/www.niskanen.fi\/verkkokauppa\/wp-json\/wp\/v2\/product\/16840\/revisions\/105490"}],"wp:featuredmedia":[{"embeddable":true,"href":"https:\/\/www.niskanen.fi\/verkkokauppa\/wp-json\/wp\/v2\/media\/105473"}],"wp:attachment":[{"href":"https:\/\/www.niskanen.fi\/verkkokauppa\/wp-json\/wp\/v2\/media?parent=16840"}],"wp:term":[{"taxonomy":"product_brand","embeddable":true,"href":"https:\/\/www.niskanen.fi\/verkkokauppa\/wp-json\/wp\/v2\/product_brand?post=16840"},{"taxonomy":"product_cat","embeddable":true,"href":"https:\/\/www.niskanen.fi\/verkkokauppa\/wp-json\/wp\/v2\/product_cat?post=16840"},{"taxonomy":"product_tag","embeddable":true,"href":"https:\/\/www.niskanen.fi\/verkkokauppa\/wp-json\/wp\/v2\/product_tag?post=16840"}],"curies":[{"name":"wp","href":"https:\/\/api.w.org\/{rel}","templated":true}]}}