{"id":16851,"date":"2025-12-02T17:12:00","date_gmt":"2025-12-02T15:12:00","guid":{"rendered":"https:\/\/www.niskanen.fi\/verkkokauppa\/?post_type=product&#038;p=16851"},"modified":"2026-04-20T14:28:55","modified_gmt":"2026-04-20T12:28:55","slug":"kari-traa-kari-pj-pants-w-housut","status":"publish","type":"product","link":"https:\/\/www.niskanen.fi\/verkkokauppa\/tuote\/kari-traa-kari-pj-pants-w-housut\/","title":{"rendered":"KARI TRAA KARI PJ PANTS W HOUSUT"},"content":{"rendered":"<p><strong>Kari Traa Kari PJ Pants<\/strong> \u2011housut ovat t\u00e4ydellinen valinta rentoon oleiluun ja kotip\u00e4iviin. Puuvillan ja viskoosin sekoitus tuntuu ihoa vasten erityisen pehme\u00e4lt\u00e4, ja joustava materiaali tekee housuista miellytt\u00e4v\u00e4t k\u00e4ytt\u00e4\u00e4 aamusta iltaan. Leve\u00e4, joustava vy\u00f6t\u00e4r\u00f6nauha kiristysnauhalla takaa napakan mutta mukavan istuvuuden, ja nilkkaresorit pit\u00e4v\u00e4t lahkeet siististi paikoillaan.<\/p>\n<h3><strong>Ominaisuudet<\/strong><\/h3>\n<ul>\n<li>Eritt\u00e4in pehme\u00e4 ja miellytt\u00e4v\u00e4 kangas<\/li>\n<li>Joustava vy\u00f6t\u00e4r\u00f6nauha integroidulla kiristysnauhalla<\/li>\n<li>Leve\u00e4 vy\u00f6t\u00e4r\u00f6nauha tuo mukavuutta ja peitt\u00e4vyytt\u00e4<\/li>\n<li>Joustoneulottu nilkkaresori<\/li>\n<li>Materiaali: 47 % puuvilla, 47 % viskoosi, 6 % elastaani<\/li>\n<\/ul>\n<p>Mukavat, rennot ja tyylikk\u00e4\u00e4t kotihousut, jotka tekev\u00e4t olosta ihanan huolettoman.<\/p>\n","protected":false},"excerpt":{"rendered":"<p>Kari Traa Kari PJ Pants \u2011housut ovat t\u00e4ydellinen valinta rentoon oleiluun ja kotip\u00e4iviin. Puuvillan ja viskoosin sekoitus tuntuu ihoa vasten erityisen pehme\u00e4lt\u00e4, ja joustava materiaali tekee housuista miellytt\u00e4v\u00e4t k\u00e4ytt\u00e4\u00e4 aamusta iltaan. Leve\u00e4, joustava vy\u00f6t\u00e4r\u00f6nauha kiristysnauhalla takaa napakan mutta mukavan istuvuuden, ja nilkkaresorit pit\u00e4v\u00e4t lahkeet siististi paikoillaan. Ominaisuudet Eritt\u00e4in pehme\u00e4 ja miellytt\u00e4v\u00e4 kangas Joustava vy\u00f6t\u00e4r\u00f6nauha integroidulla [&hellip;]<\/p>\n","protected":false},"featured_media":105448,"template":"","meta":[],"product_brand":[1196],"product_cat":[1255,261],"product_tag":[2066,1396],"class_list":{"0":"post-16851","1":"product","2":"type-product","3":"status-publish","4":"has-post-thumbnail","6":"product_brand-kari-traa","7":"product_cat-kaikki-naisten-vaatteet","8":"product_cat-yoasut-ja-pyjamat-naiset","9":"product_tag-kari-traa","10":"product_tag-naisten-yoasut-ja-pyjamat","12":"first","13":"instock","14":"taxable","15":"shipping-taxable","16":"purchasable","17":"product-type-variable"},"jetpack_sharing_enabled":true,"_links":{"self":[{"href":"https:\/\/www.niskanen.fi\/verkkokauppa\/wp-json\/wp\/v2\/product\/16851","targetHints":{"allow":["GET"]}}],"collection":[{"href":"https:\/\/www.niskanen.fi\/verkkokauppa\/wp-json\/wp\/v2\/product"}],"about":[{"href":"https:\/\/www.niskanen.fi\/verkkokauppa\/wp-json\/wp\/v2\/types\/product"}],"version-history":[{"count":2,"href":"https:\/\/www.niskanen.fi\/verkkokauppa\/wp-json\/wp\/v2\/product\/16851\/revisions"}],"predecessor-version":[{"id":105468,"href":"https:\/\/www.niskanen.fi\/verkkokauppa\/wp-json\/wp\/v2\/product\/16851\/revisions\/105468"}],"wp:featuredmedia":[{"embeddable":true,"href":"https:\/\/www.niskanen.fi\/verkkokauppa\/wp-json\/wp\/v2\/media\/105448"}],"wp:attachment":[{"href":"https:\/\/www.niskanen.fi\/verkkokauppa\/wp-json\/wp\/v2\/media?parent=16851"}],"wp:term":[{"taxonomy":"product_brand","embeddable":true,"href":"https:\/\/www.niskanen.fi\/verkkokauppa\/wp-json\/wp\/v2\/product_brand?post=16851"},{"taxonomy":"product_cat","embeddable":true,"href":"https:\/\/www.niskanen.fi\/verkkokauppa\/wp-json\/wp\/v2\/product_cat?post=16851"},{"taxonomy":"product_tag","embeddable":true,"href":"https:\/\/www.niskanen.fi\/verkkokauppa\/wp-json\/wp\/v2\/product_tag?post=16851"}],"curies":[{"name":"wp","href":"https:\/\/api.w.org\/{rel}","templated":true}]}}