{"id":17559,"date":"2025-12-02T17:42:25","date_gmt":"2025-12-02T15:42:25","guid":{"rendered":"https:\/\/www.niskanen.fi\/verkkokauppa\/?post_type=product&#038;p=17559"},"modified":"2026-03-20T10:34:49","modified_gmt":"2026-03-20T08:34:49","slug":"peak-performance-rider-belt-vyo","status":"publish","type":"product","link":"https:\/\/www.niskanen.fi\/verkkokauppa\/tuote\/peak-performance-rider-belt-vyo\/","title":{"rendered":"PEAK PERFORMANCE RIDER BELT VY\u00d6"},"content":{"rendered":"<p>Peak Performance Rider Belt on monik\u00e4ytt\u00f6inen, joka valmistettu j\u00e4m\u00e4k\u00e4st\u00e4 nauhamateriaalista. Vy\u00f6t\u00e4 koristaa toistuva logokuvio ja sit\u00e4 on helppo s\u00e4\u00e4t\u00e4\u00e4 tukevan metallisoljen avulla.<\/p>\n<p>Ominaisuudet:<\/p>\n<ul>\n<li>Metallisolki, jossa kohokuvioitu P-logo<\/li>\n<li>Laadukas polyesterinauha<\/li>\n<li>Leikattavissa sopivaan mittaan<\/li>\n<li>Peak Performance \u2011kuviointi<\/li>\n<li>Materiaali: 100% polyesteri<\/li>\n<\/ul>\n","protected":false},"excerpt":{"rendered":"<p>Peak Performance Rider Belt on monik\u00e4ytt\u00f6inen, joka valmistettu j\u00e4m\u00e4k\u00e4st\u00e4 nauhamateriaalista. Vy\u00f6t\u00e4 koristaa toistuva logokuvio ja sit\u00e4 on helppo s\u00e4\u00e4t\u00e4\u00e4 tukevan metallisoljen avulla. Ominaisuudet: Metallisolki, jossa kohokuvioitu P-logo Laadukas polyesterinauha Leikattavissa sopivaan mittaan Peak Performance \u2011kuviointi Materiaali: 100% polyesteri<\/p>\n","protected":false},"featured_media":20197,"template":"","meta":[],"product_brand":[1210],"product_cat":[878],"product_tag":[1294],"class_list":{"0":"post-17559","1":"product","2":"type-product","3":"status-publish","4":"has-post-thumbnail","6":"product_brand-peak-performance","7":"product_cat-muut-vaatteet-ja-asusteet","8":"product_tag-muut-vaatteet-ja-asusteet","10":"first","11":"instock","12":"taxable","13":"shipping-taxable","14":"purchasable","15":"product-type-variable"},"jetpack_sharing_enabled":true,"_links":{"self":[{"href":"https:\/\/www.niskanen.fi\/verkkokauppa\/wp-json\/wp\/v2\/product\/17559","targetHints":{"allow":["GET"]}}],"collection":[{"href":"https:\/\/www.niskanen.fi\/verkkokauppa\/wp-json\/wp\/v2\/product"}],"about":[{"href":"https:\/\/www.niskanen.fi\/verkkokauppa\/wp-json\/wp\/v2\/types\/product"}],"version-history":[{"count":2,"href":"https:\/\/www.niskanen.fi\/verkkokauppa\/wp-json\/wp\/v2\/product\/17559\/revisions"}],"predecessor-version":[{"id":21814,"href":"https:\/\/www.niskanen.fi\/verkkokauppa\/wp-json\/wp\/v2\/product\/17559\/revisions\/21814"}],"wp:featuredmedia":[{"embeddable":true,"href":"https:\/\/www.niskanen.fi\/verkkokauppa\/wp-json\/wp\/v2\/media\/20197"}],"wp:attachment":[{"href":"https:\/\/www.niskanen.fi\/verkkokauppa\/wp-json\/wp\/v2\/media?parent=17559"}],"wp:term":[{"taxonomy":"product_brand","embeddable":true,"href":"https:\/\/www.niskanen.fi\/verkkokauppa\/wp-json\/wp\/v2\/product_brand?post=17559"},{"taxonomy":"product_cat","embeddable":true,"href":"https:\/\/www.niskanen.fi\/verkkokauppa\/wp-json\/wp\/v2\/product_cat?post=17559"},{"taxonomy":"product_tag","embeddable":true,"href":"https:\/\/www.niskanen.fi\/verkkokauppa\/wp-json\/wp\/v2\/product_tag?post=17559"}],"curies":[{"name":"wp","href":"https:\/\/api.w.org\/{rel}","templated":true}]}}