{"id":17733,"date":"2025-12-02T17:44:47","date_gmt":"2025-12-02T15:44:47","guid":{"rendered":"https:\/\/www.niskanen.fi\/verkkokauppa\/?post_type=product&#038;p=17733"},"modified":"2026-04-15T15:06:05","modified_gmt":"2026-04-15T13:06:05","slug":"under-armour-tech-2-0-ls-m-paita","status":"publish","type":"product","link":"https:\/\/www.niskanen.fi\/verkkokauppa\/tuote\/under-armour-tech-2-0-ls-m-paita\/","title":{"rendered":"UNDER ARMOUR TECH 2.0 LS -MIESTEN PITK\u00c4HIHAIEN PAITA"},"content":{"rendered":"<p data-start=\"52\" data-end=\"469\">Kevyt ja ilmava treenipaita kaikkiin harjoituksiin. UA Tech\u2122 -kangas tuntuu pehme\u00e4lt\u00e4 ihoa vasten samalla, kun se siirt\u00e4\u00e4 tehokkaasti kosteutta ja kuivuu nopeasti. Uudistettu, virtaviivainen istuvuus ja muotoiltu helma viimeistelev\u00e4t sporttisen ilmeen.<\/p>\n<ul data-start=\"471\" data-end=\"704\">\n<li data-start=\"471\" data-end=\"500\">\n<p data-start=\"473\" data-end=\"500\">Pit\u00e4\u00e4 viile\u00e4n\u00e4 ja kuivana<\/p>\n<\/li>\n<li data-start=\"501\" data-end=\"552\">\n<p data-start=\"503\" data-end=\"552\">Nopeasti kuivuva, kosteutta siirt\u00e4v\u00e4 materiaali<\/p>\n<\/li>\n<li data-start=\"553\" data-end=\"605\">\n<p data-start=\"555\" data-end=\"605\">Eritt\u00e4in pehme\u00e4 UA Tech\u2122 -kangas<\/p>\n<\/li>\n<li data-start=\"652\" data-end=\"671\">\n<p data-start=\"654\" data-end=\"671\">Istuvuus: l\u00f6ys\u00e4<\/p>\n<\/li>\n<li data-start=\"672\" data-end=\"704\">\n<p data-start=\"674\" data-end=\"704\">Materiaali: 100 % polyesteri<\/p>\n<\/li>\n<\/ul>\n","protected":false},"excerpt":{"rendered":"<p>Kevyt ja ilmava treenipaita kaikkiin harjoituksiin. UA Tech\u2122 -kangas tuntuu pehme\u00e4lt\u00e4 ihoa vasten samalla, kun se siirt\u00e4\u00e4 tehokkaasti kosteutta ja kuivuu nopeasti. Uudistettu, virtaviivainen istuvuus ja muotoiltu helma viimeistelev\u00e4t sporttisen ilmeen. Pit\u00e4\u00e4 viile\u00e4n\u00e4 ja kuivana Nopeasti kuivuva, kosteutta siirt\u00e4v\u00e4 materiaali Eritt\u00e4in pehme\u00e4 UA Tech\u2122 -kangas Istuvuus: l\u00f6ys\u00e4 Materiaali: 100 % polyesteri<\/p>\n","protected":false},"featured_media":22157,"template":"","meta":[],"product_brand":[1491],"product_cat":[173],"product_tag":[1386,1284,1217],"class_list":{"0":"post-17733","1":"product","2":"type-product","3":"status-publish","4":"has-post-thumbnail","6":"product_brand-under-armour","7":"product_cat-treenipaidat-ls-miehet","8":"product_tag-miesten-pitkahihaiset-paidat","9":"product_tag-miesten-treenivaatteet","10":"product_tag-miesten-vaatteet","12":"first","13":"instock","14":"taxable","15":"shipping-taxable","16":"purchasable","17":"product-type-variable"},"jetpack_sharing_enabled":true,"_links":{"self":[{"href":"https:\/\/www.niskanen.fi\/verkkokauppa\/wp-json\/wp\/v2\/product\/17733","targetHints":{"allow":["GET"]}}],"collection":[{"href":"https:\/\/www.niskanen.fi\/verkkokauppa\/wp-json\/wp\/v2\/product"}],"about":[{"href":"https:\/\/www.niskanen.fi\/verkkokauppa\/wp-json\/wp\/v2\/types\/product"}],"version-history":[{"count":4,"href":"https:\/\/www.niskanen.fi\/verkkokauppa\/wp-json\/wp\/v2\/product\/17733\/revisions"}],"predecessor-version":[{"id":22160,"href":"https:\/\/www.niskanen.fi\/verkkokauppa\/wp-json\/wp\/v2\/product\/17733\/revisions\/22160"}],"wp:featuredmedia":[{"embeddable":true,"href":"https:\/\/www.niskanen.fi\/verkkokauppa\/wp-json\/wp\/v2\/media\/22157"}],"wp:attachment":[{"href":"https:\/\/www.niskanen.fi\/verkkokauppa\/wp-json\/wp\/v2\/media?parent=17733"}],"wp:term":[{"taxonomy":"product_brand","embeddable":true,"href":"https:\/\/www.niskanen.fi\/verkkokauppa\/wp-json\/wp\/v2\/product_brand?post=17733"},{"taxonomy":"product_cat","embeddable":true,"href":"https:\/\/www.niskanen.fi\/verkkokauppa\/wp-json\/wp\/v2\/product_cat?post=17733"},{"taxonomy":"product_tag","embeddable":true,"href":"https:\/\/www.niskanen.fi\/verkkokauppa\/wp-json\/wp\/v2\/product_tag?post=17733"}],"curies":[{"name":"wp","href":"https:\/\/api.w.org\/{rel}","templated":true}]}}