{"id":17809,"date":"2025-12-02T17:45:51","date_gmt":"2025-12-02T15:45:51","guid":{"rendered":"https:\/\/www.niskanen.fi\/verkkokauppa\/?post_type=product&#038;p=17809"},"modified":"2026-04-15T15:55:20","modified_gmt":"2026-04-15T13:55:20","slug":"bjorn-borg-borg-shorts-m","status":"publish","type":"product","link":"https:\/\/www.niskanen.fi\/verkkokauppa\/tuote\/bjorn-borg-borg-shorts-m\/","title":{"rendered":"BJ\u00d6RN BORG BORG SHORTS M"},"content":{"rendered":"<p>Borg Shortsit ovat varma valinta jokaiseen treeniin. Regular fit \u2011malli ja hieman pidempi lahkeen pituus tarjoavat rennon ja toimivan istuvuuden. Molemmilla puolilla olevat taskut tuovat k\u00e4yt\u00e4nn\u00f6llisyytt\u00e4, ja tukeva logovy\u00f6t\u00e4r\u00f6nauha sek\u00e4 kiristysnauha takaavat t\u00e4ydellisen istuvuuden liikkeess\u00e4. Lahkeen Borg\u2011logo viimeistelee sporttisen ilmeen.<\/p>\n<p>Valmistettu joustavasta polyesterin ja elastaanin sekoitteesta, joka tuntuu miellytt\u00e4v\u00e4lt\u00e4 ja kest\u00e4\u00e4 aktiivista k\u00e4ytt\u00f6\u00e4.<\/p>\n<p><strong>\u2022 92 % kierr\u00e4tetty polyesteri, 8 % elastaani<\/strong><\/p>\n","protected":false},"excerpt":{"rendered":"<p>Borg Shortsit ovat varma valinta jokaiseen treeniin. Regular fit \u2011malli ja hieman pidempi lahkeen pituus tarjoavat rennon ja toimivan istuvuuden. Molemmilla puolilla olevat taskut tuovat k\u00e4yt\u00e4nn\u00f6llisyytt\u00e4, ja tukeva logovy\u00f6t\u00e4r\u00f6nauha sek\u00e4 kiristysnauha takaavat t\u00e4ydellisen istuvuuden liikkeess\u00e4. Lahkeen Borg\u2011logo viimeistelee sporttisen ilmeen. Valmistettu joustavasta polyesterin ja elastaanin sekoitteesta, joka tuntuu miellytt\u00e4v\u00e4lt\u00e4 ja kest\u00e4\u00e4 aktiivista k\u00e4ytt\u00f6\u00e4. \u2022 92 [&hellip;]<\/p>\n","protected":false},"featured_media":68569,"template":"","meta":[],"product_brand":[1207],"product_cat":[1432,1463,861,180,800],"product_tag":[1988,1399,1284],"class_list":{"0":"post-17809","1":"product","2":"type-product","3":"status-publish","4":"has-post-thumbnail","6":"product_brand-bjorn-borg","7":"product_cat-kaikki-miesten-vaatteet","8":"product_cat-miesten-shortsit-ja-caprit","9":"product_cat-shortsit-miesten","10":"product_cat-treenishortsit-miehet","11":"product_cat-treenivaatteet","12":"product_tag-bjornborg","13":"product_tag-miesten-shortsit-ja-caprit","14":"product_tag-miesten-treenivaatteet","16":"first","17":"instock","18":"taxable","19":"shipping-taxable","20":"purchasable","21":"product-type-variable"},"jetpack_sharing_enabled":true,"_links":{"self":[{"href":"https:\/\/www.niskanen.fi\/verkkokauppa\/wp-json\/wp\/v2\/product\/17809","targetHints":{"allow":["GET"]}}],"collection":[{"href":"https:\/\/www.niskanen.fi\/verkkokauppa\/wp-json\/wp\/v2\/product"}],"about":[{"href":"https:\/\/www.niskanen.fi\/verkkokauppa\/wp-json\/wp\/v2\/types\/product"}],"version-history":[{"count":2,"href":"https:\/\/www.niskanen.fi\/verkkokauppa\/wp-json\/wp\/v2\/product\/17809\/revisions"}],"predecessor-version":[{"id":68675,"href":"https:\/\/www.niskanen.fi\/verkkokauppa\/wp-json\/wp\/v2\/product\/17809\/revisions\/68675"}],"wp:featuredmedia":[{"embeddable":true,"href":"https:\/\/www.niskanen.fi\/verkkokauppa\/wp-json\/wp\/v2\/media\/68569"}],"wp:attachment":[{"href":"https:\/\/www.niskanen.fi\/verkkokauppa\/wp-json\/wp\/v2\/media?parent=17809"}],"wp:term":[{"taxonomy":"product_brand","embeddable":true,"href":"https:\/\/www.niskanen.fi\/verkkokauppa\/wp-json\/wp\/v2\/product_brand?post=17809"},{"taxonomy":"product_cat","embeddable":true,"href":"https:\/\/www.niskanen.fi\/verkkokauppa\/wp-json\/wp\/v2\/product_cat?post=17809"},{"taxonomy":"product_tag","embeddable":true,"href":"https:\/\/www.niskanen.fi\/verkkokauppa\/wp-json\/wp\/v2\/product_tag?post=17809"}],"curies":[{"name":"wp","href":"https:\/\/api.w.org\/{rel}","templated":true}]}}