{"id":18300,"date":"2025-12-02T17:53:17","date_gmt":"2025-12-02T15:53:17","guid":{"rendered":"https:\/\/www.niskanen.fi\/verkkokauppa\/?post_type=product&#038;p=18300"},"modified":"2026-04-21T12:56:14","modified_gmt":"2026-04-21T10:56:14","slug":"bjorn-borg-borg-essential-1-sweatshirt","status":"publish","type":"product","link":"https:\/\/www.niskanen.fi\/verkkokauppa\/tuote\/bjorn-borg-borg-essential-1-sweatshirt\/","title":{"rendered":"BJ\u00d6RN BORG BORG ESSENTIAL 1 SWEATSHIRT"},"content":{"rendered":"<p><strong>Borg Essential 1<\/strong> \u2011collegepaita on t\u00e4ydellinen valinta rentoon vapaa-aikaan ja arjen mukavuuteen. Regular fit \u2011mitoitus, py\u00f6re\u00e4 kaula-aukko sek\u00e4 resorit hihoissa ja helmassa tuovat klassisen ja siistin ilmeen. Rintaan sijoitettu tyylik\u00e4s Bj\u00f6rn Borg \u2011logo viimeistelee sporttisen kokonaisuuden.<\/p>\n<p>Pehme\u00e4 ja miellytt\u00e4v\u00e4 materiaali sis\u00e4lt\u00e4\u00e4 kierr\u00e4tetty\u00e4 polyesteri\u00e4, mik\u00e4 tekee paidasta sek\u00e4 mukavan k\u00e4ytt\u00e4\u00e4 ett\u00e4 vastuullisemman valinnan.<\/p>\n<h3><strong>Ominaisuudet<\/strong><\/h3>\n<ul>\n<li>Regular fit<\/li>\n<li>Py\u00f6re\u00e4 kaula-aukko<\/li>\n<li>Resorit hihansuissa ja helmassa<\/li>\n<li>Tyylik\u00e4s Bj\u00f6rn Borg \u2011logo rinnassa<\/li>\n<li>Materiaali: 60 % puuvilla, 40 % kierr\u00e4tetty polyesteri<\/li>\n<\/ul>\n<p>Mukava, ajaton ja helposti yhdistelt\u00e4v\u00e4 collegepaita, joka toimii vuoden ymp\u00e4ri.<\/p>\n","protected":false},"excerpt":{"rendered":"<p>Borg Essential 1 \u2011collegepaita on t\u00e4ydellinen valinta rentoon vapaa-aikaan ja arjen mukavuuteen. Regular fit \u2011mitoitus, py\u00f6re\u00e4 kaula-aukko sek\u00e4 resorit hihoissa ja helmassa tuovat klassisen ja siistin ilmeen. Rintaan sijoitettu tyylik\u00e4s Bj\u00f6rn Borg \u2011logo viimeistelee sporttisen kokonaisuuden. Pehme\u00e4 ja miellytt\u00e4v\u00e4 materiaali sis\u00e4lt\u00e4\u00e4 kierr\u00e4tetty\u00e4 polyesteri\u00e4, mik\u00e4 tekee paidasta sek\u00e4 mukavan k\u00e4ytt\u00e4\u00e4 ett\u00e4 vastuullisemman valinnan. Ominaisuudet Regular fit [&hellip;]<\/p>\n","protected":false},"featured_media":105248,"template":"","meta":[],"product_brand":[1207],"product_cat":[128,1432,1447,1430],"product_tag":[1988,1264],"class_list":{"0":"post-18300","1":"product","2":"type-product","3":"status-publish","4":"has-post-thumbnail","6":"product_brand-bjorn-borg","7":"product_cat-collegepaidat-miehet","8":"product_cat-kaikki-miesten-vaatteet","9":"product_cat-miesten-collegeasut","10":"product_cat-vaatteet","11":"product_tag-bjornborg","12":"product_tag-miesten-collegepaidat","14":"first","15":"instock","16":"taxable","17":"shipping-taxable","18":"purchasable","19":"product-type-variable"},"jetpack_sharing_enabled":true,"_links":{"self":[{"href":"https:\/\/www.niskanen.fi\/verkkokauppa\/wp-json\/wp\/v2\/product\/18300","targetHints":{"allow":["GET"]}}],"collection":[{"href":"https:\/\/www.niskanen.fi\/verkkokauppa\/wp-json\/wp\/v2\/product"}],"about":[{"href":"https:\/\/www.niskanen.fi\/verkkokauppa\/wp-json\/wp\/v2\/types\/product"}],"version-history":[{"count":2,"href":"https:\/\/www.niskanen.fi\/verkkokauppa\/wp-json\/wp\/v2\/product\/18300\/revisions"}],"predecessor-version":[{"id":105250,"href":"https:\/\/www.niskanen.fi\/verkkokauppa\/wp-json\/wp\/v2\/product\/18300\/revisions\/105250"}],"wp:featuredmedia":[{"embeddable":true,"href":"https:\/\/www.niskanen.fi\/verkkokauppa\/wp-json\/wp\/v2\/media\/105248"}],"wp:attachment":[{"href":"https:\/\/www.niskanen.fi\/verkkokauppa\/wp-json\/wp\/v2\/media?parent=18300"}],"wp:term":[{"taxonomy":"product_brand","embeddable":true,"href":"https:\/\/www.niskanen.fi\/verkkokauppa\/wp-json\/wp\/v2\/product_brand?post=18300"},{"taxonomy":"product_cat","embeddable":true,"href":"https:\/\/www.niskanen.fi\/verkkokauppa\/wp-json\/wp\/v2\/product_cat?post=18300"},{"taxonomy":"product_tag","embeddable":true,"href":"https:\/\/www.niskanen.fi\/verkkokauppa\/wp-json\/wp\/v2\/product_tag?post=18300"}],"curies":[{"name":"wp","href":"https:\/\/api.w.org\/{rel}","templated":true}]}}