{"id":18612,"date":"2025-12-02T17:58:22","date_gmt":"2025-12-02T15:58:22","guid":{"rendered":"https:\/\/www.niskanen.fi\/verkkokauppa\/?post_type=product&#038;p=18612"},"modified":"2026-04-18T01:03:40","modified_gmt":"2026-04-17T23:03:40","slug":"devold-daily-merino-medium-kids-2-pack-sukat","status":"publish","type":"product","link":"https:\/\/www.niskanen.fi\/verkkokauppa\/tuote\/devold-daily-merino-medium-kids-2-pack-sukat\/","title":{"rendered":"DEVOLD DAILY MERINO MEDIUM KIDS 2-PACK -SUKAT"},"content":{"rendered":"<p data-start=\"130\" data-end=\"391\">N\u00e4m\u00e4 miellytt\u00e4v\u00e4t ja kest\u00e4v\u00e4t merinovillasukat on tehty jokap\u00e4iv\u00e4iseen k\u00e4ytt\u00f6\u00f6n niin arkeen kuin ulkoiluun. Pehme\u00e4 merinovilla s\u00e4\u00e4telee tehokkaasti jalkojen l\u00e4mp\u00f6tilaa ja pit\u00e4\u00e4 jalat l\u00e4mpimin\u00e4 my\u00f6s hieman kosteissa olosuhteissa. Akryyli ja polyesteri tuovat kest\u00e4vyytt\u00e4 ja elastaani puolestaan joustoa sek\u00e4 hyv\u00e4n istuvuuden.<\/p>\n<p data-start=\"790\" data-end=\"807\">Ominaisuudet:<\/p>\n<ul data-start=\"808\" data-end=\"988\">\n<li data-start=\"882\" data-end=\"908\">\n<p data-start=\"884\" data-end=\"908\">Pehmustettu jalkapohja<\/p>\n<\/li>\n<li data-start=\"909\" data-end=\"945\">\n<p data-start=\"911\" data-end=\"945\">Vahvistetut varvas- ja kantaosat<\/p>\n<\/li>\n<li data-start=\"946\" data-end=\"968\">\n<p data-start=\"948\" data-end=\"968\">Miellytt\u00e4v\u00e4 resori<\/p>\n<\/li>\n<li data-start=\"969\" data-end=\"988\">\n<p data-start=\"971\" data-end=\"988\">2 parin pakkaus<\/p>\n<\/li>\n<li data-start=\"969\" data-end=\"988\">\n<p data-start=\"971\" data-end=\"988\">Materiaali: 55 % merinovilla, 27 % akryyli, 16 % polyesteri, 2 % elastaani<\/p>\n<\/li>\n<\/ul>\n","protected":false},"excerpt":{"rendered":"<p>N\u00e4m\u00e4 miellytt\u00e4v\u00e4t ja kest\u00e4v\u00e4t merinovillasukat on tehty jokap\u00e4iv\u00e4iseen k\u00e4ytt\u00f6\u00f6n niin arkeen kuin ulkoiluun. Pehme\u00e4 merinovilla s\u00e4\u00e4telee tehokkaasti jalkojen l\u00e4mp\u00f6tilaa ja pit\u00e4\u00e4 jalat l\u00e4mpimin\u00e4 my\u00f6s hieman kosteissa olosuhteissa. Akryyli ja polyesteri tuovat kest\u00e4vyytt\u00e4 ja elastaani puolestaan joustoa sek\u00e4 hyv\u00e4n istuvuuden. Ominaisuudet: Pehmustettu jalkapohja Vahvistetut varvas- ja kantaosat Miellytt\u00e4v\u00e4 resori 2 parin pakkaus Materiaali: 55 % merinovilla, [&hellip;]<\/p>\n","protected":false},"featured_media":21791,"template":"","meta":[],"product_brand":[1208],"product_cat":[295,299],"product_tag":[1247,1294,1295],"class_list":{"0":"post-18612","1":"product","2":"type-product","3":"status-publish","4":"has-post-thumbnail","6":"product_brand-devold","7":"product_cat-sukat","8":"product_cat-talvisukat","9":"product_tag-lasten-vaatteet","10":"product_tag-muut-vaatteet-ja-asusteet","11":"product_tag-sukat","13":"first","14":"instock","15":"taxable","16":"shipping-taxable","17":"purchasable","18":"product-type-variable"},"jetpack_sharing_enabled":true,"_links":{"self":[{"href":"https:\/\/www.niskanen.fi\/verkkokauppa\/wp-json\/wp\/v2\/product\/18612","targetHints":{"allow":["GET"]}}],"collection":[{"href":"https:\/\/www.niskanen.fi\/verkkokauppa\/wp-json\/wp\/v2\/product"}],"about":[{"href":"https:\/\/www.niskanen.fi\/verkkokauppa\/wp-json\/wp\/v2\/types\/product"}],"version-history":[{"count":2,"href":"https:\/\/www.niskanen.fi\/verkkokauppa\/wp-json\/wp\/v2\/product\/18612\/revisions"}],"predecessor-version":[{"id":21794,"href":"https:\/\/www.niskanen.fi\/verkkokauppa\/wp-json\/wp\/v2\/product\/18612\/revisions\/21794"}],"wp:featuredmedia":[{"embeddable":true,"href":"https:\/\/www.niskanen.fi\/verkkokauppa\/wp-json\/wp\/v2\/media\/21791"}],"wp:attachment":[{"href":"https:\/\/www.niskanen.fi\/verkkokauppa\/wp-json\/wp\/v2\/media?parent=18612"}],"wp:term":[{"taxonomy":"product_brand","embeddable":true,"href":"https:\/\/www.niskanen.fi\/verkkokauppa\/wp-json\/wp\/v2\/product_brand?post=18612"},{"taxonomy":"product_cat","embeddable":true,"href":"https:\/\/www.niskanen.fi\/verkkokauppa\/wp-json\/wp\/v2\/product_cat?post=18612"},{"taxonomy":"product_tag","embeddable":true,"href":"https:\/\/www.niskanen.fi\/verkkokauppa\/wp-json\/wp\/v2\/product_tag?post=18612"}],"curies":[{"name":"wp","href":"https:\/\/api.w.org\/{rel}","templated":true}]}}