{"id":237,"date":"2025-10-29T17:35:30","date_gmt":"2025-10-29T15:35:30","guid":{"rendered":"https:\/\/www.niskanen.fi\/verkkokauppa\/?post_type=product&#038;p=237"},"modified":"2026-04-30T10:17:56","modified_gmt":"2026-04-30T08:17:56","slug":"lowa-camino-evo-gtx-m-vaelluskenka","status":"publish","type":"product","link":"https:\/\/www.niskanen.fi\/verkkokauppa\/tuote\/lowa-camino-evo-gtx-m-vaelluskenka\/","title":{"rendered":"LOWA CAMINO EVO GTX M VAELLUSKENK\u00c4"},"content":{"rendered":"<p>LOWA Camino Evo GTX on huippuluokan vaelluskenk\u00e4, joka on valmistettu k\u00e4sity\u00f6n\u00e4 Euroopassa noin 200 tarkoin valitusta osasta. Keng\u00e4n VIBRAM\u00ae APPTRAIL II -ulkopohja tarjoaa erinomaisen pidon, ja DuraPU\u00ae-v\u00e4lipohja takaa pehme\u00e4n, rullaavan askelluksen pitkillekin matkoille. Vedenpit\u00e4v\u00e4 GORE-TEX-kalvo, v\u00e4h\u00e4saumainen sis\u00e4rakenne ja 2.2 mm nupukkinahka tekev\u00e4t keng\u00e4st\u00e4 mukavan, kest\u00e4v\u00e4n ja s\u00e4\u00e4olosuhteita uhmaavan.<\/p>\n<p>X-LACING\u00ae-nauhoitus, LOWA FLEX\u00ae -rakenne ja C-4TONGUE\u00ae -iltin muotoilu varmistavat t\u00e4ydellisen istuvuuden ja luonnollisen nilkan liikkeen.<\/p>\n","protected":false},"excerpt":{"rendered":"<p>LOWA Camino Evo GTX on huippuluokan vaelluskenk\u00e4, joka on valmistettu k\u00e4sity\u00f6n\u00e4 Euroopassa noin 200 tarkoin valitusta osasta. Keng\u00e4n VIBRAM\u00ae APPTRAIL II -ulkopohja tarjoaa erinomaisen pidon, ja DuraPU\u00ae-v\u00e4lipohja takaa pehme\u00e4n, rullaavan askelluksen pitkillekin matkoille. Vedenpit\u00e4v\u00e4 GORE-TEX-kalvo, v\u00e4h\u00e4saumainen sis\u00e4rakenne ja 2.2 mm nupukkinahka tekev\u00e4t keng\u00e4st\u00e4 mukavan, kest\u00e4v\u00e4n ja s\u00e4\u00e4olosuhteita uhmaavan. X-LACING\u00ae-nauhoitus, LOWA FLEX\u00ae -rakenne ja C-4TONGUE\u00ae -iltin [&hellip;]<\/p>\n","protected":false},"featured_media":60594,"template":"","meta":[],"product_brand":[1206],"product_cat":[1486,949,15],"product_tag":[2007,2006],"class_list":{"0":"post-237","1":"product","2":"type-product","3":"status-publish","4":"has-post-thumbnail","6":"product_brand-lowa","7":"product_cat-miesten-retkeily-ja-vaelluskengat","8":"product_cat-vaelluskengat-miehet","9":"product_cat-yleinen","10":"product_tag-lowa","11":"product_tag-vaelluskengat","13":"first","14":"instock","15":"taxable","16":"shipping-taxable","17":"purchasable","18":"product-type-variable"},"jetpack_sharing_enabled":true,"_links":{"self":[{"href":"https:\/\/www.niskanen.fi\/verkkokauppa\/wp-json\/wp\/v2\/product\/237","targetHints":{"allow":["GET"]}}],"collection":[{"href":"https:\/\/www.niskanen.fi\/verkkokauppa\/wp-json\/wp\/v2\/product"}],"about":[{"href":"https:\/\/www.niskanen.fi\/verkkokauppa\/wp-json\/wp\/v2\/types\/product"}],"version-history":[{"count":2,"href":"https:\/\/www.niskanen.fi\/verkkokauppa\/wp-json\/wp\/v2\/product\/237\/revisions"}],"predecessor-version":[{"id":60599,"href":"https:\/\/www.niskanen.fi\/verkkokauppa\/wp-json\/wp\/v2\/product\/237\/revisions\/60599"}],"wp:featuredmedia":[{"embeddable":true,"href":"https:\/\/www.niskanen.fi\/verkkokauppa\/wp-json\/wp\/v2\/media\/60594"}],"wp:attachment":[{"href":"https:\/\/www.niskanen.fi\/verkkokauppa\/wp-json\/wp\/v2\/media?parent=237"}],"wp:term":[{"taxonomy":"product_brand","embeddable":true,"href":"https:\/\/www.niskanen.fi\/verkkokauppa\/wp-json\/wp\/v2\/product_brand?post=237"},{"taxonomy":"product_cat","embeddable":true,"href":"https:\/\/www.niskanen.fi\/verkkokauppa\/wp-json\/wp\/v2\/product_cat?post=237"},{"taxonomy":"product_tag","embeddable":true,"href":"https:\/\/www.niskanen.fi\/verkkokauppa\/wp-json\/wp\/v2\/product_tag?post=237"}],"curies":[{"name":"wp","href":"https:\/\/api.w.org\/{rel}","templated":true}]}}