{"id":3747,"date":"2025-10-29T18:28:29","date_gmt":"2025-10-29T16:28:29","guid":{"rendered":"https:\/\/www.niskanen.fi\/verkkokauppa\/?post_type=product&#038;p=3747"},"modified":"2026-04-09T14:58:39","modified_gmt":"2026-04-09T12:58:39","slug":"rukka-valklahti-short-w-naisten-kevyttoppahousut","status":"publish","type":"product","link":"https:\/\/www.niskanen.fi\/verkkokauppa\/tuote\/rukka-valklahti-short-w-naisten-kevyttoppahousut\/","title":{"rendered":"RUKKA VALKLAHTI SHORT W -NAISTEN KEVYTTOPPAHOUSUT"},"content":{"rendered":"<p>Rukka Valklahti naisten kevyttoppahousut lyhyemm\u00e4ll\u00e4 lahkeella (-3 cm). N\u00e4m\u00e4 kevyesti topatut ulkoiluhousut ovat loistovalinta ulkoiluun ja kaupunkik\u00e4ytt\u00f6\u00f6n kelien viiletess\u00e4. Pintakangas suojaa tuulelta ja kevyelt\u00e4 sateelta, joten koleita syysilmoja ei tarvitse pel\u00e4t\u00e4. Housuissa on elastinen vy\u00f6t\u00e4r\u00f6 ja vy\u00f6lenkit sek\u00e4 kaksi vetoketjullista sivutaskua. Lahkeensuissa on kuminauhakiristys, jolla ne saa pysym\u00e4\u00e4n napakasti keng\u00e4n p\u00e4\u00e4ll\u00e4.<\/p>\n<p>Ominaisuudet:<\/p>\n<ul>\n<li>Materiaali: 100 % polyesteri<\/li>\n<li>Sile\u00e4 vuori<\/li>\n<li>Kevyt toppaus<\/li>\n<li>Vetoketjulliset taskut<\/li>\n<li>S\u00e4\u00e4dett\u00e4v\u00e4t lahkeensuut<\/li>\n<li>Joustava vy\u00f6t\u00e4r\u00f6<\/li>\n<li>lyhyempi lahje (- 3 cm)<\/li>\n<\/ul>\n","protected":false},"excerpt":{"rendered":"<p>Rukka Valklahti naisten kevyttoppahousut lyhyemm\u00e4ll\u00e4 lahkeella (-3 cm). N\u00e4m\u00e4 kevyesti topatut ulkoiluhousut ovat loistovalinta ulkoiluun ja kaupunkik\u00e4ytt\u00f6\u00f6n kelien viiletess\u00e4. Pintakangas suojaa tuulelta ja kevyelt\u00e4 sateelta, joten koleita syysilmoja ei tarvitse pel\u00e4t\u00e4. Housuissa on elastinen vy\u00f6t\u00e4r\u00f6 ja vy\u00f6lenkit sek\u00e4 kaksi vetoketjullista sivutaskua. Lahkeensuissa on kuminauhakiristys, jolla ne saa pysym\u00e4\u00e4n napakasti keng\u00e4n p\u00e4\u00e4ll\u00e4. Ominaisuudet: Materiaali: 100 % [&hellip;]<\/p>\n","protected":false},"featured_media":20283,"template":"","meta":[],"product_brand":[1187],"product_cat":[72],"product_tag":[1261,1317,1213],"class_list":{"0":"post-3747","1":"product","2":"type-product","3":"status-publish","4":"has-post-thumbnail","6":"product_brand-rukka","7":"product_cat-kevyttoppahousut-naiset","8":"product_tag-naisten-toppa-asut","9":"product_tag-naisten-toppahousut","10":"product_tag-naisten-vaatteet","12":"first","13":"instock","14":"sale","15":"taxable","16":"shipping-taxable","17":"purchasable","18":"product-type-variable"},"jetpack_sharing_enabled":true,"_links":{"self":[{"href":"https:\/\/www.niskanen.fi\/verkkokauppa\/wp-json\/wp\/v2\/product\/3747","targetHints":{"allow":["GET"]}}],"collection":[{"href":"https:\/\/www.niskanen.fi\/verkkokauppa\/wp-json\/wp\/v2\/product"}],"about":[{"href":"https:\/\/www.niskanen.fi\/verkkokauppa\/wp-json\/wp\/v2\/types\/product"}],"version-history":[{"count":2,"href":"https:\/\/www.niskanen.fi\/verkkokauppa\/wp-json\/wp\/v2\/product\/3747\/revisions"}],"predecessor-version":[{"id":21737,"href":"https:\/\/www.niskanen.fi\/verkkokauppa\/wp-json\/wp\/v2\/product\/3747\/revisions\/21737"}],"wp:featuredmedia":[{"embeddable":true,"href":"https:\/\/www.niskanen.fi\/verkkokauppa\/wp-json\/wp\/v2\/media\/20283"}],"wp:attachment":[{"href":"https:\/\/www.niskanen.fi\/verkkokauppa\/wp-json\/wp\/v2\/media?parent=3747"}],"wp:term":[{"taxonomy":"product_brand","embeddable":true,"href":"https:\/\/www.niskanen.fi\/verkkokauppa\/wp-json\/wp\/v2\/product_brand?post=3747"},{"taxonomy":"product_cat","embeddable":true,"href":"https:\/\/www.niskanen.fi\/verkkokauppa\/wp-json\/wp\/v2\/product_cat?post=3747"},{"taxonomy":"product_tag","embeddable":true,"href":"https:\/\/www.niskanen.fi\/verkkokauppa\/wp-json\/wp\/v2\/product_tag?post=3747"}],"curies":[{"name":"wp","href":"https:\/\/api.w.org\/{rel}","templated":true}]}}