{"id":3857,"date":"2025-10-29T18:29:19","date_gmt":"2025-10-29T16:29:19","guid":{"rendered":"https:\/\/www.niskanen.fi\/verkkokauppa\/?post_type=product&#038;p=3857"},"modified":"2026-04-09T14:56:04","modified_gmt":"2026-04-09T12:56:04","slug":"mckinley-isabella-down-w-naisten-untuvatakki","status":"publish","type":"product","link":"https:\/\/www.niskanen.fi\/verkkokauppa\/tuote\/mckinley-isabella-down-w-naisten-untuvatakki\/","title":{"rendered":"McKINLEY ISABELLA DOWN W -NAISTEN UNTUVATAKKI"},"content":{"rendered":"<p>Monik\u00e4ytt\u00f6inen ja ajaton naisten kevytuntuvatakki. V\u00e4likerroksen pukeutumista s\u00e4\u00e4telem\u00e4ll\u00e4 t\u00e4ll\u00e4 takilla p\u00e4rj\u00e4\u00e4 aina syksyst\u00e4 kev\u00e4\u00e4seen asti.<\/p>\n<ul>\n<li>RDS-sertifioitua untuvaa<\/li>\n<li>Viimeistelyk\u00e4sittely suojaa p\u00e4\u00e4llikangasta vesiliukoiselta lialta ja kosteudelta<\/li>\n<li>Kiinte\u00e4 huppu<\/li>\n<li>Kahdensuuntainen p\u00e4\u00e4vetoketju<\/li>\n<li>Takaosan pituus (koko 38): n. 82 cm<\/li>\n<li>Vetoketjulliset taskut edess\u00e4<\/li>\n<li>Vetoketju suojattu kauluksessa<\/li>\n<li>Materiaali:\n<ul>\n<li>p\u00e4\u00e4llikangas ja vuori: 100% polyamidi<\/li>\n<li>T\u00e4yte: 90% untuva\/10% h\u00f6yhen<\/li>\n<\/ul>\n<\/li>\n<\/ul>\n","protected":false},"excerpt":{"rendered":"<p>Monik\u00e4ytt\u00f6inen ja ajaton naisten kevytuntuvatakki. V\u00e4likerroksen pukeutumista s\u00e4\u00e4telem\u00e4ll\u00e4 t\u00e4ll\u00e4 takilla p\u00e4rj\u00e4\u00e4 aina syksyst\u00e4 kev\u00e4\u00e4seen asti. RDS-sertifioitua untuvaa Viimeistelyk\u00e4sittely suojaa p\u00e4\u00e4llikangasta vesiliukoiselta lialta ja kosteudelta Kiinte\u00e4 huppu Kahdensuuntainen p\u00e4\u00e4vetoketju Takaosan pituus (koko 38): n. 82 cm Vetoketjulliset taskut edess\u00e4 Vetoketju suojattu kauluksessa Materiaali: p\u00e4\u00e4llikangas ja vuori: 100% polyamidi T\u00e4yte: 90% untuva\/10% h\u00f6yhen<\/p>\n","protected":false},"featured_media":19676,"template":"","meta":[],"product_brand":[1193],"product_cat":[85],"product_tag":[1261,1358,1213],"class_list":{"0":"post-3857","1":"product","2":"type-product","3":"status-publish","4":"has-post-thumbnail","6":"product_brand-mckinley","7":"product_cat-untuvatakit-naiset","8":"product_tag-naisten-toppa-asut","9":"product_tag-naisten-untuvatakit","10":"product_tag-naisten-vaatteet","12":"first","13":"instock","14":"sale","15":"taxable","16":"shipping-taxable","17":"purchasable","18":"product-type-variable"},"jetpack_sharing_enabled":true,"_links":{"self":[{"href":"https:\/\/www.niskanen.fi\/verkkokauppa\/wp-json\/wp\/v2\/product\/3857","targetHints":{"allow":["GET"]}}],"collection":[{"href":"https:\/\/www.niskanen.fi\/verkkokauppa\/wp-json\/wp\/v2\/product"}],"about":[{"href":"https:\/\/www.niskanen.fi\/verkkokauppa\/wp-json\/wp\/v2\/types\/product"}],"version-history":[{"count":1,"href":"https:\/\/www.niskanen.fi\/verkkokauppa\/wp-json\/wp\/v2\/product\/3857\/revisions"}],"predecessor-version":[{"id":21727,"href":"https:\/\/www.niskanen.fi\/verkkokauppa\/wp-json\/wp\/v2\/product\/3857\/revisions\/21727"}],"wp:featuredmedia":[{"embeddable":true,"href":"https:\/\/www.niskanen.fi\/verkkokauppa\/wp-json\/wp\/v2\/media\/19676"}],"wp:attachment":[{"href":"https:\/\/www.niskanen.fi\/verkkokauppa\/wp-json\/wp\/v2\/media?parent=3857"}],"wp:term":[{"taxonomy":"product_brand","embeddable":true,"href":"https:\/\/www.niskanen.fi\/verkkokauppa\/wp-json\/wp\/v2\/product_brand?post=3857"},{"taxonomy":"product_cat","embeddable":true,"href":"https:\/\/www.niskanen.fi\/verkkokauppa\/wp-json\/wp\/v2\/product_cat?post=3857"},{"taxonomy":"product_tag","embeddable":true,"href":"https:\/\/www.niskanen.fi\/verkkokauppa\/wp-json\/wp\/v2\/product_tag?post=3857"}],"curies":[{"name":"wp","href":"https:\/\/api.w.org\/{rel}","templated":true}]}}