{"id":3882,"date":"2025-10-29T18:29:30","date_gmt":"2025-10-29T16:29:30","guid":{"rendered":"https:\/\/www.niskanen.fi\/verkkokauppa\/?post_type=product&#038;p=3882"},"modified":"2026-04-15T15:40:28","modified_gmt":"2026-04-15T13:40:28","slug":"rukka-patamo-w-naisten-fleecetakki","status":"publish","type":"product","link":"https:\/\/www.niskanen.fi\/verkkokauppa\/tuote\/rukka-patamo-w-naisten-fleecetakki\/","title":{"rendered":"RUKKA PATAMO W -NAISTEN FLEECETAKKI"},"content":{"rendered":"<p>Fleecetakki naisille kahteen suuntaan joustavalla stretch-materiaalilla.<\/p>\n<p>A.W.S. ACTIVE -tuotteen suunnittelussa on kiinnitetty erityist\u00e4 huomiota toiminnallisuuteen ja mukavuuteen, joten se sopii sek\u00e4 aktiiviseen ett\u00e4 rentoon liikkumiseen.<\/p>\n<p>Ominaisuudet:<\/p>\n<ul>\n<li>Normaali mitoitus<\/li>\n<li>Elastiset hihansuut<\/li>\n<li>Kaksi vetoketjullista etutaskua<\/li>\n<li>Vetoketju edess\u00e4<\/li>\n<li>Vetoketjussa leukasuojus<\/li>\n<li>Joustava helma<\/li>\n<li>Tuotteessa on k\u00e4ytetty kierr\u00e4tettyj\u00e4 materiaaleja<\/li>\n<li>Materiaali: 100% polyesteri<\/li>\n<li>Takapituus (koko 38): 66cm<\/li>\n<\/ul>\n","protected":false},"excerpt":{"rendered":"<p>Fleecetakki naisille kahteen suuntaan joustavalla stretch-materiaalilla. A.W.S. ACTIVE -tuotteen suunnittelussa on kiinnitetty erityist\u00e4 huomiota toiminnallisuuteen ja mukavuuteen, joten se sopii sek\u00e4 aktiiviseen ett\u00e4 rentoon liikkumiseen. Ominaisuudet: Normaali mitoitus Elastiset hihansuut Kaksi vetoketjullista etutaskua Vetoketju edess\u00e4 Vetoketjussa leukasuojus Joustava helma Tuotteessa on k\u00e4ytetty kierr\u00e4tettyj\u00e4 materiaaleja Materiaali: 100% polyesteri Takapituus (koko 38): 66cm<\/p>\n","protected":false},"featured_media":20175,"template":"","meta":[],"product_brand":[1187],"product_cat":[141],"product_tag":[1272,1388,1213],"class_list":{"0":"post-3882","1":"product","2":"type-product","3":"status-publish","4":"has-post-thumbnail","6":"product_brand-rukka","7":"product_cat-fleecetakit-naiset","8":"product_tag-naisten-fleecet-ja-neuleet","9":"product_tag-naisten-fleecetakit","10":"product_tag-naisten-vaatteet","12":"first","13":"instock","14":"sale","15":"taxable","16":"shipping-taxable","17":"purchasable","18":"product-type-variable"},"jetpack_sharing_enabled":true,"_links":{"self":[{"href":"https:\/\/www.niskanen.fi\/verkkokauppa\/wp-json\/wp\/v2\/product\/3882","targetHints":{"allow":["GET"]}}],"collection":[{"href":"https:\/\/www.niskanen.fi\/verkkokauppa\/wp-json\/wp\/v2\/product"}],"about":[{"href":"https:\/\/www.niskanen.fi\/verkkokauppa\/wp-json\/wp\/v2\/types\/product"}],"version-history":[{"count":2,"href":"https:\/\/www.niskanen.fi\/verkkokauppa\/wp-json\/wp\/v2\/product\/3882\/revisions"}],"predecessor-version":[{"id":21726,"href":"https:\/\/www.niskanen.fi\/verkkokauppa\/wp-json\/wp\/v2\/product\/3882\/revisions\/21726"}],"wp:featuredmedia":[{"embeddable":true,"href":"https:\/\/www.niskanen.fi\/verkkokauppa\/wp-json\/wp\/v2\/media\/20175"}],"wp:attachment":[{"href":"https:\/\/www.niskanen.fi\/verkkokauppa\/wp-json\/wp\/v2\/media?parent=3882"}],"wp:term":[{"taxonomy":"product_brand","embeddable":true,"href":"https:\/\/www.niskanen.fi\/verkkokauppa\/wp-json\/wp\/v2\/product_brand?post=3882"},{"taxonomy":"product_cat","embeddable":true,"href":"https:\/\/www.niskanen.fi\/verkkokauppa\/wp-json\/wp\/v2\/product_cat?post=3882"},{"taxonomy":"product_tag","embeddable":true,"href":"https:\/\/www.niskanen.fi\/verkkokauppa\/wp-json\/wp\/v2\/product_tag?post=3882"}],"curies":[{"name":"wp","href":"https:\/\/api.w.org\/{rel}","templated":true}]}}