{"id":42339,"date":"2026-03-03T14:02:03","date_gmt":"2026-03-03T12:02:03","guid":{"rendered":"https:\/\/www.niskanen.fi\/verkkokauppa\/?post_type=product&#038;p=42339"},"modified":"2026-04-28T13:26:52","modified_gmt":"2026-04-28T11:26:52","slug":"jack-wolfskin-mahani-7-8-housut-w","status":"publish","type":"product","link":"https:\/\/www.niskanen.fi\/verkkokauppa\/tuote\/jack-wolfskin-mahani-7-8-housut-w\/","title":{"rendered":"JACK WOLFSKIN MAHANI 7\/8 HOUSUT W"},"content":{"rendered":"<p><strong>Jack Wolfskin Mahani 7\/8 Pants \u2013 naisten tekniset ulkoiluhousut aktiiviseen menoon ja vapaa\u2011aikaan.<\/strong><\/p>\n<p>N\u00e4m\u00e4 kevyet ja joustavat 7\/8\u2011mittaiset housut tarjoavat erinomaisen liikkumavapauden ja toimivat luotettavasti vaihtelevissa s\u00e4\u00e4olosuhteissa. TEXASHIELD CORE \u2011teknologia suojaa tuulelta ja hylkii kevytt\u00e4 kosteutta, samalla kun materiaali hengitt\u00e4\u00e4 hyvin. Integroitu UV\u2011suoja auttaa suojaamaan ihoa haitallisilta UVA\u2011 ja UVB\u2011s\u00e4teilt\u00e4.<\/p>\n<p>Keskikorkea, osittain joustava vy\u00f6t\u00e4r\u00f6 ja k\u00e4yt\u00e4nn\u00f6lliset taskut tekev\u00e4t housuista monik\u00e4ytt\u00f6iset niin arkeen kuin retkille. Paino koossa 40 on noin 0,31 kg.<\/p>\n<div>&nbsp;<\/div>\n<h3><strong>Ominaisuudet<\/strong><\/h3>\n<ul>\n<li>Naisten 7\/8\u2011mittaiset housut<\/li>\n<li>Regular fit<\/li>\n<li>Kevyt ja hengitt\u00e4v\u00e4 rakenne<\/li>\n<li>Joustava materiaali<\/li>\n<li>TEXASHIELD CORE \u2011teknologia<\/li>\n<li>Tuulta hylkiv\u00e4 ja kevyesti vett\u00e4hylkiv\u00e4<\/li>\n<li>Integroitu UV\u2011suoja (UVA &amp; UVB)<\/li>\n<li>2 k\u00e4sitaskua<\/li>\n<li>2 takataskua<\/li>\n<li>Vy\u00f6lenkit + karabiinilenkki<\/li>\n<li>Osittain joustava vy\u00f6t\u00e4r\u00f6<\/li>\n<li>Keskikorkea vy\u00f6t\u00e4r\u00f6<\/li>\n<li>Paino n. 0,31 kg (koko 40)<\/li>\n<li>P\u00e4\u00e4llinen: 100 % polyesteri<\/li>\n<li>Vuori: 100 % polyesteri<\/li>\n<\/ul>\n<div>&nbsp;<\/div>\n<h3><strong>Pesuohjeet<\/strong><\/h3>\n<ul>\n<li>Sulje vetoketjut ja kiinnitykset ennen pesua<\/li>\n<li>Pese samanv\u00e4risten kanssa<\/li>\n<li>\u00c4l\u00e4 k\u00e4yt\u00e4 huuhteluainetta<\/li>\n<li>L\u00e4mp\u00f6k\u00e4sittely suositeltava toiminnallisuuden palauttamiseksi<\/li>\n<\/ul>\n","protected":false},"excerpt":{"rendered":"<p>Jack Wolfskin Mahani 7\/8 Pants \u2013 naisten tekniset ulkoiluhousut aktiiviseen menoon ja vapaa\u2011aikaan. N\u00e4m\u00e4 kevyet ja joustavat 7\/8\u2011mittaiset housut tarjoavat erinomaisen liikkumavapauden ja toimivat luotettavasti vaihtelevissa s\u00e4\u00e4olosuhteissa. TEXASHIELD CORE \u2011teknologia suojaa tuulelta ja hylkii kevytt\u00e4 kosteutta, samalla kun materiaali hengitt\u00e4\u00e4 hyvin. Integroitu UV\u2011suoja auttaa suojaamaan ihoa haitallisilta UVA\u2011 ja UVB\u2011s\u00e4teilt\u00e4. Keskikorkea, osittain joustava vy\u00f6t\u00e4r\u00f6 ja [&hellip;]<\/p>\n","protected":false},"featured_media":121123,"template":"","meta":[],"product_brand":[1424],"product_cat":[1255,1433,53],"product_tag":[2099,1213,2119],"class_list":{"0":"post-42339","1":"product","2":"type-product","3":"status-publish","4":"has-post-thumbnail","6":"product_brand-jack-wolfskin","7":"product_cat-kaikki-naisten-vaatteet","8":"product_cat-naisten-ulkoiluasut","9":"product_cat-vapaa-ajanhousut-naiset","10":"product_tag-jack-wolfskin","11":"product_tag-naisten-vaatteet","12":"product_tag-vapaa-ajanhousut-naiset","14":"first","15":"instock","16":"taxable","17":"shipping-taxable","18":"purchasable","19":"product-type-variable"},"jetpack_sharing_enabled":true,"_links":{"self":[{"href":"https:\/\/www.niskanen.fi\/verkkokauppa\/wp-json\/wp\/v2\/product\/42339","targetHints":{"allow":["GET"]}}],"collection":[{"href":"https:\/\/www.niskanen.fi\/verkkokauppa\/wp-json\/wp\/v2\/product"}],"about":[{"href":"https:\/\/www.niskanen.fi\/verkkokauppa\/wp-json\/wp\/v2\/types\/product"}],"version-history":[{"count":2,"href":"https:\/\/www.niskanen.fi\/verkkokauppa\/wp-json\/wp\/v2\/product\/42339\/revisions"}],"predecessor-version":[{"id":121131,"href":"https:\/\/www.niskanen.fi\/verkkokauppa\/wp-json\/wp\/v2\/product\/42339\/revisions\/121131"}],"wp:featuredmedia":[{"embeddable":true,"href":"https:\/\/www.niskanen.fi\/verkkokauppa\/wp-json\/wp\/v2\/media\/121123"}],"wp:attachment":[{"href":"https:\/\/www.niskanen.fi\/verkkokauppa\/wp-json\/wp\/v2\/media?parent=42339"}],"wp:term":[{"taxonomy":"product_brand","embeddable":true,"href":"https:\/\/www.niskanen.fi\/verkkokauppa\/wp-json\/wp\/v2\/product_brand?post=42339"},{"taxonomy":"product_cat","embeddable":true,"href":"https:\/\/www.niskanen.fi\/verkkokauppa\/wp-json\/wp\/v2\/product_cat?post=42339"},{"taxonomy":"product_tag","embeddable":true,"href":"https:\/\/www.niskanen.fi\/verkkokauppa\/wp-json\/wp\/v2\/product_tag?post=42339"}],"curies":[{"name":"wp","href":"https:\/\/api.w.org\/{rel}","templated":true}]}}