{"id":42412,"date":"2026-03-03T14:04:46","date_gmt":"2026-03-03T12:04:46","guid":{"rendered":"https:\/\/www.niskanen.fi\/verkkokauppa\/?post_type=product&#038;p=42412"},"modified":"2026-04-21T12:25:16","modified_gmt":"2026-04-21T10:25:16","slug":"puma-w-cloudspun-lana-skirt-16-hame","status":"publish","type":"product","link":"https:\/\/www.niskanen.fi\/verkkokauppa\/tuote\/puma-w-cloudspun-lana-skirt-16-hame\/","title":{"rendered":"PUMA W CLOUDSPUN LANA SKIRT 16 HAME"},"content":{"rendered":"<p>T\u00e4m\u00e4 PUMA\u2011hame on suunniteltu golfiin, mutta sen mukavuus ja tyyli toimivat loistavasti my\u00f6s vapaa\u2011ajalla. CLOUDSPUN\u2011materiaali tarjoaa poikkeuksellisen pehme\u00e4n tuntuman, nelisuuntaisen jouston ja tehokkaan kosteudensiirron \u2013 t\u00e4ydellinen yhdistelm\u00e4 18 rei\u00e4n kierrokselle tai aktiiviseen p\u00e4iv\u00e4\u00e4n. Sis\u00e4shortsit lis\u00e4\u00e4v\u00e4t k\u00e4ytt\u00f6mukavuutta ja varmuutta liikkeess\u00e4, ja k\u00e4yt\u00e4nn\u00f6lliset taskut pit\u00e4v\u00e4t pienet tavarat mukana.<\/p>\n<h3><strong>Ominaisuudet<\/strong><\/h3>\n<ul>\n<li>Eritt\u00e4in pehme\u00e4 CLOUDSPUN\u2011materiaali<\/li>\n<li>Nelisuuntainen jousto<\/li>\n<li>Kosteutta siirt\u00e4v\u00e4 ja hengitt\u00e4v\u00e4<\/li>\n<li>Sis\u00e4shortsit lis\u00e4\u00e4v\u00e4t mukavuutta<\/li>\n<li>Taskut k\u00e4yt\u00e4nn\u00f6lliseen s\u00e4ilytykseen<\/li>\n<li><strong>Pituus:<\/strong> 16&#8243;<\/li>\n<li><strong>Materiaali:<\/strong> 85 % kierr\u00e4tetty polyesteri, 15 % elastaani<\/li>\n<\/ul>\n<p>&nbsp;<\/p>\n","protected":false},"excerpt":{"rendered":"<p>T\u00e4m\u00e4 PUMA\u2011hame on suunniteltu golfiin, mutta sen mukavuus ja tyyli toimivat loistavasti my\u00f6s vapaa\u2011ajalla. CLOUDSPUN\u2011materiaali tarjoaa poikkeuksellisen pehme\u00e4n tuntuman, nelisuuntaisen jouston ja tehokkaan kosteudensiirron \u2013 t\u00e4ydellinen yhdistelm\u00e4 18 rei\u00e4n kierrokselle tai aktiiviseen p\u00e4iv\u00e4\u00e4n. Sis\u00e4shortsit lis\u00e4\u00e4v\u00e4t k\u00e4ytt\u00f6mukavuutta ja varmuutta liikkeess\u00e4, ja k\u00e4yt\u00e4nn\u00f6lliset taskut pit\u00e4v\u00e4t pienet tavarat mukana. Ominaisuudet Eritt\u00e4in pehme\u00e4 CLOUDSPUN\u2011materiaali Nelisuuntainen jousto Kosteutta siirt\u00e4v\u00e4 ja [&hellip;]<\/p>\n","protected":false},"featured_media":62797,"template":"","meta":[],"product_brand":[1205],"product_cat":[855,1255,160],"product_tag":[1395,2002],"class_list":{"0":"post-42412","1":"product","2":"type-product","3":"status-publish","4":"has-post-thumbnail","6":"product_brand-puma","7":"product_cat-hameet-ja-mekot","8":"product_cat-kaikki-naisten-vaatteet","9":"product_cat-vapaa-ajan-hameet","10":"product_tag-naisten-hameet-ja-mekot","11":"product_tag-puma","13":"first","14":"instock","15":"taxable","16":"shipping-taxable","17":"purchasable","18":"product-type-variable"},"jetpack_sharing_enabled":true,"_links":{"self":[{"href":"https:\/\/www.niskanen.fi\/verkkokauppa\/wp-json\/wp\/v2\/product\/42412","targetHints":{"allow":["GET"]}}],"collection":[{"href":"https:\/\/www.niskanen.fi\/verkkokauppa\/wp-json\/wp\/v2\/product"}],"about":[{"href":"https:\/\/www.niskanen.fi\/verkkokauppa\/wp-json\/wp\/v2\/types\/product"}],"version-history":[{"count":2,"href":"https:\/\/www.niskanen.fi\/verkkokauppa\/wp-json\/wp\/v2\/product\/42412\/revisions"}],"predecessor-version":[{"id":62803,"href":"https:\/\/www.niskanen.fi\/verkkokauppa\/wp-json\/wp\/v2\/product\/42412\/revisions\/62803"}],"wp:featuredmedia":[{"embeddable":true,"href":"https:\/\/www.niskanen.fi\/verkkokauppa\/wp-json\/wp\/v2\/media\/62797"}],"wp:attachment":[{"href":"https:\/\/www.niskanen.fi\/verkkokauppa\/wp-json\/wp\/v2\/media?parent=42412"}],"wp:term":[{"taxonomy":"product_brand","embeddable":true,"href":"https:\/\/www.niskanen.fi\/verkkokauppa\/wp-json\/wp\/v2\/product_brand?post=42412"},{"taxonomy":"product_cat","embeddable":true,"href":"https:\/\/www.niskanen.fi\/verkkokauppa\/wp-json\/wp\/v2\/product_cat?post=42412"},{"taxonomy":"product_tag","embeddable":true,"href":"https:\/\/www.niskanen.fi\/verkkokauppa\/wp-json\/wp\/v2\/product_tag?post=42412"}],"curies":[{"name":"wp","href":"https:\/\/api.w.org\/{rel}","templated":true}]}}