{"id":42598,"date":"2026-03-03T14:14:56","date_gmt":"2026-03-03T12:14:56","guid":{"rendered":"https:\/\/www.niskanen.fi\/verkkokauppa\/?post_type=product&#038;p=42598"},"modified":"2026-04-28T11:34:10","modified_gmt":"2026-04-28T09:34:10","slug":"peak-performance-w-outdoor-cargo-housut","status":"publish","type":"product","link":"https:\/\/www.niskanen.fi\/verkkokauppa\/tuote\/peak-performance-w-outdoor-cargo-housut\/","title":{"rendered":"PEAK PERFORMANCE W OUTDOOR CARGO HOUSUT"},"content":{"rendered":"<p><strong>Naisten vaellushousut monipuoliseen ulkoiluun ja jokap\u00e4iv\u00e4iseen k\u00e4ytt\u00f6\u00f6n.<\/strong><\/p>\n<p>Kevyt, joustava ja vett\u00e4 hylkiv\u00e4 materiaali tekee housuista mukavat ja k\u00e4yt\u00e4nn\u00f6lliset niin vuoristoreiteille kuin arjen menoihin. Suora ja rento malli tarjoaa liikkumavapautta, ja s\u00e4\u00e4dett\u00e4v\u00e4 sek\u00e4 joustava vy\u00f6t\u00e4r\u00f6 varmistaa hyv\u00e4n istuvuuden koko p\u00e4iv\u00e4n ajan.<\/p>\n<p><strong>Istuvuus ja ominaisuudet:<\/strong><\/p>\n<ul>\n<li>Rento istuvuus<\/li>\n<li>Keskikorkea vy\u00f6t\u00e4r\u00f6<\/li>\n<li>T\u00e4yspitk\u00e4 lahje<\/li>\n<li>Suora\/leve\u00e4 lahje<\/li>\n<li>S\u00e4\u00e4dett\u00e4v\u00e4 ja joustava vy\u00f6t\u00e4r\u00f6<\/li>\n<li>Kevyt, joustava ja vett\u00e4 hylkiv\u00e4 kangas<\/li>\n<\/ul>\n","protected":false},"excerpt":{"rendered":"<p>Naisten vaellushousut monipuoliseen ulkoiluun ja jokap\u00e4iv\u00e4iseen k\u00e4ytt\u00f6\u00f6n. Kevyt, joustava ja vett\u00e4 hylkiv\u00e4 materiaali tekee housuista mukavat ja k\u00e4yt\u00e4nn\u00f6lliset niin vuoristoreiteille kuin arjen menoihin. Suora ja rento malli tarjoaa liikkumavapautta, ja s\u00e4\u00e4dett\u00e4v\u00e4 sek\u00e4 joustava vy\u00f6t\u00e4r\u00f6 varmistaa hyv\u00e4n istuvuuden koko p\u00e4iv\u00e4n ajan. Istuvuus ja ominaisuudet: Rento istuvuus Keskikorkea vy\u00f6t\u00e4r\u00f6 T\u00e4yspitk\u00e4 lahje Suora\/leve\u00e4 lahje S\u00e4\u00e4dett\u00e4v\u00e4 ja joustava vy\u00f6t\u00e4r\u00f6 [&hellip;]<\/p>\n","protected":false},"featured_media":121065,"template":"","meta":[],"product_brand":[1210],"product_cat":[1255,1433,46],"product_tag":[1258,2064],"class_list":{"0":"post-42598","1":"product","2":"type-product","3":"status-publish","4":"has-post-thumbnail","6":"product_brand-peak-performance","7":"product_cat-kaikki-naisten-vaatteet","8":"product_cat-naisten-ulkoiluasut","9":"product_cat-ulkoiluhousut-naiset","10":"product_tag-naisten-ulkoiluhousut","11":"product_tag-peak-performance","13":"first","14":"instock","15":"taxable","16":"shipping-taxable","17":"purchasable","18":"product-type-variable"},"jetpack_sharing_enabled":true,"_links":{"self":[{"href":"https:\/\/www.niskanen.fi\/verkkokauppa\/wp-json\/wp\/v2\/product\/42598","targetHints":{"allow":["GET"]}}],"collection":[{"href":"https:\/\/www.niskanen.fi\/verkkokauppa\/wp-json\/wp\/v2\/product"}],"about":[{"href":"https:\/\/www.niskanen.fi\/verkkokauppa\/wp-json\/wp\/v2\/types\/product"}],"version-history":[{"count":2,"href":"https:\/\/www.niskanen.fi\/verkkokauppa\/wp-json\/wp\/v2\/product\/42598\/revisions"}],"predecessor-version":[{"id":121070,"href":"https:\/\/www.niskanen.fi\/verkkokauppa\/wp-json\/wp\/v2\/product\/42598\/revisions\/121070"}],"wp:featuredmedia":[{"embeddable":true,"href":"https:\/\/www.niskanen.fi\/verkkokauppa\/wp-json\/wp\/v2\/media\/121065"}],"wp:attachment":[{"href":"https:\/\/www.niskanen.fi\/verkkokauppa\/wp-json\/wp\/v2\/media?parent=42598"}],"wp:term":[{"taxonomy":"product_brand","embeddable":true,"href":"https:\/\/www.niskanen.fi\/verkkokauppa\/wp-json\/wp\/v2\/product_brand?post=42598"},{"taxonomy":"product_cat","embeddable":true,"href":"https:\/\/www.niskanen.fi\/verkkokauppa\/wp-json\/wp\/v2\/product_cat?post=42598"},{"taxonomy":"product_tag","embeddable":true,"href":"https:\/\/www.niskanen.fi\/verkkokauppa\/wp-json\/wp\/v2\/product_tag?post=42598"}],"curies":[{"name":"wp","href":"https:\/\/api.w.org\/{rel}","templated":true}]}}