{"id":42900,"date":"2026-03-04T12:06:11","date_gmt":"2026-03-04T10:06:11","guid":{"rendered":"https:\/\/www.niskanen.fi\/verkkokauppa\/?post_type=product&#038;p=42900"},"modified":"2026-04-24T02:49:02","modified_gmt":"2026-04-24T00:49:02","slug":"puma-future-9-mg-pr-jalkapallokengat","status":"publish","type":"product","link":"https:\/\/www.niskanen.fi\/verkkokauppa\/tuote\/puma-future-9-mg-pr-jalkapallokengat\/","title":{"rendered":"PUMA FUTURE 9 MG PR JALKAPALLOKENG\u00c4T"},"content":{"rendered":"<p>Puma Future 9 MG Pr jalkapallokeng\u00e4n kaksikerroksinen p\u00e4\u00e4llinen yhdist\u00e4\u00e4 pehme\u00e4n vuorin, joustavan neulotun kauluksen ja PWRTAPE-tukinauhan, ja se istuu jalkaan kuin toinen iho.<\/p>\n<p>P\u00e4\u00e4llisen 3D-kohokuvioidut alueet takaavat paremman pallonhallinnan, jotta jokainen kosketus on tarkka . Kevyt ja matala, moninappulainen PEBA-ulkopohja sopii sek\u00e4 keinonurmelle (3G) ett\u00e4 kovalle luonnonnurmelle.<\/p>\n","protected":false},"excerpt":{"rendered":"<p>Puma Future 9 MG Pr jalkapallokeng\u00e4n kaksikerroksinen p\u00e4\u00e4llinen yhdist\u00e4\u00e4 pehme\u00e4n vuorin, joustavan neulotun kauluksen ja PWRTAPE-tukinauhan, ja se istuu jalkaan kuin toinen iho. P\u00e4\u00e4llisen 3D-kohokuvioidut alueet takaavat paremman pallonhallinnan, jotta jokainen kosketus on tarkka . Kevyt ja matala, moninappulainen PEBA-ulkopohja sopii sek\u00e4 keinonurmelle (3G) ett\u00e4 kovalle luonnonnurmelle.<\/p>\n","protected":false},"featured_media":43029,"template":"","meta":[],"product_brand":[1205],"product_cat":[2015,942,943,2016],"product_tag":[1984,1279,2003,2002],"class_list":{"0":"post-42900","1":"product","2":"type-product","3":"status-publish","4":"has-post-thumbnail","6":"product_brand-puma","7":"product_cat-jalkapallo","8":"product_cat-jalkapallokengat","9":"product_cat-jalkapallokengat-ulkokentta-aikuisten","10":"product_cat-lajituotteet","11":"product_tag-jalkapallokengat","12":"product_tag-miesten-kengat","13":"product_tag-nappikset","14":"product_tag-puma","16":"first","17":"instock","18":"taxable","19":"shipping-taxable","20":"purchasable","21":"product-type-variable"},"jetpack_sharing_enabled":true,"_links":{"self":[{"href":"https:\/\/www.niskanen.fi\/verkkokauppa\/wp-json\/wp\/v2\/product\/42900","targetHints":{"allow":["GET"]}}],"collection":[{"href":"https:\/\/www.niskanen.fi\/verkkokauppa\/wp-json\/wp\/v2\/product"}],"about":[{"href":"https:\/\/www.niskanen.fi\/verkkokauppa\/wp-json\/wp\/v2\/types\/product"}],"version-history":[{"count":3,"href":"https:\/\/www.niskanen.fi\/verkkokauppa\/wp-json\/wp\/v2\/product\/42900\/revisions"}],"predecessor-version":[{"id":64229,"href":"https:\/\/www.niskanen.fi\/verkkokauppa\/wp-json\/wp\/v2\/product\/42900\/revisions\/64229"}],"wp:featuredmedia":[{"embeddable":true,"href":"https:\/\/www.niskanen.fi\/verkkokauppa\/wp-json\/wp\/v2\/media\/43029"}],"wp:attachment":[{"href":"https:\/\/www.niskanen.fi\/verkkokauppa\/wp-json\/wp\/v2\/media?parent=42900"}],"wp:term":[{"taxonomy":"product_brand","embeddable":true,"href":"https:\/\/www.niskanen.fi\/verkkokauppa\/wp-json\/wp\/v2\/product_brand?post=42900"},{"taxonomy":"product_cat","embeddable":true,"href":"https:\/\/www.niskanen.fi\/verkkokauppa\/wp-json\/wp\/v2\/product_cat?post=42900"},{"taxonomy":"product_tag","embeddable":true,"href":"https:\/\/www.niskanen.fi\/verkkokauppa\/wp-json\/wp\/v2\/product_tag?post=42900"}],"curies":[{"name":"wp","href":"https:\/\/api.w.org\/{rel}","templated":true}]}}