{"id":49253,"date":"2026-03-06T15:06:43","date_gmt":"2026-03-06T13:06:43","guid":{"rendered":"https:\/\/www.niskanen.fi\/verkkokauppa\/?post_type=product&#038;p=49253"},"modified":"2026-04-21T13:01:14","modified_gmt":"2026-04-21T11:01:14","slug":"mckinley-kim-rain-cape-sadeviitta","status":"publish","type":"product","link":"https:\/\/www.niskanen.fi\/verkkokauppa\/tuote\/mckinley-kim-rain-cape-sadeviitta\/","title":{"rendered":"MCKINLEY KIM RAIN CAPE SADEVIITTA"},"content":{"rendered":"<p>Kim on k\u00e4yt\u00e4nn\u00f6llinen McKinleyn sadeponcho sateisiin p\u00e4iviin. Siin\u00e4 on 3000 mm vedenpit\u00e4vyys ja t\u00e4ysin teipatut saumat, jotka suojaavat kosteudelta. Ponchon etupuolella on vetoketjullinen tasku ja se voidaan pakata pieneen tilaan omaan taskuunsa.<\/p>\n","protected":false},"excerpt":{"rendered":"<p>Kim on k\u00e4yt\u00e4nn\u00f6llinen McKinleyn sadeponcho sateisiin p\u00e4iviin. Siin\u00e4 on 3000 mm vedenpit\u00e4vyys ja t\u00e4ysin teipatut saumat, jotka suojaavat kosteudelta. Ponchon etupuolella on vetoketjullinen tasku ja se voidaan pakata pieneen tilaan omaan taskuunsa.<\/p>\n","protected":false},"featured_media":50089,"template":"","meta":[],"product_brand":[1193],"product_cat":[28,797,55],"product_tag":[1217],"class_list":{"0":"post-49253","1":"product","2":"type-product","3":"status-publish","4":"has-post-thumbnail","6":"product_brand-mckinley","7":"product_cat-retkeilyvaatteet","8":"product_cat-sadeasut-miehet","9":"product_cat-sadevaatteet","10":"product_tag-miesten-vaatteet","12":"first","13":"instock","14":"taxable","15":"shipping-taxable","16":"purchasable","17":"product-type-variable"},"jetpack_sharing_enabled":true,"_links":{"self":[{"href":"https:\/\/www.niskanen.fi\/verkkokauppa\/wp-json\/wp\/v2\/product\/49253","targetHints":{"allow":["GET"]}}],"collection":[{"href":"https:\/\/www.niskanen.fi\/verkkokauppa\/wp-json\/wp\/v2\/product"}],"about":[{"href":"https:\/\/www.niskanen.fi\/verkkokauppa\/wp-json\/wp\/v2\/types\/product"}],"version-history":[{"count":2,"href":"https:\/\/www.niskanen.fi\/verkkokauppa\/wp-json\/wp\/v2\/product\/49253\/revisions"}],"predecessor-version":[{"id":50091,"href":"https:\/\/www.niskanen.fi\/verkkokauppa\/wp-json\/wp\/v2\/product\/49253\/revisions\/50091"}],"wp:featuredmedia":[{"embeddable":true,"href":"https:\/\/www.niskanen.fi\/verkkokauppa\/wp-json\/wp\/v2\/media\/50089"}],"wp:attachment":[{"href":"https:\/\/www.niskanen.fi\/verkkokauppa\/wp-json\/wp\/v2\/media?parent=49253"}],"wp:term":[{"taxonomy":"product_brand","embeddable":true,"href":"https:\/\/www.niskanen.fi\/verkkokauppa\/wp-json\/wp\/v2\/product_brand?post=49253"},{"taxonomy":"product_cat","embeddable":true,"href":"https:\/\/www.niskanen.fi\/verkkokauppa\/wp-json\/wp\/v2\/product_cat?post=49253"},{"taxonomy":"product_tag","embeddable":true,"href":"https:\/\/www.niskanen.fi\/verkkokauppa\/wp-json\/wp\/v2\/product_tag?post=49253"}],"curies":[{"name":"wp","href":"https:\/\/api.w.org\/{rel}","templated":true}]}}