{"id":50484,"date":"2026-03-10T10:03:18","date_gmt":"2026-03-10T08:03:18","guid":{"rendered":"https:\/\/www.niskanen.fi\/verkkokauppa\/?post_type=product&#038;p=50484"},"modified":"2026-04-15T15:10:24","modified_gmt":"2026-04-15T13:10:24","slug":"brooks-glycerin-23-m-juoksukengat","status":"publish","type":"product","link":"https:\/\/www.niskanen.fi\/verkkokauppa\/tuote\/brooks-glycerin-23-m-juoksukengat\/","title":{"rendered":"BROOKS GLYCERIN 23 M JUOKSUKENG\u00c4T"},"content":{"rendered":"<p>Brooks Glycerin 23 on neutraali juoksukenk\u00e4, joka tarjoaa ylellisen pehme\u00e4n tuntuman niin p\u00e4ivitt\u00e4isiin harjoituksiin, pitkille lenkeille kuin palauttaviin juoksuihin. P\u00e4ivitetty DNA TUNED -v\u00e4lipohja hy\u00f6dynt\u00e4\u00e4 typpi\u2011infusoitua materiaalia, joka on s\u00e4\u00e4detty erikseen kannan pehmeisiin laskeutumisiin ja p\u00e4ki\u00e4n dynaamisiin ponnistuksiin. Leve\u00e4 pohjan alusta ja hienos\u00e4\u00e4detty vaimennus luovat luonnollista vakautta ilman perinteisi\u00e4 tukirakenteita.<\/p>\n<p>Kolmikerroksinen jacquard\u2011neulosp\u00e4\u00e4llinen tarjoaa entist\u00e4 paremman hengitt\u00e4vyyden, pehmeyden ja mukautuvuuden. Kest\u00e4v\u00e4 kumipohja takaa erinomaisen pidon ja suojaa v\u00e4lipohjaa kulumiselta, tehden Glycerin 23:sta pitk\u00e4ik\u00e4isen ja miellytt\u00e4v\u00e4n kumppanin monille kilometreille.<\/p>\n","protected":false},"excerpt":{"rendered":"<p>Brooks Glycerin 23 on neutraali juoksukenk\u00e4, joka tarjoaa ylellisen pehme\u00e4n tuntuman niin p\u00e4ivitt\u00e4isiin harjoituksiin, pitkille lenkeille kuin palauttaviin juoksuihin. P\u00e4ivitetty DNA TUNED -v\u00e4lipohja hy\u00f6dynt\u00e4\u00e4 typpi\u2011infusoitua materiaalia, joka on s\u00e4\u00e4detty erikseen kannan pehmeisiin laskeutumisiin ja p\u00e4ki\u00e4n dynaamisiin ponnistuksiin. Leve\u00e4 pohjan alusta ja hienos\u00e4\u00e4detty vaimennus luovat luonnollista vakautta ilman perinteisi\u00e4 tukirakenteita. Kolmikerroksinen jacquard\u2011neulosp\u00e4\u00e4llinen tarjoaa entist\u00e4 paremman hengitt\u00e4vyyden, [&hellip;]<\/p>\n","protected":false},"featured_media":60822,"template":"","meta":[],"product_brand":[1312],"product_cat":[903],"product_tag":[2013,2014],"class_list":{"0":"post-50484","1":"product","2":"type-product","3":"status-publish","4":"has-post-thumbnail","6":"product_brand-brooks","7":"product_cat-juoksukengat-miehet","8":"product_tag-brooks","9":"product_tag-juoksukengat","11":"first","12":"instock","13":"taxable","14":"shipping-taxable","15":"purchasable","16":"product-type-variable"},"jetpack_sharing_enabled":true,"_links":{"self":[{"href":"https:\/\/www.niskanen.fi\/verkkokauppa\/wp-json\/wp\/v2\/product\/50484","targetHints":{"allow":["GET"]}}],"collection":[{"href":"https:\/\/www.niskanen.fi\/verkkokauppa\/wp-json\/wp\/v2\/product"}],"about":[{"href":"https:\/\/www.niskanen.fi\/verkkokauppa\/wp-json\/wp\/v2\/types\/product"}],"version-history":[{"count":2,"href":"https:\/\/www.niskanen.fi\/verkkokauppa\/wp-json\/wp\/v2\/product\/50484\/revisions"}],"predecessor-version":[{"id":60828,"href":"https:\/\/www.niskanen.fi\/verkkokauppa\/wp-json\/wp\/v2\/product\/50484\/revisions\/60828"}],"wp:featuredmedia":[{"embeddable":true,"href":"https:\/\/www.niskanen.fi\/verkkokauppa\/wp-json\/wp\/v2\/media\/60822"}],"wp:attachment":[{"href":"https:\/\/www.niskanen.fi\/verkkokauppa\/wp-json\/wp\/v2\/media?parent=50484"}],"wp:term":[{"taxonomy":"product_brand","embeddable":true,"href":"https:\/\/www.niskanen.fi\/verkkokauppa\/wp-json\/wp\/v2\/product_brand?post=50484"},{"taxonomy":"product_cat","embeddable":true,"href":"https:\/\/www.niskanen.fi\/verkkokauppa\/wp-json\/wp\/v2\/product_cat?post=50484"},{"taxonomy":"product_tag","embeddable":true,"href":"https:\/\/www.niskanen.fi\/verkkokauppa\/wp-json\/wp\/v2\/product_tag?post=50484"}],"curies":[{"name":"wp","href":"https:\/\/api.w.org\/{rel}","templated":true}]}}